{"id":83451,"date":"2025-03-26T11:34:32","date_gmt":"2025-03-26T09:34:32","guid":{"rendered":"https:\/\/www.schmolke-carbon.com\/?post_type=product&#038;p=83451"},"modified":"2025-12-18T18:23:43","modified_gmt":"2025-12-18T16:23:43","slug":"sl-37-tlr-disc-mit-dt-swiss-240-naben","status":"publish","type":"product","link":"https:\/\/www.schmolke-carbon.com\/de\/produkt\/sl-37-tlr-disc-mit-dt-swiss-240-naben\/","title":{"rendered":"SL 37 TLR Disc \/ 1K \/ DT Swiss 240 Naben"},"content":{"rendered":"<h4><strong>Der neue SL 37: wendig, steif und g\u00fcnstig<\/strong><\/h4>\n<h4><strong>U-Shape<\/strong><\/h4>\n<p>F\u00fcr beste Performance bei hohen Geschwindigkeiten \u2013 der aerodynamische U-Shape wurde sukzessive optimiert um die besten aerodynamischen Eigenschaften zu erm\u00f6glichen. Um den Shape unter Speichenspannung nicht zu deformieren, muss mehr Material mit verschiedenen Faserorientierungen angeh\u00e4uft werden \u2013 trotzdem konnte dieses sensationelle Gewicht bei bew\u00e4hrter Stabilit\u00e4t erreicht werden.  <\/p>\n<h4><strong>Maulweite<\/strong><\/h4>\n<p>22,3 mm \u2013 Die besten aerodynamischen Eigenschaften werden mit einer Reifenbreite von 28 mm erreicht.<\/p>\n<h4><strong>Naben unseres Vertrauens<\/strong><\/h4>\n<p>DT Swiss \u2013 Seit Jahren vertrauen wir auf die Qualit\u00e4t und Langlebigkeit der DT Swiss 240 Nabe, f\u00fcr unsere SL-Reihe. Gepaart mit dem geringen Gewicht ist die DT Swiss 240 Nabe das perfekte Match, aller, f\u00fcr Schmolke Standards, wichtigen Parameter. Das \u00e4u\u00dferst zuverl\u00e4ssige Freilaufsystem sorgt f\u00fcr die direkte Kraft\u00fcbertragung auch bei h\u00f6chsten Belastungen. Leichtlaufende Lager liefern mit ihrem extrem geringen Rollwiderstand einen deutlichen Vorsprung.   <\/p>\n<h4 id=\"tw-target-text\" class=\"tw-data-text tw-text-large tw-ta\" dir=\"ltr\" data-placeholder=\"\u00dcbersetzung\" data-ved=\"2ahUKEwiu26rj-7CKAxVGyAIHHbSZFsAQ3ewLegQIChAU\" aria-label=\"\u00dcbersetzter Text: Everything carbon: including the spokes In order to still be able to achieve our weight specifications, only carbon spokes were considered from the start. Spokes only absorb tensile forces, which is why carbon, with its up to four times higher tensile strength than steel, is of course perfect here and enables higher preload. The biggest challenge is the application of force. We achieve this with perfectly connected titanium end pieces. The lateral stiffness of the wheels is incredibly high despite their low weight. The fatigue strength of carbon is also significantly higher than that of steel, which of course makes the spokes much more durable, especially with the constant loading and unloading during each wheel revolution. Furthermore, the damping properties of the carbon fibers also lead to noticeably softer rolling of the wheels.\"><strong><span class=\"Y2IQFc\" lang=\"en\">SAPIM Speichen<\/span><\/strong><\/h4>\n<p>Wir verwenden f\u00fcr alle unsere R\u00e4der Stahlspeichen des belgischen Herstellers SAPIM. Mit der von uns verbauten CX-Ray Messerspeiche ist es SAPIM gelungen, eine au\u00dfergew\u00f6hnliche Speiche zu entwickeln. Neben seinem geringen Gewicht zeichnet es sich durch eine au\u00dfergew\u00f6hnliche Belastbarkeit und Flexibilit\u00e4t aus. Daraus ergibt sich auch der gro\u00dfe Einsatzbereich. Egal ob Rennrad-, Gravel- oder MTB-Laufradsatz, alle profitieren von diesen positiven Eigenschaften. Dar\u00fcber hinaus sorgt der abgeflachte Mittelteil f\u00fcr eine hervorragende Aerodynamik. Die hohe Qualit\u00e4t der Materialien erm\u00f6glicht den Bau stabiler R\u00e4der und garantiert eine lange Lebensdauer.      <\/p>\n<h4><strong>Welches Freilaufsystem ben\u00f6tige ich?<\/strong><\/h4>\n<p>Bevor Sie bestellen, sollten Sie sich dar\u00fcber im Klaren sein, von welcher Marke die an Ihrem Fahrrad verbaute Schaltung ist. Dies bestimmt, welchen Freilaufk\u00f6rper Sie bestellen sollten. <\/p>\n<p>Shimano \u2013 solltest du eine Shimano Schaltung verbaut haben, w\u00e4hle bitte Shimano (HG-11) als Freilaufk\u00f6rper aus. Auch bei der neuen 12-fach Schaltung kann die Kassette ohne Probleme, weiter auf dem herk\u00f6mmliche HG-11 Freilaufk\u00f6rper verbaut werden. <\/p>\n<p>SRAM \u2013 ist bei deinem Rad eine SRAM Gruppe mit 11-Fach Kassette verbaut, w\u00e4hle den Freilaufk\u00f6rper Shimano HG-11. Die neueren 12-fach AXS Schaltungen aus dem Hause SRAM ben\u00f6tigen zur Montage den Freilaufk\u00f6rper XDR, bei dem die Kassette in einem St\u00fcck auf den Body geschraubt wird. <\/p>\n<p>Campagnolo \u2013 hast du eine Campagnolo 12-fach Schaltung verbaut, bitten wir dich den Freilaufk\u00f6rper \u201eCampagnolo\u201c bei der Bestellung auszuw\u00e4hlen.<\/p>\n<h4><strong>Agil und g\u00fcnstig<\/strong><\/h4>\n<p>Mit ihrem agilen Charakter sind die Laufr\u00e4der geboren f\u00fcr die Berge und f\u00fcr das wellige Marathon-Terrain. Dank ihrer hohen Seitensteifigkeit kommt jedes Watt direkt auf die Stra\u00dfe. Die SL 37 Laufr\u00e4der lassen sich sehr pr\u00e4zise lenken und geben ein ruhiges Gef\u00fchl auf schnellen Bergabfahrten. Bei hohen Geschwindigkeiten vermittelt die geringe Windanf\u00e4lligkeit zudem ein hohes Sicherheitsgef\u00fchl. Und das alles zu einem unschlagbar g\u00fcnstigen Preis!<\/p>\n<p><a href=\"https:\/\/www.schmolke-carbon.com\/de\/qualitaet-service\/montageanleitungen\/#roadbikes\">Montageanleitung<\/a> f\u00fcr SL 37 TLR Disc Laufradsatz<\/p>\n","protected":false},"excerpt":{"rendered":"<p><strong>Hooked Felge:<\/strong> 37 mm Tubeless Ready <span class=\"Y2IQFc\" lang=\"en\">asymmetrisch <\/span>\/ 24 Loch<\/p>\n<p><strong>Maximaler Reifendruck (mm\/bar): <\/strong>25\/8,5 \u2013 28\/7,5 \u2013 30\/7 \u2013 32\/6,5<\/p>\n<p><strong>Felgenbreite:<\/strong> 28 mm \/ <strong>Maulweite: <\/strong>22,3 mm<\/p>\n<p><strong>Nabe:<\/strong> DT Swiss 240 Centerlock<\/p>\n<p><strong>Kompatibilit\u00e4t:<\/strong> Vorne 100 mm \/ Hinten 142 mm, Steckachse 12 mm<\/p>\n<p><strong>Speichen:<\/strong> SAPIM CX Ray 2.0<\/p>\n<p><strong>Gesamtgewicht<\/strong>: 1.210 g<\/p>\n<p><strong>Felgengewicht:<\/strong> ca. 325 g (je Felge)<\/p>\n<p><strong>Oberfl\u00e4che<\/strong>: 1K-Gewebe mit schwarzen oder wei\u00dfen Logos<\/p>\n<p><strong>Max. Systemgewicht:<\/strong> 110 kg<\/p>\n<p><strong>Vorlaufzeit der Lieferung: Bestellen Sie noch heute einen Laufradsatz und wir werden ihn innerhalb von 2 Tagen montieren und versenden!<\/strong><\/p>\n","protected":false},"featured_media":83572,"comment_status":"open","ping_status":"closed","template":"","meta":{"_acf_changed":false},"product_brand":[],"product_cat":[3432,3836,3927,3968],"product_tag":[],"class_list":{"0":"post-83451","1":"product","2":"type-product","3":"status-publish","4":"has-post-thumbnail","6":"product_cat-rennrad","7":"product_cat-komponenten-rennrad","8":"product_cat-laufradsatz-rennrad","9":"product_cat-faltreifen-scheibenbremse","10":"product_shipping_class-wheels-and-rims-de","12":"first","13":"instock","14":"taxable","15":"shipping-taxable","16":"purchasable","17":"product-type-variable"},"composite_virtual":false,"composite_layout":"","composite_add_to_cart_form_location":"","composite_editable_in_cart":false,"composite_sold_individually_context":"","composite_shop_price_calc":"","composite_components":[],"composite_scenarios":[],"acf":[],"yoast_head":"<!-- This site is optimized with the Yoast SEO plugin v27.3 - https:\/\/yoast.com\/product\/yoast-seo-wordpress\/ -->\n<title>SL 37 Disc Tubeless Ready Laufradsatz von Schmolke Carbon<\/title>\n<meta name=\"description\" content=\"SL 37 Carbon-Laufradsatz f\u00fcr Rennr\u00e4der von Schmolke Carbon. Superleichter Laufradsatz: agil, steif und preiswert \u2013 nur 1.210g. Jetzt infomieren\" \/>\n<meta name=\"robots\" content=\"index, follow, max-snippet:-1, max-image-preview:large, max-video-preview:-1\" \/>\n<link rel=\"canonical\" href=\"https:\/\/www.schmolke-carbon.com\/de\/produkt\/sl-37-tlr-disc-mit-dt-swiss-240-naben\/\" \/>\n<meta property=\"og:locale\" content=\"de_DE\" \/>\n<meta property=\"og:type\" content=\"article\" \/>\n<meta property=\"og:title\" content=\"SL 37 Disc Tubeless Ready Laufradsatz von Schmolke Carbon\" \/>\n<meta property=\"og:description\" content=\"SL 37 Carbon-Laufradsatz f\u00fcr Rennr\u00e4der von Schmolke Carbon. Superleichter Laufradsatz: agil, steif und preiswert \u2013 nur 1.210g. Jetzt infomieren\" \/>\n<meta property=\"og:url\" content=\"https:\/\/www.schmolke-carbon.com\/de\/produkt\/sl-37-tlr-disc-mit-dt-swiss-240-naben\/\" \/>\n<meta property=\"og:site_name\" content=\"Schmolke Carbon\" \/>\n<meta property=\"article:publisher\" content=\"https:\/\/www.facebook.com\/SchmolkeCarbon\" \/>\n<meta property=\"article:modified_time\" content=\"2025-12-18T16:23:43+00:00\" \/>\n<meta property=\"og:image\" content=\"https:\/\/www.schmolke-carbon.com\/wp-content\/uploads\/2025\/03\/SL37-Wheelset-White-Edition-18262-scaled.jpg\" \/>\n\t<meta property=\"og:image:width\" content=\"2560\" \/>\n\t<meta property=\"og:image:height\" content=\"2377\" \/>\n\t<meta property=\"og:image:type\" content=\"image\/jpeg\" \/>\n<meta name=\"twitter:card\" content=\"summary_large_image\" \/>\n<meta name=\"twitter:site\" content=\"@schmolkecarbon\" \/>\n<meta name=\"twitter:label1\" content=\"Gesch\u00e4tzte Lesezeit\" \/>\n\t<meta name=\"twitter:data1\" content=\"3\u00a0Minuten\" \/>\n<script type=\"application\/ld+json\" class=\"yoast-schema-graph\">{\"@context\":\"https:\\\/\\\/schema.org\",\"@graph\":[{\"@type\":\"WebPage\",\"@id\":\"https:\\\/\\\/www.schmolke-carbon.com\\\/de\\\/produkt\\\/sl-37-tlr-disc-mit-dt-swiss-240-naben\\\/\",\"url\":\"https:\\\/\\\/www.schmolke-carbon.com\\\/de\\\/produkt\\\/sl-37-tlr-disc-mit-dt-swiss-240-naben\\\/\",\"name\":\"SL 37 Disc Tubeless Ready Laufradsatz von Schmolke Carbon\",\"isPartOf\":{\"@id\":\"https:\\\/\\\/www.schmolke-carbon.com\\\/#website\"},\"primaryImageOfPage\":{\"@id\":\"https:\\\/\\\/www.schmolke-carbon.com\\\/de\\\/produkt\\\/sl-37-tlr-disc-mit-dt-swiss-240-naben\\\/#primaryimage\"},\"image\":{\"@id\":\"https:\\\/\\\/www.schmolke-carbon.com\\\/de\\\/produkt\\\/sl-37-tlr-disc-mit-dt-swiss-240-naben\\\/#primaryimage\"},\"thumbnailUrl\":\"https:\\\/\\\/www.schmolke-carbon.com\\\/wp-content\\\/uploads\\\/2025\\\/03\\\/SL37-Wheelset-White-Edition-18262-scaled.jpg\",\"datePublished\":\"2025-03-26T09:34:32+00:00\",\"dateModified\":\"2025-12-18T16:23:43+00:00\",\"description\":\"SL 37 Carbon-Laufradsatz f\u00fcr Rennr\u00e4der von Schmolke Carbon. Superleichter Laufradsatz: agil, steif und preiswert \u2013 nur 1.210g. Jetzt infomieren\",\"breadcrumb\":{\"@id\":\"https:\\\/\\\/www.schmolke-carbon.com\\\/de\\\/produkt\\\/sl-37-tlr-disc-mit-dt-swiss-240-naben\\\/#breadcrumb\"},\"inLanguage\":\"de\",\"potentialAction\":[{\"@type\":\"ReadAction\",\"target\":[\"https:\\\/\\\/www.schmolke-carbon.com\\\/de\\\/produkt\\\/sl-37-tlr-disc-mit-dt-swiss-240-naben\\\/\"]}]},{\"@type\":\"ImageObject\",\"inLanguage\":\"de\",\"@id\":\"https:\\\/\\\/www.schmolke-carbon.com\\\/de\\\/produkt\\\/sl-37-tlr-disc-mit-dt-swiss-240-naben\\\/#primaryimage\",\"url\":\"https:\\\/\\\/www.schmolke-carbon.com\\\/wp-content\\\/uploads\\\/2025\\\/03\\\/SL37-Wheelset-White-Edition-18262-scaled.jpg\",\"contentUrl\":\"https:\\\/\\\/www.schmolke-carbon.com\\\/wp-content\\\/uploads\\\/2025\\\/03\\\/SL37-Wheelset-White-Edition-18262-scaled.jpg\",\"width\":2560,\"height\":2377,\"caption\":\"SL 37\"},{\"@type\":\"BreadcrumbList\",\"@id\":\"https:\\\/\\\/www.schmolke-carbon.com\\\/de\\\/produkt\\\/sl-37-tlr-disc-mit-dt-swiss-240-naben\\\/#breadcrumb\",\"itemListElement\":[{\"@type\":\"ListItem\",\"position\":1,\"name\":\"Home\",\"item\":\"https:\\\/\\\/www.schmolke-carbon.com\\\/de\\\/home\\\/\"},{\"@type\":\"ListItem\",\"position\":2,\"name\":\"Produkte\",\"item\":\"https:\\\/\\\/www.schmolke-carbon.com\\\/de\\\/products\\\/\"},{\"@type\":\"ListItem\",\"position\":3,\"name\":\"SL 37 TLR Disc \\\/ 1K \\\/ DT Swiss 240 Naben\"}]},{\"@type\":\"WebSite\",\"@id\":\"https:\\\/\\\/www.schmolke-carbon.com\\\/#website\",\"url\":\"https:\\\/\\\/www.schmolke-carbon.com\\\/\",\"name\":\"Schmolke Carbon\",\"description\":\"Custom Lightweight products - Hand made in Germany - since 1992\",\"publisher\":{\"@id\":\"https:\\\/\\\/www.schmolke-carbon.com\\\/#organization\"},\"potentialAction\":[{\"@type\":\"SearchAction\",\"target\":{\"@type\":\"EntryPoint\",\"urlTemplate\":\"https:\\\/\\\/www.schmolke-carbon.com\\\/?s={search_term_string}\"},\"query-input\":{\"@type\":\"PropertyValueSpecification\",\"valueRequired\":true,\"valueName\":\"search_term_string\"}}],\"inLanguage\":\"de\"},{\"@type\":\"Organization\",\"@id\":\"https:\\\/\\\/www.schmolke-carbon.com\\\/#organization\",\"name\":\"Schmolke Carbon\",\"url\":\"https:\\\/\\\/www.schmolke-carbon.com\\\/\",\"logo\":{\"@type\":\"ImageObject\",\"inLanguage\":\"de\",\"@id\":\"https:\\\/\\\/www.schmolke-carbon.com\\\/#\\\/schema\\\/logo\\\/image\\\/\",\"url\":\"https:\\\/\\\/www.schmolke-carbon.com\\\/wp-content\\\/uploads\\\/2017\\\/03\\\/Schmolke-Carbon-Logo.jpg\",\"contentUrl\":\"https:\\\/\\\/www.schmolke-carbon.com\\\/wp-content\\\/uploads\\\/2017\\\/03\\\/Schmolke-Carbon-Logo.jpg\",\"width\":327,\"height\":335,\"caption\":\"Schmolke Carbon\"},\"image\":{\"@id\":\"https:\\\/\\\/www.schmolke-carbon.com\\\/#\\\/schema\\\/logo\\\/image\\\/\"},\"sameAs\":[\"https:\\\/\\\/www.facebook.com\\\/SchmolkeCarbon\",\"https:\\\/\\\/x.com\\\/schmolkecarbon\",\"https:\\\/\\\/www.instagram.com\\\/schmolkecarbon\\\/\"]}]}<\/script>\n<!-- \/ Yoast SEO plugin. -->","yoast_head_json":{"title":"SL 37 Disc Tubeless Ready Laufradsatz von Schmolke Carbon","description":"SL 37 Carbon-Laufradsatz f\u00fcr Rennr\u00e4der von Schmolke Carbon. Superleichter Laufradsatz: agil, steif und preiswert \u2013 nur 1.210g. Jetzt infomieren","robots":{"index":"index","follow":"follow","max-snippet":"max-snippet:-1","max-image-preview":"max-image-preview:large","max-video-preview":"max-video-preview:-1"},"canonical":"https:\/\/www.schmolke-carbon.com\/de\/produkt\/sl-37-tlr-disc-mit-dt-swiss-240-naben\/","og_locale":"de_DE","og_type":"article","og_title":"SL 37 Disc Tubeless Ready Laufradsatz von Schmolke Carbon","og_description":"SL 37 Carbon-Laufradsatz f\u00fcr Rennr\u00e4der von Schmolke Carbon. Superleichter Laufradsatz: agil, steif und preiswert \u2013 nur 1.210g. Jetzt infomieren","og_url":"https:\/\/www.schmolke-carbon.com\/de\/produkt\/sl-37-tlr-disc-mit-dt-swiss-240-naben\/","og_site_name":"Schmolke Carbon","article_publisher":"https:\/\/www.facebook.com\/SchmolkeCarbon","article_modified_time":"2025-12-18T16:23:43+00:00","og_image":[{"width":2560,"height":2377,"url":"https:\/\/www.schmolke-carbon.com\/wp-content\/uploads\/2025\/03\/SL37-Wheelset-White-Edition-18262-scaled.jpg","type":"image\/jpeg"}],"twitter_card":"summary_large_image","twitter_site":"@schmolkecarbon","twitter_misc":{"Gesch\u00e4tzte Lesezeit":"3\u00a0Minuten"},"schema":{"@context":"https:\/\/schema.org","@graph":[{"@type":"WebPage","@id":"https:\/\/www.schmolke-carbon.com\/de\/produkt\/sl-37-tlr-disc-mit-dt-swiss-240-naben\/","url":"https:\/\/www.schmolke-carbon.com\/de\/produkt\/sl-37-tlr-disc-mit-dt-swiss-240-naben\/","name":"SL 37 Disc Tubeless Ready Laufradsatz von Schmolke Carbon","isPartOf":{"@id":"https:\/\/www.schmolke-carbon.com\/#website"},"primaryImageOfPage":{"@id":"https:\/\/www.schmolke-carbon.com\/de\/produkt\/sl-37-tlr-disc-mit-dt-swiss-240-naben\/#primaryimage"},"image":{"@id":"https:\/\/www.schmolke-carbon.com\/de\/produkt\/sl-37-tlr-disc-mit-dt-swiss-240-naben\/#primaryimage"},"thumbnailUrl":"https:\/\/www.schmolke-carbon.com\/wp-content\/uploads\/2025\/03\/SL37-Wheelset-White-Edition-18262-scaled.jpg","datePublished":"2025-03-26T09:34:32+00:00","dateModified":"2025-12-18T16:23:43+00:00","description":"SL 37 Carbon-Laufradsatz f\u00fcr Rennr\u00e4der von Schmolke Carbon. Superleichter Laufradsatz: agil, steif und preiswert \u2013 nur 1.210g. Jetzt infomieren","breadcrumb":{"@id":"https:\/\/www.schmolke-carbon.com\/de\/produkt\/sl-37-tlr-disc-mit-dt-swiss-240-naben\/#breadcrumb"},"inLanguage":"de","potentialAction":[{"@type":"ReadAction","target":["https:\/\/www.schmolke-carbon.com\/de\/produkt\/sl-37-tlr-disc-mit-dt-swiss-240-naben\/"]}]},{"@type":"ImageObject","inLanguage":"de","@id":"https:\/\/www.schmolke-carbon.com\/de\/produkt\/sl-37-tlr-disc-mit-dt-swiss-240-naben\/#primaryimage","url":"https:\/\/www.schmolke-carbon.com\/wp-content\/uploads\/2025\/03\/SL37-Wheelset-White-Edition-18262-scaled.jpg","contentUrl":"https:\/\/www.schmolke-carbon.com\/wp-content\/uploads\/2025\/03\/SL37-Wheelset-White-Edition-18262-scaled.jpg","width":2560,"height":2377,"caption":"SL 37"},{"@type":"BreadcrumbList","@id":"https:\/\/www.schmolke-carbon.com\/de\/produkt\/sl-37-tlr-disc-mit-dt-swiss-240-naben\/#breadcrumb","itemListElement":[{"@type":"ListItem","position":1,"name":"Home","item":"https:\/\/www.schmolke-carbon.com\/de\/home\/"},{"@type":"ListItem","position":2,"name":"Produkte","item":"https:\/\/www.schmolke-carbon.com\/de\/products\/"},{"@type":"ListItem","position":3,"name":"SL 37 TLR Disc \/ 1K \/ DT Swiss 240 Naben"}]},{"@type":"WebSite","@id":"https:\/\/www.schmolke-carbon.com\/#website","url":"https:\/\/www.schmolke-carbon.com\/","name":"Schmolke Carbon","description":"Custom Lightweight products - Hand made in Germany - since 1992","publisher":{"@id":"https:\/\/www.schmolke-carbon.com\/#organization"},"potentialAction":[{"@type":"SearchAction","target":{"@type":"EntryPoint","urlTemplate":"https:\/\/www.schmolke-carbon.com\/?s={search_term_string}"},"query-input":{"@type":"PropertyValueSpecification","valueRequired":true,"valueName":"search_term_string"}}],"inLanguage":"de"},{"@type":"Organization","@id":"https:\/\/www.schmolke-carbon.com\/#organization","name":"Schmolke Carbon","url":"https:\/\/www.schmolke-carbon.com\/","logo":{"@type":"ImageObject","inLanguage":"de","@id":"https:\/\/www.schmolke-carbon.com\/#\/schema\/logo\/image\/","url":"https:\/\/www.schmolke-carbon.com\/wp-content\/uploads\/2017\/03\/Schmolke-Carbon-Logo.jpg","contentUrl":"https:\/\/www.schmolke-carbon.com\/wp-content\/uploads\/2017\/03\/Schmolke-Carbon-Logo.jpg","width":327,"height":335,"caption":"Schmolke Carbon"},"image":{"@id":"https:\/\/www.schmolke-carbon.com\/#\/schema\/logo\/image\/"},"sameAs":["https:\/\/www.facebook.com\/SchmolkeCarbon","https:\/\/x.com\/schmolkecarbon","https:\/\/www.instagram.com\/schmolkecarbon\/"]}]}},"_links":{"self":[{"href":"https:\/\/www.schmolke-carbon.com\/de\/wp-json\/wp\/v2\/product\/83451","targetHints":{"allow":["GET"]}}],"collection":[{"href":"https:\/\/www.schmolke-carbon.com\/de\/wp-json\/wp\/v2\/product"}],"about":[{"href":"https:\/\/www.schmolke-carbon.com\/de\/wp-json\/wp\/v2\/types\/product"}],"replies":[{"embeddable":true,"href":"https:\/\/www.schmolke-carbon.com\/de\/wp-json\/wp\/v2\/comments?post=83451"}],"wp:featuredmedia":[{"embeddable":true,"href":"https:\/\/www.schmolke-carbon.com\/de\/wp-json\/wp\/v2\/media\/83572"}],"wp:attachment":[{"href":"https:\/\/www.schmolke-carbon.com\/de\/wp-json\/wp\/v2\/media?parent=83451"}],"wp:term":[{"taxonomy":"product_brand","embeddable":true,"href":"https:\/\/www.schmolke-carbon.com\/de\/wp-json\/wp\/v2\/product_brand?post=83451"},{"taxonomy":"product_cat","embeddable":true,"href":"https:\/\/www.schmolke-carbon.com\/de\/wp-json\/wp\/v2\/product_cat?post=83451"},{"taxonomy":"product_tag","embeddable":true,"href":"https:\/\/www.schmolke-carbon.com\/de\/wp-json\/wp\/v2\/product_tag?post=83451"}],"curies":[{"name":"wp","href":"https:\/\/api.w.org\/{rel}","templated":true}]}}