{"id":6550,"date":"2016-10-25T13:38:12","date_gmt":"2016-10-25T11:38:12","guid":{"rendered":"http:\/\/schmolke-carbon.de\/de\/produkt\/mtb-flatbar-sl-6-oversize-copy\/"},"modified":"2026-03-06T23:34:38","modified_gmt":"2026-03-06T21:34:38","slug":"mtb-flatbar-tlo-oversize","status":"publish","type":"product","link":"https:\/\/www.schmolke-carbon.com\/de\/produkt\/mtb-flatbar-tlo-oversize\/","title":{"rendered":"MTB Flatbar TLO"},"content":{"rendered":"<h4><strong>Ergonomie<\/strong><\/h4>\n<p>Der 6\u00b0 Backsweep der Griffenden gilt aktuell als f\u00fcr den Komfort im Cross-Country optimaler Winkel. Um die \u00fcberlegene Steifigkeit des leichten Carbonlenkers zu erreichen, lassen wir den \u00f8 31,8 mm starken Klemmbereich m\u00f6glichst lange \u00fcber 200 mm zu den \u00fcblichen 22,2 mm Griffenden auslaufen, was besonders f\u00fcr breite Lenker perfekt ist. So haben sich diese leichten Carbon Lenker bei Mountainbike-Rennen auf der ganzen Welt bew\u00e4hrt.  <\/p>\n<h4><strong>Bauweise <\/strong><\/h4>\n<p>Wie alle unsere Produkte der TLO Serie werden auch unsere leichten Vollcarbon MTB-Lenker aus den besten am Markt verf\u00fcgbaren Prepregs auf dein Gewicht und deinen Fahrstil von Hand gewickelt (<a href=\"https:\/\/www.schmolke-carbon.com\/de\/qualitaet-service\/qualitaet-verarbeitung\/\">\u00fcber Carbon<\/a>). Der in 30 Jahren Produktionserfahrung nochmals verfeinerte Lagenaufbau mit bis zu 16 Lagen im stark beanspruchten Mittelteil und nur noch 4 Lagen im gering belasteten Griffbereich, erm\u00f6glicht die unglaublichen Gewichte trotz der bekannten Steifigkeit und im Cross-Country n\u00f6tigen Unverw\u00fcstbarkeit.<\/p>\n<h4><strong>Bestellhinweise<\/strong><\/h4>\n<p>Unsere Carbon-MTB-Lenker d\u00fcrfen auf jeder Seite nur um bis zu 10 mm gek\u00fcrzt werden. Achte also darauf, dass du die richtige Breite f\u00fcr deine Anforderungen bestellst! An diesen leichten Carbonlenkern k\u00f6nnen keine Bar Ends verwendet werden! Wenn du dir nicht sicher bist, ob du Bar Ends verwenden m\u00f6chtest, ist m\u00f6glicherweise der SL-Flat Bar die bessere Wahl, der 15 g schwerer ist und \u00fcber dickere Barends verf\u00fcgt. Da die TLO-Lenker nicht \u00fcber die M\u00f6glichkeit verf\u00fcgen, H\u00f6rnchen zu montieren, werden sie nicht so stark beansprucht wie die SL-Lenker. Dies gilt insbesondere im Falle eines Unfalls. Daher ist der leichtere TLO-Lenker sogar st\u00e4rker als der SL-Lenker! Diese d\u00fcnnwandigen Carbon-Lenker k\u00f6nnen mit unseren ma\u00dfgeschneiderten <a href=\"https:\/\/www.schmolke-carbon.com\/de\/produkt\/carbon-lenkerstopfen\/\">Carbon-Lenkerstopfen<\/a> erg\u00e4nzt werden.       <\/p>\n<h4><strong>ICR ready<\/strong><\/h4>\n<p>Die leichten MTB-Lenker sind auch mit optionalen Bohrungen f\u00fcr die interne Kabelf\u00fchrung (ICR) erh\u00e4ltlich. Diese Option verf\u00fcgt \u00fcber 3 L\u00f6cher: Je eines unten zwischen Vorbau und Bremsgriffen auf der linken und rechten Seite, sowie ein drittes Loch hinten in der Mitte des MTB-Lenkers. Wenn du eine interne Kabelf\u00fchrung f\u00fcr deinen Aufbau planst, denke bitte daran, bei der Bestellung die Option \u201cICR ready\u201d zu w\u00e4hlen. Die notwendige Verst\u00e4rkung erh\u00f6ht das Gesamtgewicht des Carbonlenkers um etwa 4 g. <\/p>\n<h4><strong>Optionen der Oberfl\u00e4che<\/strong><\/h4>\n<p>Alle unsere leichten Carbon MTB Flatbars werden nicht lackiert, um nicht unn\u00f6tig Gewicht aufzutragen und da die Epoxid Oberfl\u00e4che viel widerstandsf\u00e4higer ist als jede Lackierung, Sie wird also nicht so schnell zerkratzt. Alle unsere leichten Carbon-MTB-Lenker kommen im aktuellen Matt Look. TLO MTB-Bars k\u00f6nnen in 1K-Gewebe oder UD bestellt werden. 1K ist der klassische Carbon-Look mit biaxial gewebten Fasern.    Bei UD (unidirektional) laufen alle Carbonfasern in eine Richtung. Die Oberfl\u00e4che sieht dadurch einheitlich schwarz, fast lackiert aus. Generell sind UD-Carbonteile ein paar Gramm schwerer als 1K-Carbonteile. <a href=\"https:\/\/www.schmolke-carbon.com\/de\/qualitaet-service\/qualitaet-verarbeitung\/\">Mehr \u00fcber UD und 1K erf\u00e4hrst du hier.<\/a><\/p>\n<h4><strong>Farboptionen<\/strong><\/h4>\n<p>Um den perfekten Look an deinem Fahrrad zu erm\u00f6glichen, sind alle TLO Carbon MTB-Lenker in 3 verschiedenen Logo-Farben erh\u00e4ltlich: Schmolke Edition (rot-wei\u00df), Black Edition und White Edition.<\/p>\n<p><strong>Montageanleitung<\/strong> Flatbar TLO f\u00fcr <a href=\"https:\/\/www.schmolke-carbon.com\/de\/qualitaet-service\/montageanleitungen\/#mountainbikes\">MTB<\/a> und <a href=\"https:\/\/www.schmolke-carbon.com\/de\/qualitaet-service\/montageanleitungen\/#faltr\u00e4der\">Falltrad<\/a><\/p>\n<p>Verwenden Sie f\u00fcr den Einbau immer ein <a href=\"https:\/\/www.schmolke-carbon.com\/de\/produkt\/schmolke-torque-application\/\">Drehmomentschl\u00fcssel<\/a>!<\/p>\n","protected":false},"excerpt":{"rendered":"<p><strong>Breite:<\/strong> 600-740 mm<\/p>\n<p><strong>Gewicht:<\/strong> 65-105 g<\/p>\n<p><strong>Optional:<\/strong> interne Kabelf\u00fchrung (ICR)<\/p>\n<p>31.8 mm \/ 6\u00b0 Biegung<\/p>\n<p>nicht f\u00fcr Lenkerh\u00f6rnchen geeignet<\/p>\n<p><strong>Gewebe\/Farbe:<\/strong> 1K-Gewebe oder UD mit rot-wei\u00dfen, schwarzen oder wei\u00dfen Logos<\/p>\n<p><strong>extreme Steifigkeit<\/strong><\/p>\n<p><strong>Verf\u00fcgbarkeit: <\/strong>Produkte, die als <strong>&#8222;auf Lager&#8220;<\/strong> angezeigt werden, werden innerhalb von 48 Stunden geliefert.<\/p>\n","protected":false},"featured_media":56717,"comment_status":"open","ping_status":"closed","template":"","meta":{"_acf_changed":false},"product_brand":[],"product_cat":[3431,3833,3914],"product_tag":[4117,4170,4171,1221],"class_list":{"0":"post-6550","1":"product","2":"type-product","3":"status-publish","4":"has-post-thumbnail","6":"product_cat-mtb","7":"product_cat-komponenten-mtb","8":"product_cat-lenker-mtb","9":"product_tag-carbon-komponenten","10":"product_tag-flatbar-de","11":"product_tag-komponenten","12":"product_tag-mtb-de","13":"product_shipping_class-internationaler-brief-de","15":"first","16":"instock","17":"taxable","18":"shipping-taxable","19":"purchasable","20":"product-type-variable"},"composite_virtual":false,"composite_layout":"","composite_add_to_cart_form_location":"","composite_editable_in_cart":false,"composite_sold_individually_context":"","composite_shop_price_calc":"","composite_components":[],"composite_scenarios":[],"acf":[],"yoast_head":"<!-- This site is optimized with the Yoast SEO plugin v27.4 - https:\/\/yoast.com\/product\/yoast-seo-wordpress\/ -->\n<title>Carbon MTB Flatbar TLO Oversize von Schmolke Carbon<\/title>\n<meta name=\"description\" content=\"Wettkampftauglicher, superleichter Carbon-Mountainbike-Lenker, 1K-Gewebe oder UD mit rot\/wei\u00dfen, schwarzen oder wei\u00dfen Logos, erh\u00e4ltlich in verschiedenen Gr\u00f6\u00dfen\" \/>\n<meta name=\"robots\" content=\"index, follow, max-snippet:-1, max-image-preview:large, max-video-preview:-1\" \/>\n<link rel=\"canonical\" href=\"https:\/\/www.schmolke-carbon.com\/de\/produkt\/mtb-flatbar-tlo-oversize\/\" \/>\n<meta property=\"og:locale\" content=\"de_DE\" \/>\n<meta property=\"og:type\" content=\"article\" \/>\n<meta property=\"og:title\" content=\"Carbon MTB Flatbar TLO Oversize von Schmolke Carbon\" \/>\n<meta property=\"og:description\" content=\"Wettkampftauglicher, superleichter Carbon-Mountainbike-Lenker, 1K-Gewebe oder UD mit rot\/wei\u00dfen, schwarzen oder wei\u00dfen Logos, erh\u00e4ltlich in verschiedenen Gr\u00f6\u00dfen\" \/>\n<meta property=\"og:url\" content=\"https:\/\/www.schmolke-carbon.com\/de\/produkt\/mtb-flatbar-tlo-oversize\/\" \/>\n<meta property=\"og:site_name\" content=\"Schmolke Carbon\" \/>\n<meta property=\"article:publisher\" content=\"https:\/\/www.facebook.com\/SchmolkeCarbon\" \/>\n<meta property=\"article:modified_time\" content=\"2026-03-06T21:34:38+00:00\" \/>\n<meta property=\"og:image\" content=\"https:\/\/www.schmolke-carbon.com\/wp-content\/uploads\/2016\/10\/BEN9131-scaled.jpg\" \/>\n\t<meta property=\"og:image:width\" content=\"2560\" \/>\n\t<meta property=\"og:image:height\" content=\"2560\" \/>\n\t<meta property=\"og:image:type\" content=\"image\/jpeg\" \/>\n<meta name=\"twitter:card\" content=\"summary_large_image\" \/>\n<meta name=\"twitter:site\" content=\"@schmolkecarbon\" \/>\n<meta name=\"twitter:label1\" content=\"Gesch\u00e4tzte Lesezeit\" \/>\n\t<meta name=\"twitter:data1\" content=\"3\u00a0Minuten\" \/>\n<script type=\"application\/ld+json\" class=\"yoast-schema-graph\">{\"@context\":\"https:\\\/\\\/schema.org\",\"@graph\":[{\"@type\":\"WebPage\",\"@id\":\"https:\\\/\\\/www.schmolke-carbon.com\\\/de\\\/produkt\\\/mtb-flatbar-tlo-oversize\\\/\",\"url\":\"https:\\\/\\\/www.schmolke-carbon.com\\\/de\\\/produkt\\\/mtb-flatbar-tlo-oversize\\\/\",\"name\":\"Carbon MTB Flatbar TLO Oversize von Schmolke Carbon\",\"isPartOf\":{\"@id\":\"https:\\\/\\\/www.schmolke-carbon.com\\\/#website\"},\"primaryImageOfPage\":{\"@id\":\"https:\\\/\\\/www.schmolke-carbon.com\\\/de\\\/produkt\\\/mtb-flatbar-tlo-oversize\\\/#primaryimage\"},\"image\":{\"@id\":\"https:\\\/\\\/www.schmolke-carbon.com\\\/de\\\/produkt\\\/mtb-flatbar-tlo-oversize\\\/#primaryimage\"},\"thumbnailUrl\":\"https:\\\/\\\/www.schmolke-carbon.com\\\/wp-content\\\/uploads\\\/2016\\\/10\\\/BEN9131-scaled.jpg\",\"datePublished\":\"2016-10-25T11:38:12+00:00\",\"dateModified\":\"2026-03-06T21:34:38+00:00\",\"description\":\"Wettkampftauglicher, superleichter Carbon-Mountainbike-Lenker, 1K-Gewebe oder UD mit rot\\\/wei\u00dfen, schwarzen oder wei\u00dfen Logos, erh\u00e4ltlich in verschiedenen Gr\u00f6\u00dfen\",\"breadcrumb\":{\"@id\":\"https:\\\/\\\/www.schmolke-carbon.com\\\/de\\\/produkt\\\/mtb-flatbar-tlo-oversize\\\/#breadcrumb\"},\"inLanguage\":\"de\",\"potentialAction\":[{\"@type\":\"ReadAction\",\"target\":[\"https:\\\/\\\/www.schmolke-carbon.com\\\/de\\\/produkt\\\/mtb-flatbar-tlo-oversize\\\/\"]}]},{\"@type\":\"ImageObject\",\"inLanguage\":\"de\",\"@id\":\"https:\\\/\\\/www.schmolke-carbon.com\\\/de\\\/produkt\\\/mtb-flatbar-tlo-oversize\\\/#primaryimage\",\"url\":\"https:\\\/\\\/www.schmolke-carbon.com\\\/wp-content\\\/uploads\\\/2016\\\/10\\\/BEN9131-scaled.jpg\",\"contentUrl\":\"https:\\\/\\\/www.schmolke-carbon.com\\\/wp-content\\\/uploads\\\/2016\\\/10\\\/BEN9131-scaled.jpg\",\"width\":2560,\"height\":2560,\"caption\":\"MTB Flatbar TLO Oversize 1K White Edition\"},{\"@type\":\"BreadcrumbList\",\"@id\":\"https:\\\/\\\/www.schmolke-carbon.com\\\/de\\\/produkt\\\/mtb-flatbar-tlo-oversize\\\/#breadcrumb\",\"itemListElement\":[{\"@type\":\"ListItem\",\"position\":1,\"name\":\"Home\",\"item\":\"https:\\\/\\\/www.schmolke-carbon.com\\\/de\\\/home\\\/\"},{\"@type\":\"ListItem\",\"position\":2,\"name\":\"Produkte\",\"item\":\"https:\\\/\\\/www.schmolke-carbon.com\\\/de\\\/products\\\/\"},{\"@type\":\"ListItem\",\"position\":3,\"name\":\"MTB Flatbar TLO\"}]},{\"@type\":\"WebSite\",\"@id\":\"https:\\\/\\\/www.schmolke-carbon.com\\\/#website\",\"url\":\"https:\\\/\\\/www.schmolke-carbon.com\\\/\",\"name\":\"Schmolke Carbon\",\"description\":\"Custom Lightweight products - Hand made in Germany - since 1992\",\"publisher\":{\"@id\":\"https:\\\/\\\/www.schmolke-carbon.com\\\/#organization\"},\"potentialAction\":[{\"@type\":\"SearchAction\",\"target\":{\"@type\":\"EntryPoint\",\"urlTemplate\":\"https:\\\/\\\/www.schmolke-carbon.com\\\/?s={search_term_string}\"},\"query-input\":{\"@type\":\"PropertyValueSpecification\",\"valueRequired\":true,\"valueName\":\"search_term_string\"}}],\"inLanguage\":\"de\"},{\"@type\":\"Organization\",\"@id\":\"https:\\\/\\\/www.schmolke-carbon.com\\\/#organization\",\"name\":\"Schmolke Carbon\",\"url\":\"https:\\\/\\\/www.schmolke-carbon.com\\\/\",\"logo\":{\"@type\":\"ImageObject\",\"inLanguage\":\"de\",\"@id\":\"https:\\\/\\\/www.schmolke-carbon.com\\\/#\\\/schema\\\/logo\\\/image\\\/\",\"url\":\"https:\\\/\\\/www.schmolke-carbon.com\\\/wp-content\\\/uploads\\\/2017\\\/03\\\/Schmolke-Carbon-Logo.jpg\",\"contentUrl\":\"https:\\\/\\\/www.schmolke-carbon.com\\\/wp-content\\\/uploads\\\/2017\\\/03\\\/Schmolke-Carbon-Logo.jpg\",\"width\":327,\"height\":335,\"caption\":\"Schmolke Carbon\"},\"image\":{\"@id\":\"https:\\\/\\\/www.schmolke-carbon.com\\\/#\\\/schema\\\/logo\\\/image\\\/\"},\"sameAs\":[\"https:\\\/\\\/www.facebook.com\\\/SchmolkeCarbon\",\"https:\\\/\\\/x.com\\\/schmolkecarbon\",\"https:\\\/\\\/www.instagram.com\\\/schmolkecarbon\\\/\"]}]}<\/script>\n<!-- \/ Yoast SEO plugin. -->","yoast_head_json":{"title":"Carbon MTB Flatbar TLO Oversize von Schmolke Carbon","description":"Wettkampftauglicher, superleichter Carbon-Mountainbike-Lenker, 1K-Gewebe oder UD mit rot\/wei\u00dfen, schwarzen oder wei\u00dfen Logos, erh\u00e4ltlich in verschiedenen Gr\u00f6\u00dfen","robots":{"index":"index","follow":"follow","max-snippet":"max-snippet:-1","max-image-preview":"max-image-preview:large","max-video-preview":"max-video-preview:-1"},"canonical":"https:\/\/www.schmolke-carbon.com\/de\/produkt\/mtb-flatbar-tlo-oversize\/","og_locale":"de_DE","og_type":"article","og_title":"Carbon MTB Flatbar TLO Oversize von Schmolke Carbon","og_description":"Wettkampftauglicher, superleichter Carbon-Mountainbike-Lenker, 1K-Gewebe oder UD mit rot\/wei\u00dfen, schwarzen oder wei\u00dfen Logos, erh\u00e4ltlich in verschiedenen Gr\u00f6\u00dfen","og_url":"https:\/\/www.schmolke-carbon.com\/de\/produkt\/mtb-flatbar-tlo-oversize\/","og_site_name":"Schmolke Carbon","article_publisher":"https:\/\/www.facebook.com\/SchmolkeCarbon","article_modified_time":"2026-03-06T21:34:38+00:00","og_image":[{"width":2560,"height":2560,"url":"https:\/\/www.schmolke-carbon.com\/wp-content\/uploads\/2016\/10\/BEN9131-scaled.jpg","type":"image\/jpeg"}],"twitter_card":"summary_large_image","twitter_site":"@schmolkecarbon","twitter_misc":{"Gesch\u00e4tzte Lesezeit":"3\u00a0Minuten"},"schema":{"@context":"https:\/\/schema.org","@graph":[{"@type":"WebPage","@id":"https:\/\/www.schmolke-carbon.com\/de\/produkt\/mtb-flatbar-tlo-oversize\/","url":"https:\/\/www.schmolke-carbon.com\/de\/produkt\/mtb-flatbar-tlo-oversize\/","name":"Carbon MTB Flatbar TLO Oversize von Schmolke Carbon","isPartOf":{"@id":"https:\/\/www.schmolke-carbon.com\/#website"},"primaryImageOfPage":{"@id":"https:\/\/www.schmolke-carbon.com\/de\/produkt\/mtb-flatbar-tlo-oversize\/#primaryimage"},"image":{"@id":"https:\/\/www.schmolke-carbon.com\/de\/produkt\/mtb-flatbar-tlo-oversize\/#primaryimage"},"thumbnailUrl":"https:\/\/www.schmolke-carbon.com\/wp-content\/uploads\/2016\/10\/BEN9131-scaled.jpg","datePublished":"2016-10-25T11:38:12+00:00","dateModified":"2026-03-06T21:34:38+00:00","description":"Wettkampftauglicher, superleichter Carbon-Mountainbike-Lenker, 1K-Gewebe oder UD mit rot\/wei\u00dfen, schwarzen oder wei\u00dfen Logos, erh\u00e4ltlich in verschiedenen Gr\u00f6\u00dfen","breadcrumb":{"@id":"https:\/\/www.schmolke-carbon.com\/de\/produkt\/mtb-flatbar-tlo-oversize\/#breadcrumb"},"inLanguage":"de","potentialAction":[{"@type":"ReadAction","target":["https:\/\/www.schmolke-carbon.com\/de\/produkt\/mtb-flatbar-tlo-oversize\/"]}]},{"@type":"ImageObject","inLanguage":"de","@id":"https:\/\/www.schmolke-carbon.com\/de\/produkt\/mtb-flatbar-tlo-oversize\/#primaryimage","url":"https:\/\/www.schmolke-carbon.com\/wp-content\/uploads\/2016\/10\/BEN9131-scaled.jpg","contentUrl":"https:\/\/www.schmolke-carbon.com\/wp-content\/uploads\/2016\/10\/BEN9131-scaled.jpg","width":2560,"height":2560,"caption":"MTB Flatbar TLO Oversize 1K White Edition"},{"@type":"BreadcrumbList","@id":"https:\/\/www.schmolke-carbon.com\/de\/produkt\/mtb-flatbar-tlo-oversize\/#breadcrumb","itemListElement":[{"@type":"ListItem","position":1,"name":"Home","item":"https:\/\/www.schmolke-carbon.com\/de\/home\/"},{"@type":"ListItem","position":2,"name":"Produkte","item":"https:\/\/www.schmolke-carbon.com\/de\/products\/"},{"@type":"ListItem","position":3,"name":"MTB Flatbar TLO"}]},{"@type":"WebSite","@id":"https:\/\/www.schmolke-carbon.com\/#website","url":"https:\/\/www.schmolke-carbon.com\/","name":"Schmolke Carbon","description":"Custom Lightweight products - Hand made in Germany - since 1992","publisher":{"@id":"https:\/\/www.schmolke-carbon.com\/#organization"},"potentialAction":[{"@type":"SearchAction","target":{"@type":"EntryPoint","urlTemplate":"https:\/\/www.schmolke-carbon.com\/?s={search_term_string}"},"query-input":{"@type":"PropertyValueSpecification","valueRequired":true,"valueName":"search_term_string"}}],"inLanguage":"de"},{"@type":"Organization","@id":"https:\/\/www.schmolke-carbon.com\/#organization","name":"Schmolke Carbon","url":"https:\/\/www.schmolke-carbon.com\/","logo":{"@type":"ImageObject","inLanguage":"de","@id":"https:\/\/www.schmolke-carbon.com\/#\/schema\/logo\/image\/","url":"https:\/\/www.schmolke-carbon.com\/wp-content\/uploads\/2017\/03\/Schmolke-Carbon-Logo.jpg","contentUrl":"https:\/\/www.schmolke-carbon.com\/wp-content\/uploads\/2017\/03\/Schmolke-Carbon-Logo.jpg","width":327,"height":335,"caption":"Schmolke Carbon"},"image":{"@id":"https:\/\/www.schmolke-carbon.com\/#\/schema\/logo\/image\/"},"sameAs":["https:\/\/www.facebook.com\/SchmolkeCarbon","https:\/\/x.com\/schmolkecarbon","https:\/\/www.instagram.com\/schmolkecarbon\/"]}]}},"_links":{"self":[{"href":"https:\/\/www.schmolke-carbon.com\/de\/wp-json\/wp\/v2\/product\/6550","targetHints":{"allow":["GET"]}}],"collection":[{"href":"https:\/\/www.schmolke-carbon.com\/de\/wp-json\/wp\/v2\/product"}],"about":[{"href":"https:\/\/www.schmolke-carbon.com\/de\/wp-json\/wp\/v2\/types\/product"}],"replies":[{"embeddable":true,"href":"https:\/\/www.schmolke-carbon.com\/de\/wp-json\/wp\/v2\/comments?post=6550"}],"wp:featuredmedia":[{"embeddable":true,"href":"https:\/\/www.schmolke-carbon.com\/de\/wp-json\/wp\/v2\/media\/56717"}],"wp:attachment":[{"href":"https:\/\/www.schmolke-carbon.com\/de\/wp-json\/wp\/v2\/media?parent=6550"}],"wp:term":[{"taxonomy":"product_brand","embeddable":true,"href":"https:\/\/www.schmolke-carbon.com\/de\/wp-json\/wp\/v2\/product_brand?post=6550"},{"taxonomy":"product_cat","embeddable":true,"href":"https:\/\/www.schmolke-carbon.com\/de\/wp-json\/wp\/v2\/product_cat?post=6550"},{"taxonomy":"product_tag","embeddable":true,"href":"https:\/\/www.schmolke-carbon.com\/de\/wp-json\/wp\/v2\/product_tag?post=6550"}],"curies":[{"name":"wp","href":"https:\/\/api.w.org\/{rel}","templated":true}]}}