{"id":57952,"date":"2023-11-10T13:18:28","date_gmt":"2023-11-10T11:18:28","guid":{"rendered":"https:\/\/www.schmolke-carbon.com\/?post_type=product&#038;p=57952"},"modified":"2025-12-18T20:28:28","modified_gmt":"2025-12-18T18:28:28","slug":"sl-gravel-radsatz","status":"publish","type":"product","link":"https:\/\/www.schmolke-carbon.com\/de\/produkt\/sl-gravel-radsatz\/","title":{"rendered":"SL Gravel Laufradsatz"},"content":{"rendered":"<p>SL-Schotterlaufr\u00e4der sind f\u00fcr Radfahrer mit gemischten Untergr\u00fcnden gedacht. Je nach verwendeter Bereifung meistert dieser Gravel Laufradsatz alles von Asphalt bis hin zu groben Gravel.<\/p>\n<p>Wie immer war ein positives Gewichts-Festigkeits-Verh\u00e4ltnis das ultimative Ziel bei der Entwicklung dieses Laufradsatzes.<\/p>\n<p>Mit nur 1380 Gramm bringt der Carbon-Gravel-Laufradsatz tolle Beschleunigung gepaart mit sehr guter Steigf\u00e4higkeit.<\/p>\n<p>Das Felgenbett ist tubeless-ready (hookless), die Laufr\u00e4der k\u00f6nnen aber auch als klassisches Drahtreifen-Setup gefahren werden. Wenn du mit Schlauch fahren m\u00f6chtest, denke bitte daran, dass du TLR-Reifen ben\u00f6tigst.<\/p>\n<p>Tubeless Felgenband und Ventil inklusive.<\/p>\n<p><strong>Vorlaufzeit der Lieferung: Bestellen Sie noch heute einen Laufradsatz und wir werden ihn innerhalb von 2 Tagen montieren und versenden!<br \/>\n<\/strong><\/p>\n<p><a href=\"https:\/\/www.schmolke-carbon.com\/de\/qualitaet-service\/montageanleitungen\/#gravel-bikes\">Montageanleitung<\/a> f\u00fcr SL Gravel-Laufradsatz<\/p>\n","protected":false},"excerpt":{"rendered":"<p><strong>Felge:<\/strong> 35 mm Tubeless Ready <strong>Made in Germany<\/strong><strong>!<\/strong><\/p>\n<p><strong>Felgenbreite:<\/strong> 31 mm \/ <strong>Maulweite: <\/strong>25 mm<\/p>\n<p><strong>Nabe:<\/strong> DT Swiss 240 Centerlock<\/p>\n<p><strong>Kompatibilit\u00e4t:<\/strong> Vorne 100 mm \/ Hinten 142 mm, Steckachse 12 mm<\/p>\n<p><strong>Speichen:<\/strong> CX-Ray 2.0<\/p>\n<p><strong>Gesamtgewicht<\/strong>: 1.380 g (DT Swiss 240 CL Naben)<\/p>\n<p><strong>Felgengewicht:<\/strong> 405 g (je Felge)<\/p>\n<p><strong>Max. Systemgewicht:<\/strong> 120 kg<\/p>\n<p><strong>Vorlaufzeit der Lieferung: Bestellen Sie noch heute einen Laufradsatz und wir werden ihn innerhalb von 2 Tagen montieren und versenden! <\/strong><\/p>\n","protected":false},"featured_media":84700,"comment_status":"closed","ping_status":"closed","template":"","meta":{"_acf_changed":false},"product_brand":[],"product_cat":[3380,3831,3913],"product_tag":[],"class_list":{"0":"post-57952","1":"product","2":"type-product","3":"status-publish","4":"has-post-thumbnail","6":"product_cat-gravelbike","7":"product_cat-komponenten-gravelbike","8":"product_cat-laufradsatz-gravelbike","9":"product_shipping_class-wheels-and-rims-de","11":"first","12":"instock","13":"taxable","14":"shipping-taxable","15":"purchasable","16":"product-type-variable"},"composite_virtual":false,"composite_layout":"","composite_add_to_cart_form_location":"","composite_editable_in_cart":false,"composite_sold_individually_context":"","composite_shop_price_calc":"","composite_components":[],"composite_scenarios":[],"acf":[],"yoast_head":"<!-- This site is optimized with the Yoast SEO plugin v27.4 - https:\/\/yoast.com\/product\/yoast-seo-wordpress\/ -->\n<title>SL Gravel Laufradsatz von Schmolke Carbon<\/title>\n<meta name=\"description\" content=\"Unser SL-Gravel-Laufradsatz kann es mit allem aufnehmen, vom Asphalt bis hin zu rauen Schotterfahrten. Wir haben die beste Qualit\u00e4t f\u00fcr Radfahrer mit gemischtem Untergrund!\" \/>\n<meta name=\"robots\" content=\"index, follow, max-snippet:-1, max-image-preview:large, max-video-preview:-1\" \/>\n<link rel=\"canonical\" href=\"https:\/\/www.schmolke-carbon.com\/de\/produkt\/sl-gravel-radsatz\/\" \/>\n<meta property=\"og:locale\" content=\"de_DE\" \/>\n<meta property=\"og:type\" content=\"article\" \/>\n<meta property=\"og:title\" content=\"SL Gravel Laufradsatz von Schmolke Carbon\" \/>\n<meta property=\"og:description\" content=\"Unser SL-Gravel-Laufradsatz kann es mit allem aufnehmen, vom Asphalt bis hin zu rauen Schotterfahrten. Wir haben die beste Qualit\u00e4t f\u00fcr Radfahrer mit gemischtem Untergrund!\" \/>\n<meta property=\"og:url\" content=\"https:\/\/www.schmolke-carbon.com\/de\/produkt\/sl-gravel-radsatz\/\" \/>\n<meta property=\"og:site_name\" content=\"Schmolke Carbon\" \/>\n<meta property=\"article:publisher\" content=\"https:\/\/www.facebook.com\/SchmolkeCarbon\" \/>\n<meta property=\"article:modified_time\" content=\"2025-12-18T18:28:28+00:00\" \/>\n<meta property=\"og:image\" content=\"https:\/\/www.schmolke-carbon.com\/wp-content\/uploads\/2025\/05\/SL-Gravel-Wheelset-1.jpg\" \/>\n\t<meta property=\"og:image:width\" content=\"2560\" \/>\n\t<meta property=\"og:image:height\" content=\"2560\" \/>\n\t<meta property=\"og:image:type\" content=\"image\/jpeg\" \/>\n<meta name=\"twitter:card\" content=\"summary_large_image\" \/>\n<meta name=\"twitter:site\" content=\"@schmolkecarbon\" \/>\n<meta name=\"twitter:label1\" content=\"Gesch\u00e4tzte Lesezeit\" \/>\n\t<meta name=\"twitter:data1\" content=\"1\u00a0Minute\" \/>\n<script type=\"application\/ld+json\" class=\"yoast-schema-graph\">{\"@context\":\"https:\\\/\\\/schema.org\",\"@graph\":[{\"@type\":\"WebPage\",\"@id\":\"https:\\\/\\\/www.schmolke-carbon.com\\\/de\\\/produkt\\\/sl-gravel-radsatz\\\/\",\"url\":\"https:\\\/\\\/www.schmolke-carbon.com\\\/de\\\/produkt\\\/sl-gravel-radsatz\\\/\",\"name\":\"SL Gravel Laufradsatz von Schmolke Carbon\",\"isPartOf\":{\"@id\":\"https:\\\/\\\/www.schmolke-carbon.com\\\/#website\"},\"primaryImageOfPage\":{\"@id\":\"https:\\\/\\\/www.schmolke-carbon.com\\\/de\\\/produkt\\\/sl-gravel-radsatz\\\/#primaryimage\"},\"image\":{\"@id\":\"https:\\\/\\\/www.schmolke-carbon.com\\\/de\\\/produkt\\\/sl-gravel-radsatz\\\/#primaryimage\"},\"thumbnailUrl\":\"https:\\\/\\\/www.schmolke-carbon.com\\\/wp-content\\\/uploads\\\/2025\\\/05\\\/SL-Gravel-Wheelset-1.jpg\",\"datePublished\":\"2023-11-10T11:18:28+00:00\",\"dateModified\":\"2025-12-18T18:28:28+00:00\",\"description\":\"Unser SL-Gravel-Laufradsatz kann es mit allem aufnehmen, vom Asphalt bis hin zu rauen Schotterfahrten. Wir haben die beste Qualit\u00e4t f\u00fcr Radfahrer mit gemischtem Untergrund!\",\"breadcrumb\":{\"@id\":\"https:\\\/\\\/www.schmolke-carbon.com\\\/de\\\/produkt\\\/sl-gravel-radsatz\\\/#breadcrumb\"},\"inLanguage\":\"de\",\"potentialAction\":[{\"@type\":\"ReadAction\",\"target\":[\"https:\\\/\\\/www.schmolke-carbon.com\\\/de\\\/produkt\\\/sl-gravel-radsatz\\\/\"]}]},{\"@type\":\"ImageObject\",\"inLanguage\":\"de\",\"@id\":\"https:\\\/\\\/www.schmolke-carbon.com\\\/de\\\/produkt\\\/sl-gravel-radsatz\\\/#primaryimage\",\"url\":\"https:\\\/\\\/www.schmolke-carbon.com\\\/wp-content\\\/uploads\\\/2025\\\/05\\\/SL-Gravel-Wheelset-1.jpg\",\"contentUrl\":\"https:\\\/\\\/www.schmolke-carbon.com\\\/wp-content\\\/uploads\\\/2025\\\/05\\\/SL-Gravel-Wheelset-1.jpg\",\"width\":2560,\"height\":2560,\"caption\":\"SCHMOLKE Carbon SL Gravel Wheelset\"},{\"@type\":\"BreadcrumbList\",\"@id\":\"https:\\\/\\\/www.schmolke-carbon.com\\\/de\\\/produkt\\\/sl-gravel-radsatz\\\/#breadcrumb\",\"itemListElement\":[{\"@type\":\"ListItem\",\"position\":1,\"name\":\"Home\",\"item\":\"https:\\\/\\\/www.schmolke-carbon.com\\\/de\\\/home\\\/\"},{\"@type\":\"ListItem\",\"position\":2,\"name\":\"Produkte\",\"item\":\"https:\\\/\\\/www.schmolke-carbon.com\\\/de\\\/produkte\\\/\"},{\"@type\":\"ListItem\",\"position\":3,\"name\":\"SL Gravel Laufradsatz\"}]},{\"@type\":\"WebSite\",\"@id\":\"https:\\\/\\\/www.schmolke-carbon.com\\\/#website\",\"url\":\"https:\\\/\\\/www.schmolke-carbon.com\\\/\",\"name\":\"Schmolke Carbon\",\"description\":\"Custom Lightweight products - Hand made in Germany - since 1992\",\"publisher\":{\"@id\":\"https:\\\/\\\/www.schmolke-carbon.com\\\/#organization\"},\"potentialAction\":[{\"@type\":\"SearchAction\",\"target\":{\"@type\":\"EntryPoint\",\"urlTemplate\":\"https:\\\/\\\/www.schmolke-carbon.com\\\/?s={search_term_string}\"},\"query-input\":{\"@type\":\"PropertyValueSpecification\",\"valueRequired\":true,\"valueName\":\"search_term_string\"}}],\"inLanguage\":\"de\"},{\"@type\":\"Organization\",\"@id\":\"https:\\\/\\\/www.schmolke-carbon.com\\\/#organization\",\"name\":\"Schmolke Carbon\",\"url\":\"https:\\\/\\\/www.schmolke-carbon.com\\\/\",\"logo\":{\"@type\":\"ImageObject\",\"inLanguage\":\"de\",\"@id\":\"https:\\\/\\\/www.schmolke-carbon.com\\\/#\\\/schema\\\/logo\\\/image\\\/\",\"url\":\"https:\\\/\\\/www.schmolke-carbon.com\\\/wp-content\\\/uploads\\\/2017\\\/03\\\/Schmolke-Carbon-Logo.jpg\",\"contentUrl\":\"https:\\\/\\\/www.schmolke-carbon.com\\\/wp-content\\\/uploads\\\/2017\\\/03\\\/Schmolke-Carbon-Logo.jpg\",\"width\":327,\"height\":335,\"caption\":\"Schmolke Carbon\"},\"image\":{\"@id\":\"https:\\\/\\\/www.schmolke-carbon.com\\\/#\\\/schema\\\/logo\\\/image\\\/\"},\"sameAs\":[\"https:\\\/\\\/www.facebook.com\\\/SchmolkeCarbon\",\"https:\\\/\\\/x.com\\\/schmolkecarbon\",\"https:\\\/\\\/www.instagram.com\\\/schmolkecarbon\\\/\"]}]}<\/script>\n<!-- \/ Yoast SEO plugin. -->","yoast_head_json":{"title":"SL Gravel Laufradsatz von Schmolke Carbon","description":"Unser SL-Gravel-Laufradsatz kann es mit allem aufnehmen, vom Asphalt bis hin zu rauen Schotterfahrten. Wir haben die beste Qualit\u00e4t f\u00fcr Radfahrer mit gemischtem Untergrund!","robots":{"index":"index","follow":"follow","max-snippet":"max-snippet:-1","max-image-preview":"max-image-preview:large","max-video-preview":"max-video-preview:-1"},"canonical":"https:\/\/www.schmolke-carbon.com\/de\/produkt\/sl-gravel-radsatz\/","og_locale":"de_DE","og_type":"article","og_title":"SL Gravel Laufradsatz von Schmolke Carbon","og_description":"Unser SL-Gravel-Laufradsatz kann es mit allem aufnehmen, vom Asphalt bis hin zu rauen Schotterfahrten. Wir haben die beste Qualit\u00e4t f\u00fcr Radfahrer mit gemischtem Untergrund!","og_url":"https:\/\/www.schmolke-carbon.com\/de\/produkt\/sl-gravel-radsatz\/","og_site_name":"Schmolke Carbon","article_publisher":"https:\/\/www.facebook.com\/SchmolkeCarbon","article_modified_time":"2025-12-18T18:28:28+00:00","og_image":[{"width":2560,"height":2560,"url":"https:\/\/www.schmolke-carbon.com\/wp-content\/uploads\/2025\/05\/SL-Gravel-Wheelset-1.jpg","type":"image\/jpeg"}],"twitter_card":"summary_large_image","twitter_site":"@schmolkecarbon","twitter_misc":{"Gesch\u00e4tzte Lesezeit":"1\u00a0Minute"},"schema":{"@context":"https:\/\/schema.org","@graph":[{"@type":"WebPage","@id":"https:\/\/www.schmolke-carbon.com\/de\/produkt\/sl-gravel-radsatz\/","url":"https:\/\/www.schmolke-carbon.com\/de\/produkt\/sl-gravel-radsatz\/","name":"SL Gravel Laufradsatz von Schmolke Carbon","isPartOf":{"@id":"https:\/\/www.schmolke-carbon.com\/#website"},"primaryImageOfPage":{"@id":"https:\/\/www.schmolke-carbon.com\/de\/produkt\/sl-gravel-radsatz\/#primaryimage"},"image":{"@id":"https:\/\/www.schmolke-carbon.com\/de\/produkt\/sl-gravel-radsatz\/#primaryimage"},"thumbnailUrl":"https:\/\/www.schmolke-carbon.com\/wp-content\/uploads\/2025\/05\/SL-Gravel-Wheelset-1.jpg","datePublished":"2023-11-10T11:18:28+00:00","dateModified":"2025-12-18T18:28:28+00:00","description":"Unser SL-Gravel-Laufradsatz kann es mit allem aufnehmen, vom Asphalt bis hin zu rauen Schotterfahrten. Wir haben die beste Qualit\u00e4t f\u00fcr Radfahrer mit gemischtem Untergrund!","breadcrumb":{"@id":"https:\/\/www.schmolke-carbon.com\/de\/produkt\/sl-gravel-radsatz\/#breadcrumb"},"inLanguage":"de","potentialAction":[{"@type":"ReadAction","target":["https:\/\/www.schmolke-carbon.com\/de\/produkt\/sl-gravel-radsatz\/"]}]},{"@type":"ImageObject","inLanguage":"de","@id":"https:\/\/www.schmolke-carbon.com\/de\/produkt\/sl-gravel-radsatz\/#primaryimage","url":"https:\/\/www.schmolke-carbon.com\/wp-content\/uploads\/2025\/05\/SL-Gravel-Wheelset-1.jpg","contentUrl":"https:\/\/www.schmolke-carbon.com\/wp-content\/uploads\/2025\/05\/SL-Gravel-Wheelset-1.jpg","width":2560,"height":2560,"caption":"SCHMOLKE Carbon SL Gravel Wheelset"},{"@type":"BreadcrumbList","@id":"https:\/\/www.schmolke-carbon.com\/de\/produkt\/sl-gravel-radsatz\/#breadcrumb","itemListElement":[{"@type":"ListItem","position":1,"name":"Home","item":"https:\/\/www.schmolke-carbon.com\/de\/home\/"},{"@type":"ListItem","position":2,"name":"Produkte","item":"https:\/\/www.schmolke-carbon.com\/de\/produkte\/"},{"@type":"ListItem","position":3,"name":"SL Gravel Laufradsatz"}]},{"@type":"WebSite","@id":"https:\/\/www.schmolke-carbon.com\/#website","url":"https:\/\/www.schmolke-carbon.com\/","name":"Schmolke Carbon","description":"Custom Lightweight products - Hand made in Germany - since 1992","publisher":{"@id":"https:\/\/www.schmolke-carbon.com\/#organization"},"potentialAction":[{"@type":"SearchAction","target":{"@type":"EntryPoint","urlTemplate":"https:\/\/www.schmolke-carbon.com\/?s={search_term_string}"},"query-input":{"@type":"PropertyValueSpecification","valueRequired":true,"valueName":"search_term_string"}}],"inLanguage":"de"},{"@type":"Organization","@id":"https:\/\/www.schmolke-carbon.com\/#organization","name":"Schmolke Carbon","url":"https:\/\/www.schmolke-carbon.com\/","logo":{"@type":"ImageObject","inLanguage":"de","@id":"https:\/\/www.schmolke-carbon.com\/#\/schema\/logo\/image\/","url":"https:\/\/www.schmolke-carbon.com\/wp-content\/uploads\/2017\/03\/Schmolke-Carbon-Logo.jpg","contentUrl":"https:\/\/www.schmolke-carbon.com\/wp-content\/uploads\/2017\/03\/Schmolke-Carbon-Logo.jpg","width":327,"height":335,"caption":"Schmolke Carbon"},"image":{"@id":"https:\/\/www.schmolke-carbon.com\/#\/schema\/logo\/image\/"},"sameAs":["https:\/\/www.facebook.com\/SchmolkeCarbon","https:\/\/x.com\/schmolkecarbon","https:\/\/www.instagram.com\/schmolkecarbon\/"]}]}},"_links":{"self":[{"href":"https:\/\/www.schmolke-carbon.com\/de\/wp-json\/wp\/v2\/product\/57952","targetHints":{"allow":["GET"]}}],"collection":[{"href":"https:\/\/www.schmolke-carbon.com\/de\/wp-json\/wp\/v2\/product"}],"about":[{"href":"https:\/\/www.schmolke-carbon.com\/de\/wp-json\/wp\/v2\/types\/product"}],"replies":[{"embeddable":true,"href":"https:\/\/www.schmolke-carbon.com\/de\/wp-json\/wp\/v2\/comments?post=57952"}],"wp:featuredmedia":[{"embeddable":true,"href":"https:\/\/www.schmolke-carbon.com\/de\/wp-json\/wp\/v2\/media\/84700"}],"wp:attachment":[{"href":"https:\/\/www.schmolke-carbon.com\/de\/wp-json\/wp\/v2\/media?parent=57952"}],"wp:term":[{"taxonomy":"product_brand","embeddable":true,"href":"https:\/\/www.schmolke-carbon.com\/de\/wp-json\/wp\/v2\/product_brand?post=57952"},{"taxonomy":"product_cat","embeddable":true,"href":"https:\/\/www.schmolke-carbon.com\/de\/wp-json\/wp\/v2\/product_cat?post=57952"},{"taxonomy":"product_tag","embeddable":true,"href":"https:\/\/www.schmolke-carbon.com\/de\/wp-json\/wp\/v2\/product_tag?post=57952"}],"curies":[{"name":"wp","href":"https:\/\/api.w.org\/{rel}","templated":true}]}}