{"id":57663,"date":"2023-10-17T12:00:38","date_gmt":"2023-10-17T10:00:39","guid":{"rendered":"https:\/\/www.schmolke-carbon.com\/?post_type=product&#038;p=57663"},"modified":"2025-06-20T12:35:14","modified_gmt":"2025-06-20T10:35:14","slug":"wiha-schraubendreher-mit-bit-halter-softfinish","status":"publish","type":"product","link":"https:\/\/www.schmolke-carbon.com\/de\/produkt\/wiha-schraubendreher-mit-bit-halter-softfinish\/","title":{"rendered":"Wiha Schraubendreher mit Bithalter SoftFinish\u00ae Klemmung \u00fcber Sprengring, flexibler Schaft, 1\/4 (01479) 268 mm"},"content":{"rendered":"<p><span style=\"font-size: 110%;\"><strong>Daten des Artikels<\/strong><\/span><\/p>\n<p><strong>Hersteller:<\/strong> Wiha Tools GmbH<br \/>\n<strong>Zustand:<\/strong> NEU<br \/>\n<strong>Artikel Nummer:<\/strong> T-344750<br \/>\n<strong>SKU Hersteller:<\/strong> 01479<br \/>\n<strong>GTIN-Code (EAN):<\/strong> 4010995014797<br \/>\n<strong>Gewicht:<\/strong> 0,13 kg<\/p>\n<p><span style=\"font-size: 110%;\"><strong>Zus\u00e4tzliche Informationen<\/strong><\/span><\/p>\n<p><strong>Au\u00dfensechskant (mm):<\/strong> 1\/4<br \/>\n<strong>Gewicht (g):<\/strong> 131<br \/>\n<strong>Durchmesser des Griffs (mm):<\/strong> 36<br \/>\n<strong>L\u00e4nge des Schraubendrehers (mm):<\/strong> 268<br \/>\n<strong>Serie:<\/strong> 386<br \/>\n<strong>Sichtbare Klingenl\u00e4nge (mm):<\/strong> 150<\/p>\n<p>Alle Angaben beziehen sich auf Artikel der <a href=\"https:\/\/www.wihatools.com\/\">Wiha Werkzeug GmbH<\/a>. Technische und optische \u00c4nderungen durch den Hersteller und Irrt\u00fcmer vorbehalten.<\/p>\n","protected":false},"excerpt":{"rendered":"<p><strong>Ausgang:<\/strong> F\u00fcr Bits nach DIN 3126, ISO 1173 Form C 6.3.<\/p>\n<p><strong>Handgriff:<\/strong> Wiha SoftFinish\u00ae Mehrkomponentengriff mit Abrollschutz<\/p>\n<p><strong>Anwendung:<\/strong> F\u00fcr gewinkelte Schrauben<\/p>\n<p><strong>Bithalter:<\/strong> Mit Sprengring<\/p>\n<p><strong>Klinge:<\/strong> Kunststoffbeschichtetes Drahtgeflecht.<\/p>\n<p><strong>Normen:<\/strong> f\u00fcr Bits DIN 3126, ISO 1173, Form C6.3<\/p>\n<p>Wenn Sie zwei unserer Produkte bestellen, erhalten Sie den Griff und den passenden <a href=\"https:\/\/www.schmolke-carbon.com\/de\/produkt\/schmolke-torque-application\/\">Drehmomenteinsatz<\/a> kostenlos. Hierf\u00fcr m\u00fcssen Sie zwei Produkte aus den folgenden Kategorien bestellen: Sattelst\u00fctze, Vorbau, Lenker (MTB + Stra\u00dfe), Rahmen, Sattel.<\/p>\n<p><strong>Verf\u00fcgbarkeit:<\/strong> Produkte, die als <strong>\u201cauf Lager\u201d <\/strong>angezeigt werden, werden innerhalb von 48 Stunden geliefert. <strong>Artikel im R\u00fcckstand<\/strong> werden innerhalb von 3 Wochen verschickt.<\/p>\n","protected":false},"featured_media":57681,"comment_status":"closed","ping_status":"closed","template":"","meta":{"_acf_changed":false},"product_brand":[],"product_cat":[3432,3834,3380,3829,3092,3827,3431,3832],"product_tag":[],"class_list":{"0":"post-57663","1":"product","2":"type-product","3":"status-publish","4":"has-post-thumbnail","6":"product_cat-rennrad","7":"product_cat-accessoires-rennrad","8":"product_cat-gravelbike","9":"product_cat-accessoires-gravelbike","10":"product_cat-faltrad","11":"product_cat-accessoires-faltrad","12":"product_cat-mtb","13":"product_cat-accessoires-mtb","14":"product_shipping_class-small-items-de","16":"first","17":"instock","18":"taxable","19":"shipping-taxable","20":"purchasable","21":"product-type-simple"},"composite_virtual":false,"composite_layout":"","composite_add_to_cart_form_location":"","composite_editable_in_cart":false,"composite_sold_individually_context":"","composite_shop_price_calc":"","composite_components":[],"composite_scenarios":[],"acf":[],"yoast_head":"<!-- This site is optimized with the Yoast SEO plugin v27.5 - https:\/\/yoast.com\/product\/yoast-seo-wordpress\/ -->\n<title>Schmolke Carbon Felgenaufkleber<\/title>\n<meta name=\"robots\" content=\"index, follow, max-snippet:-1, max-image-preview:large, max-video-preview:-1\" \/>\n<link rel=\"canonical\" href=\"https:\/\/www.schmolke-carbon.com\/de\/produkt\/wiha-schraubendreher-mit-bit-halter-softfinish\/\" \/>\n<meta property=\"og:locale\" content=\"de_DE\" \/>\n<meta property=\"og:type\" content=\"article\" \/>\n<meta property=\"og:title\" content=\"Schmolke Carbon Felgenaufkleber\" \/>\n<meta property=\"og:description\" content=\"Ausgang: F\u00fcr Bits nach DIN 3126, ISO 1173 Form C 6.3. Handgriff: Wiha SoftFinish\u00ae Mehrkomponentengriff mit Abrollschutz Anwendung: F\u00fcr gewinkelte Schrauben Bithalter: Mit Sprengring Klinge: Kunststoffbeschichtetes Drahtgeflecht. Normen: f\u00fcr Bits DIN 3126, ISO 1173, Form C6.3 Wenn Sie zwei unserer Produkte bestellen, erhalten Sie den Griff und den passenden Drehmomenteinsatz kostenlos. Hierf\u00fcr m\u00fcssen Sie zwei Produkte aus den folgenden Kategorien bestellen: Sattelst\u00fctze, Vorbau, Lenker (MTB + Stra\u00dfe), Rahmen, Sattel. Verf\u00fcgbarkeit: Produkte, die als \u201cauf Lager\u201d angezeigt werden, werden innerhalb von 48 Stunden geliefert. Artikel im R\u00fcckstand werden innerhalb von 3 Wochen verschickt.\" \/>\n<meta property=\"og:url\" content=\"https:\/\/www.schmolke-carbon.com\/de\/produkt\/wiha-schraubendreher-mit-bit-halter-softfinish\/\" \/>\n<meta property=\"og:site_name\" content=\"Schmolke Carbon\" \/>\n<meta property=\"article:publisher\" content=\"https:\/\/www.facebook.com\/SchmolkeCarbon\" \/>\n<meta property=\"article:modified_time\" content=\"2025-06-20T10:35:14+00:00\" \/>\n<meta property=\"og:image\" content=\"https:\/\/www.schmolke-carbon.com\/wp-content\/uploads\/2023\/10\/386_SoftFinish_Bithalter-1.jpg\" \/>\n\t<meta property=\"og:image:width\" content=\"1700\" \/>\n\t<meta property=\"og:image:height\" content=\"1700\" \/>\n\t<meta property=\"og:image:type\" content=\"image\/jpeg\" \/>\n<meta name=\"twitter:card\" content=\"summary_large_image\" \/>\n<meta name=\"twitter:site\" content=\"@schmolkecarbon\" \/>\n<script type=\"application\/ld+json\" class=\"yoast-schema-graph\">{\"@context\":\"https:\\\/\\\/schema.org\",\"@graph\":[{\"@type\":\"WebPage\",\"@id\":\"https:\\\/\\\/www.schmolke-carbon.com\\\/de\\\/produkt\\\/wiha-schraubendreher-mit-bit-halter-softfinish\\\/\",\"url\":\"https:\\\/\\\/www.schmolke-carbon.com\\\/de\\\/produkt\\\/wiha-schraubendreher-mit-bit-halter-softfinish\\\/\",\"name\":\"Schmolke Carbon Felgenaufkleber\",\"isPartOf\":{\"@id\":\"https:\\\/\\\/www.schmolke-carbon.com\\\/#website\"},\"primaryImageOfPage\":{\"@id\":\"https:\\\/\\\/www.schmolke-carbon.com\\\/de\\\/produkt\\\/wiha-schraubendreher-mit-bit-halter-softfinish\\\/#primaryimage\"},\"image\":{\"@id\":\"https:\\\/\\\/www.schmolke-carbon.com\\\/de\\\/produkt\\\/wiha-schraubendreher-mit-bit-halter-softfinish\\\/#primaryimage\"},\"thumbnailUrl\":\"https:\\\/\\\/www.schmolke-carbon.com\\\/wp-content\\\/uploads\\\/2023\\\/10\\\/386_SoftFinish_Bithalter-1.jpg\",\"datePublished\":\"2023-10-17T10:00:39+00:00\",\"dateModified\":\"2025-06-20T10:35:14+00:00\",\"breadcrumb\":{\"@id\":\"https:\\\/\\\/www.schmolke-carbon.com\\\/de\\\/produkt\\\/wiha-schraubendreher-mit-bit-halter-softfinish\\\/#breadcrumb\"},\"inLanguage\":\"de\",\"potentialAction\":[{\"@type\":\"ReadAction\",\"target\":[\"https:\\\/\\\/www.schmolke-carbon.com\\\/de\\\/produkt\\\/wiha-schraubendreher-mit-bit-halter-softfinish\\\/\"]}]},{\"@type\":\"ImageObject\",\"inLanguage\":\"de\",\"@id\":\"https:\\\/\\\/www.schmolke-carbon.com\\\/de\\\/produkt\\\/wiha-schraubendreher-mit-bit-halter-softfinish\\\/#primaryimage\",\"url\":\"https:\\\/\\\/www.schmolke-carbon.com\\\/wp-content\\\/uploads\\\/2023\\\/10\\\/386_SoftFinish_Bithalter-1.jpg\",\"contentUrl\":\"https:\\\/\\\/www.schmolke-carbon.com\\\/wp-content\\\/uploads\\\/2023\\\/10\\\/386_SoftFinish_Bithalter-1.jpg\",\"width\":1700,\"height\":1700,\"caption\":\"386_SoftFinish_Bithalter\"},{\"@type\":\"BreadcrumbList\",\"@id\":\"https:\\\/\\\/www.schmolke-carbon.com\\\/de\\\/produkt\\\/wiha-schraubendreher-mit-bit-halter-softfinish\\\/#breadcrumb\",\"itemListElement\":[{\"@type\":\"ListItem\",\"position\":1,\"name\":\"Home\",\"item\":\"https:\\\/\\\/www.schmolke-carbon.com\\\/de\\\/\"},{\"@type\":\"ListItem\",\"position\":2,\"name\":\"Produkte\",\"item\":\"https:\\\/\\\/www.schmolke-carbon.com\\\/de\\\/produkte\\\/\"},{\"@type\":\"ListItem\",\"position\":3,\"name\":\"Wiha Schraubendreher mit Bithalter SoftFinish\u00ae Klemmung \u00fcber Sprengring, flexibler Schaft, 1\\\/4 (01479) 268 mm\"}]},{\"@type\":\"WebSite\",\"@id\":\"https:\\\/\\\/www.schmolke-carbon.com\\\/#website\",\"url\":\"https:\\\/\\\/www.schmolke-carbon.com\\\/\",\"name\":\"Schmolke Carbon\",\"description\":\"Custom Lightweight products - Hand made in Germany - since 1992\",\"publisher\":{\"@id\":\"https:\\\/\\\/www.schmolke-carbon.com\\\/#organization\"},\"potentialAction\":[{\"@type\":\"SearchAction\",\"target\":{\"@type\":\"EntryPoint\",\"urlTemplate\":\"https:\\\/\\\/www.schmolke-carbon.com\\\/?s={search_term_string}\"},\"query-input\":{\"@type\":\"PropertyValueSpecification\",\"valueRequired\":true,\"valueName\":\"search_term_string\"}}],\"inLanguage\":\"de\"},{\"@type\":\"Organization\",\"@id\":\"https:\\\/\\\/www.schmolke-carbon.com\\\/#organization\",\"name\":\"Schmolke Carbon\",\"url\":\"https:\\\/\\\/www.schmolke-carbon.com\\\/\",\"logo\":{\"@type\":\"ImageObject\",\"inLanguage\":\"de\",\"@id\":\"https:\\\/\\\/www.schmolke-carbon.com\\\/#\\\/schema\\\/logo\\\/image\\\/\",\"url\":\"https:\\\/\\\/www.schmolke-carbon.com\\\/wp-content\\\/uploads\\\/2017\\\/03\\\/Schmolke-Carbon-Logo.jpg\",\"contentUrl\":\"https:\\\/\\\/www.schmolke-carbon.com\\\/wp-content\\\/uploads\\\/2017\\\/03\\\/Schmolke-Carbon-Logo.jpg\",\"width\":327,\"height\":335,\"caption\":\"Schmolke Carbon\"},\"image\":{\"@id\":\"https:\\\/\\\/www.schmolke-carbon.com\\\/#\\\/schema\\\/logo\\\/image\\\/\"},\"sameAs\":[\"https:\\\/\\\/www.facebook.com\\\/SchmolkeCarbon\",\"https:\\\/\\\/x.com\\\/schmolkecarbon\",\"https:\\\/\\\/www.instagram.com\\\/schmolkecarbon\\\/\"]}]}<\/script>\n<!-- \/ Yoast SEO plugin. -->","yoast_head_json":{"title":"Schmolke Carbon Felgenaufkleber","robots":{"index":"index","follow":"follow","max-snippet":"max-snippet:-1","max-image-preview":"max-image-preview:large","max-video-preview":"max-video-preview:-1"},"canonical":"https:\/\/www.schmolke-carbon.com\/de\/produkt\/wiha-schraubendreher-mit-bit-halter-softfinish\/","og_locale":"de_DE","og_type":"article","og_title":"Schmolke Carbon Felgenaufkleber","og_description":"Ausgang: F\u00fcr Bits nach DIN 3126, ISO 1173 Form C 6.3. Handgriff: Wiha SoftFinish\u00ae Mehrkomponentengriff mit Abrollschutz Anwendung: F\u00fcr gewinkelte Schrauben Bithalter: Mit Sprengring Klinge: Kunststoffbeschichtetes Drahtgeflecht. Normen: f\u00fcr Bits DIN 3126, ISO 1173, Form C6.3 Wenn Sie zwei unserer Produkte bestellen, erhalten Sie den Griff und den passenden Drehmomenteinsatz kostenlos. Hierf\u00fcr m\u00fcssen Sie zwei Produkte aus den folgenden Kategorien bestellen: Sattelst\u00fctze, Vorbau, Lenker (MTB + Stra\u00dfe), Rahmen, Sattel. Verf\u00fcgbarkeit: Produkte, die als \u201cauf Lager\u201d angezeigt werden, werden innerhalb von 48 Stunden geliefert. Artikel im R\u00fcckstand werden innerhalb von 3 Wochen verschickt.","og_url":"https:\/\/www.schmolke-carbon.com\/de\/produkt\/wiha-schraubendreher-mit-bit-halter-softfinish\/","og_site_name":"Schmolke Carbon","article_publisher":"https:\/\/www.facebook.com\/SchmolkeCarbon","article_modified_time":"2025-06-20T10:35:14+00:00","og_image":[{"width":1700,"height":1700,"url":"https:\/\/www.schmolke-carbon.com\/wp-content\/uploads\/2023\/10\/386_SoftFinish_Bithalter-1.jpg","type":"image\/jpeg"}],"twitter_card":"summary_large_image","twitter_site":"@schmolkecarbon","schema":{"@context":"https:\/\/schema.org","@graph":[{"@type":"WebPage","@id":"https:\/\/www.schmolke-carbon.com\/de\/produkt\/wiha-schraubendreher-mit-bit-halter-softfinish\/","url":"https:\/\/www.schmolke-carbon.com\/de\/produkt\/wiha-schraubendreher-mit-bit-halter-softfinish\/","name":"Schmolke Carbon Felgenaufkleber","isPartOf":{"@id":"https:\/\/www.schmolke-carbon.com\/#website"},"primaryImageOfPage":{"@id":"https:\/\/www.schmolke-carbon.com\/de\/produkt\/wiha-schraubendreher-mit-bit-halter-softfinish\/#primaryimage"},"image":{"@id":"https:\/\/www.schmolke-carbon.com\/de\/produkt\/wiha-schraubendreher-mit-bit-halter-softfinish\/#primaryimage"},"thumbnailUrl":"https:\/\/www.schmolke-carbon.com\/wp-content\/uploads\/2023\/10\/386_SoftFinish_Bithalter-1.jpg","datePublished":"2023-10-17T10:00:39+00:00","dateModified":"2025-06-20T10:35:14+00:00","breadcrumb":{"@id":"https:\/\/www.schmolke-carbon.com\/de\/produkt\/wiha-schraubendreher-mit-bit-halter-softfinish\/#breadcrumb"},"inLanguage":"de","potentialAction":[{"@type":"ReadAction","target":["https:\/\/www.schmolke-carbon.com\/de\/produkt\/wiha-schraubendreher-mit-bit-halter-softfinish\/"]}]},{"@type":"ImageObject","inLanguage":"de","@id":"https:\/\/www.schmolke-carbon.com\/de\/produkt\/wiha-schraubendreher-mit-bit-halter-softfinish\/#primaryimage","url":"https:\/\/www.schmolke-carbon.com\/wp-content\/uploads\/2023\/10\/386_SoftFinish_Bithalter-1.jpg","contentUrl":"https:\/\/www.schmolke-carbon.com\/wp-content\/uploads\/2023\/10\/386_SoftFinish_Bithalter-1.jpg","width":1700,"height":1700,"caption":"386_SoftFinish_Bithalter"},{"@type":"BreadcrumbList","@id":"https:\/\/www.schmolke-carbon.com\/de\/produkt\/wiha-schraubendreher-mit-bit-halter-softfinish\/#breadcrumb","itemListElement":[{"@type":"ListItem","position":1,"name":"Home","item":"https:\/\/www.schmolke-carbon.com\/de\/"},{"@type":"ListItem","position":2,"name":"Produkte","item":"https:\/\/www.schmolke-carbon.com\/de\/produkte\/"},{"@type":"ListItem","position":3,"name":"Wiha Schraubendreher mit Bithalter SoftFinish\u00ae Klemmung \u00fcber Sprengring, flexibler Schaft, 1\/4 (01479) 268 mm"}]},{"@type":"WebSite","@id":"https:\/\/www.schmolke-carbon.com\/#website","url":"https:\/\/www.schmolke-carbon.com\/","name":"Schmolke Carbon","description":"Custom Lightweight products - Hand made in Germany - since 1992","publisher":{"@id":"https:\/\/www.schmolke-carbon.com\/#organization"},"potentialAction":[{"@type":"SearchAction","target":{"@type":"EntryPoint","urlTemplate":"https:\/\/www.schmolke-carbon.com\/?s={search_term_string}"},"query-input":{"@type":"PropertyValueSpecification","valueRequired":true,"valueName":"search_term_string"}}],"inLanguage":"de"},{"@type":"Organization","@id":"https:\/\/www.schmolke-carbon.com\/#organization","name":"Schmolke Carbon","url":"https:\/\/www.schmolke-carbon.com\/","logo":{"@type":"ImageObject","inLanguage":"de","@id":"https:\/\/www.schmolke-carbon.com\/#\/schema\/logo\/image\/","url":"https:\/\/www.schmolke-carbon.com\/wp-content\/uploads\/2017\/03\/Schmolke-Carbon-Logo.jpg","contentUrl":"https:\/\/www.schmolke-carbon.com\/wp-content\/uploads\/2017\/03\/Schmolke-Carbon-Logo.jpg","width":327,"height":335,"caption":"Schmolke Carbon"},"image":{"@id":"https:\/\/www.schmolke-carbon.com\/#\/schema\/logo\/image\/"},"sameAs":["https:\/\/www.facebook.com\/SchmolkeCarbon","https:\/\/x.com\/schmolkecarbon","https:\/\/www.instagram.com\/schmolkecarbon\/"]}]}},"_links":{"self":[{"href":"https:\/\/www.schmolke-carbon.com\/de\/wp-json\/wp\/v2\/product\/57663","targetHints":{"allow":["GET"]}}],"collection":[{"href":"https:\/\/www.schmolke-carbon.com\/de\/wp-json\/wp\/v2\/product"}],"about":[{"href":"https:\/\/www.schmolke-carbon.com\/de\/wp-json\/wp\/v2\/types\/product"}],"replies":[{"embeddable":true,"href":"https:\/\/www.schmolke-carbon.com\/de\/wp-json\/wp\/v2\/comments?post=57663"}],"wp:featuredmedia":[{"embeddable":true,"href":"https:\/\/www.schmolke-carbon.com\/de\/wp-json\/wp\/v2\/media\/57681"}],"wp:attachment":[{"href":"https:\/\/www.schmolke-carbon.com\/de\/wp-json\/wp\/v2\/media?parent=57663"}],"wp:term":[{"taxonomy":"product_brand","embeddable":true,"href":"https:\/\/www.schmolke-carbon.com\/de\/wp-json\/wp\/v2\/product_brand?post=57663"},{"taxonomy":"product_cat","embeddable":true,"href":"https:\/\/www.schmolke-carbon.com\/de\/wp-json\/wp\/v2\/product_cat?post=57663"},{"taxonomy":"product_tag","embeddable":true,"href":"https:\/\/www.schmolke-carbon.com\/de\/wp-json\/wp\/v2\/product_tag?post=57663"}],"curies":[{"name":"wp","href":"https:\/\/api.w.org\/{rel}","templated":true}]}}