{"id":55441,"date":"2023-05-09T11:38:46","date_gmt":"2023-05-09T09:38:46","guid":{"rendered":"https:\/\/www.schmolke-carbon.com\/?post_type=product&#038;p=55441"},"modified":"2025-12-18T20:36:33","modified_gmt":"2025-12-18T18:36:33","slug":"sl-47-clincher-tlr-disc-laufradsatz","status":"publish","type":"product","link":"https:\/\/www.schmolke-carbon.com\/de\/produkt\/sl-47-clincher-tlr-disc-laufradsatz\/","title":{"rendered":"SL 47 Clincher \/ TLR Disc"},"content":{"rendered":"<h4><strong>U-Shape<\/strong><\/h4>\n<p>F\u00fcr beste Performance bei hohen Geschwindigkeiten \u2013 Der aerodynamische U-Shape wurde sukzessive optimiert um die besten Aerodynamischen Eigenschaften zu erm\u00f6glichen. Um den Shape unter Speichenspannung nicht zu deformieren muss mehr Material mit verschiedenen Faserorientierungen angeh\u00e4uft werden \u2013 trotzdem konnte ein geringes Gewicht bei bewehrter Stabilit\u00e4t erreicht werden. Aerodynamik war uns bei diesem Produkt noch wichtiger als das minimale Gewicht.  <\/p>\n<h4><strong>Maulweite<\/strong><\/h4>\n<p>21 mm \u2013 die Felge ist optimiert f\u00fcr Reifen von 25 mm bis 32 mm. Die besten aerodynamischen Eigenschaften erh\u00e4lt man mit einer Reifenbreite von 28 \u2013 30 mm. Nat\u00fcrlich kann man die Felge trotzdem auch mit Cross- und Gravelreifen fahren.  <\/p>\n<h4><strong>Einsatzbereich<\/strong><\/h4>\n<p>Road und leichter Offroad. Getestet auf den h\u00e4rtesten Stra\u00dfen der Welt, gefahren bei der Flandernrundfahrt im Profipeloton \u2013 sagt fast alles, oder? <\/p>\n<h4><strong>Felgenkonstruktion<\/strong><\/h4>\n<p>Die Felge besteht aus hochwertigen japanischen Fasern die belastungsgerecht in near-netshape im Preformingprozess abgelegt werden. An jeder Stelle der Felge haben die Fasern den gleichen, optimalen Winkel zum Mittelpunkt des Laufrads \u2013 diese Einzigartigkeit erlaubt uns Gewicht zu reduzieren und d\u00fcnne Wandst\u00e4rken zu realisieren ohne Verlust in Stabilit\u00e4t und Impactresistenz. <\/p>\n<p>Hergestellt aus 100 % recycelten Fasern.<\/p>\n<h4><strong>Naben unseres Vertrauens<\/strong><\/h4>\n<p>DT Swiss \u2013 Seit nun 3 Jahren vertrauen wir auf die Qualit\u00e4t und Langlebigkeit der DT Swiss 240 Nabe, f\u00fcr unsere SL-Reihe. Gepaart mit dem geringen Gewicht ist die DT Swiss 240 Nabe das perfekte Match, aller, f\u00fcr Schmolke Standards, wichtigen Parameter. Das \u00e4u\u00dferst zuverl\u00e4ssige Freilaufsystem sorgt f\u00fcr die direkte Kraft\u00fcbertragung auch bei h\u00f6chsten Belastungen. Leichtlaufende Lager liefern mit ihrem extrem geringen Rollwiderstand einen deutlichen Vorsprung.   <\/p>\n<div id=\"tw-target-text-container\" class=\"tw-ta-container F0azHf tw-nfl\" tabindex=\"0\">\n<h4><strong>Speichen<\/strong><\/h4>\n<p>Bei allen unseren Laufr\u00e4dern verbauen wir die Stahlspeichen des belgischen Herstellers SAPIM. Mit der von uns verbauten Messerspeiche CX-Ray, ist Sapim die Entwicklung einer au\u00dfergew\u00f6hnlichen Speiche gelungen. Sie besitzt neben dem geringen Gewicht, eine au\u00dfergew\u00f6hnliche Belastungsf\u00e4higkeit und Flexibilit\u00e4t. Daraus resultiert auch der gro\u00dfe Einsatzbereich.    Egal ob Rennrad-, Gravel- oder MTB-Laufradsatz, alle ziehen ihren Nutzen aus diesen positiven Eigenschaften. Zus\u00e4tzlich sorgt der abgeflachte Mittelteil f\u00fcr eine hervorragende Aerodynamik. Die hohe Materialqualit\u00e4t erm\u00f6glicht den Bau stabiler Laufr\u00e4der und b\u00fcrgt f\u00fcr eine lange Lebensdauer.  <\/p>\n<h4><strong>Welches Freilaufsystem ben\u00f6tige ich?<\/strong><\/h4>\n<p>Bevor du bestellst, solltest du sicherstellen, welche Gruppe an deinem Fahrrad verbaut ist. Dies bestimmt, welchen Freilaufk\u00f6rper du bestellen solltest. <\/p>\n<p>Shimano \u2013 solltest du eine Shimano Schaltgruppe verbaut haben, w\u00e4hle bitte Shimano (HG-11) als Freilaufk\u00f6rper aus. Auch bei der neuen 12-fach Schaltung kann die Kassette ohne Probleme, weiter auf dem herk\u00f6mmliche HG-11 Freilaufk\u00f6rper verbaut werden. <\/p>\n<p>SRAM \u2013 wenn Ihr Fahrrad \u00fcber eine SRAM-Gruppe mit 11-fach-Kassette verf\u00fcgt, sollten Sie sich f\u00fcr den Shimano HG-11-Freilaufk\u00f6rper entscheiden, um Ihre Kassette verbauen zu k\u00f6nnen. Die neueren 12-Gang-AXS-Schaltungen von SRAM ben\u00f6tigen zur Montage den XDR-Freilaufk\u00f6rper, bei dem die Kassette in einem St\u00fcck mit dem K\u00f6rper verschraubt wird. <\/p>\n<p>Campagnolo \u2013 hast du eine Campagnolo 12-fach Schaltung verbaut bitten wir dich, den Freilaufk\u00f6rper \u201eCampagnolo\u201c bei der Bestellung auszuw\u00e4hlen. Ben\u00f6tigst du z.B. f\u00fcr deine Gravelgruppe \u201eEKAR\u201c den N3W Freilaufk\u00f6rper, bitten wir dich dies in den Bestellkommentaren uns mitzuteilen.<\/p>\n<h4><strong>Laufradbau<\/strong><\/h4>\n<p>Die SL47 Laufr\u00e4der werden in m\u00fchevoller Arbeit von unserem Laufradbauer eingespeicht und zentriert. Dies erfolgt in unserer Werkstatt in Konstanz am sch\u00f6nen Bodensee. Dabei wird sehr genau darauf geachtet, dass jedes Laufrad mit optimalem Rundlauf und der richtigen Speichenspannung fertiggestellt wird. Um den Sitz der Speiche zu optimieren werden unsere SL47 Laufrads\u00e4tze mehrmals maschinell mit exakt definierter Kraft abgedr\u00fcckt. Dies hat zur Folge, dass du als Kunde nicht nach kurzer Zeit wieder nachzentrieren lassen musst, sondern direkt und ohne Einschr\u00e4nkung den vollen Fahrspa\u00df der R\u00e4der genie\u00dfen kannst.    <\/p>\n<p><a href=\"https:\/\/www.schmolke-carbon.com\/de\/qualitaet-service\/montageanleitungen\/#roadbikes\">Montageanleitung <\/a>f\u00fcr SL 47 Clincher \/ TLR Disc Laufradsatz<\/p>\n<\/div>\n","protected":false},"excerpt":{"rendered":"<p><strong>Felge:<\/strong> 47 mm Clincher \/ Tubeless Ready <strong>Made in Germany<\/strong><strong>!<\/strong><\/p>\n<p><strong>Felgenbreite:<\/strong> 28 mm \/ <strong>Maulweite: <\/strong>21 mm<\/p>\n<p><strong>Nabe:<\/strong> DT Swiss 240 Centerlock<\/p>\n<p><strong>Kompatibilit\u00e4t:<\/strong> Vorne 100 mm \/ Hinten 142 mm, Steckachse 12 mm<\/p>\n<p><strong>Speichen:<\/strong> CX-Ray 2.0<\/p>\n<p><strong>Gesamtgewicht<\/strong>: 1525 g (DT Swiss 240 CL Naben)<\/p>\n<p><strong>Felgengewicht:<\/strong> ca. 480 g (je Felge)<\/p>\n<p><strong>Max. Systemgewicht:<\/strong> 110 kg<\/p>\n<p><strong>Bester Kompromiss aus top Aerodynamik, bei geringem Gewicht und h\u00f6chster Stabilit\u00e4t!<\/strong><\/p>\n<p><strong>Vorlaufzeit der Lieferung: Bestellen Sie noch heute einen Laufradsatz und wir werden ihn innerhalb von 2 Tagen montieren und versenden! <\/strong><\/p>\n","protected":false},"featured_media":54991,"comment_status":"open","ping_status":"closed","template":"","meta":{"_acf_changed":false},"product_brand":[],"product_cat":[3920],"product_tag":[],"class_list":{"0":"post-55441","1":"product","2":"type-product","3":"status-publish","4":"has-post-thumbnail","6":"product_cat-sale","7":"product_shipping_class-wheels-and-rims-de","9":"first","10":"instock","11":"sale","12":"taxable","13":"shipping-taxable","14":"purchasable","15":"product-type-variable"},"composite_virtual":false,"composite_layout":"","composite_add_to_cart_form_location":"","composite_editable_in_cart":false,"composite_sold_individually_context":"","composite_shop_price_calc":"","composite_components":[],"composite_scenarios":[],"acf":[],"yoast_head":"<!-- This site is optimized with the Yoast SEO plugin v27.3 - https:\/\/yoast.com\/product\/yoast-seo-wordpress\/ -->\n<title>SL 47 Disc Tubeless Laufradsatz von Schmolke Carbon<\/title>\n<meta name=\"description\" content=\"SL 47 CarbonRennradfelgen &quot;Made in Germany&quot; von Schmolke Carbon. Auch als kompletter Laufradsatz erh\u00e4ltlich. Diese Felgen geh\u00f6ren zu den leichtesten Felgen der Welt.\" \/>\n<meta name=\"robots\" content=\"index, follow, max-snippet:-1, max-image-preview:large, max-video-preview:-1\" \/>\n<link rel=\"canonical\" href=\"https:\/\/www.schmolke-carbon.com\/de\/produkt\/sl-47-clincher-tlr-disc-laufradsatz\/\" \/>\n<meta property=\"og:locale\" content=\"de_DE\" \/>\n<meta property=\"og:type\" content=\"article\" \/>\n<meta property=\"og:title\" content=\"SL 47 Disc Tubeless Laufradsatz von Schmolke Carbon\" \/>\n<meta property=\"og:description\" content=\"SL 47 CarbonRennradfelgen &quot;Made in Germany&quot; von Schmolke Carbon. Auch als kompletter Laufradsatz erh\u00e4ltlich. Diese Felgen geh\u00f6ren zu den leichtesten Felgen der Welt.\" \/>\n<meta property=\"og:url\" content=\"https:\/\/www.schmolke-carbon.com\/de\/produkt\/sl-47-clincher-tlr-disc-laufradsatz\/\" \/>\n<meta property=\"og:site_name\" content=\"Schmolke Carbon\" \/>\n<meta property=\"article:publisher\" content=\"https:\/\/www.facebook.com\/SchmolkeCarbon\" \/>\n<meta property=\"article:modified_time\" content=\"2025-12-18T18:36:33+00:00\" \/>\n<meta property=\"og:image\" content=\"https:\/\/www.schmolke-carbon.com\/wp-content\/uploads\/2023\/04\/BEN9514-scaled.jpg\" \/>\n\t<meta property=\"og:image:width\" content=\"2560\" \/>\n\t<meta property=\"og:image:height\" content=\"2560\" \/>\n\t<meta property=\"og:image:type\" content=\"image\/jpeg\" \/>\n<meta name=\"twitter:card\" content=\"summary_large_image\" \/>\n<meta name=\"twitter:site\" content=\"@schmolkecarbon\" \/>\n<meta name=\"twitter:label1\" content=\"Gesch\u00e4tzte Lesezeit\" \/>\n\t<meta name=\"twitter:data1\" content=\"4\u00a0Minuten\" \/>\n<script type=\"application\/ld+json\" class=\"yoast-schema-graph\">{\"@context\":\"https:\\\/\\\/schema.org\",\"@graph\":[{\"@type\":\"WebPage\",\"@id\":\"https:\\\/\\\/www.schmolke-carbon.com\\\/de\\\/produkt\\\/sl-47-clincher-tlr-disc-laufradsatz\\\/\",\"url\":\"https:\\\/\\\/www.schmolke-carbon.com\\\/de\\\/produkt\\\/sl-47-clincher-tlr-disc-laufradsatz\\\/\",\"name\":\"SL 47 Disc Tubeless Laufradsatz von Schmolke Carbon\",\"isPartOf\":{\"@id\":\"https:\\\/\\\/www.schmolke-carbon.com\\\/#website\"},\"primaryImageOfPage\":{\"@id\":\"https:\\\/\\\/www.schmolke-carbon.com\\\/de\\\/produkt\\\/sl-47-clincher-tlr-disc-laufradsatz\\\/#primaryimage\"},\"image\":{\"@id\":\"https:\\\/\\\/www.schmolke-carbon.com\\\/de\\\/produkt\\\/sl-47-clincher-tlr-disc-laufradsatz\\\/#primaryimage\"},\"thumbnailUrl\":\"https:\\\/\\\/www.schmolke-carbon.com\\\/wp-content\\\/uploads\\\/2023\\\/04\\\/BEN9514-scaled.jpg\",\"datePublished\":\"2023-05-09T09:38:46+00:00\",\"dateModified\":\"2025-12-18T18:36:33+00:00\",\"description\":\"SL 47 CarbonRennradfelgen \\\"Made in Germany\\\" von Schmolke Carbon. Auch als kompletter Laufradsatz erh\u00e4ltlich. Diese Felgen geh\u00f6ren zu den leichtesten Felgen der Welt.\",\"breadcrumb\":{\"@id\":\"https:\\\/\\\/www.schmolke-carbon.com\\\/de\\\/produkt\\\/sl-47-clincher-tlr-disc-laufradsatz\\\/#breadcrumb\"},\"inLanguage\":\"de\",\"potentialAction\":[{\"@type\":\"ReadAction\",\"target\":[\"https:\\\/\\\/www.schmolke-carbon.com\\\/de\\\/produkt\\\/sl-47-clincher-tlr-disc-laufradsatz\\\/\"]}]},{\"@type\":\"ImageObject\",\"inLanguage\":\"de\",\"@id\":\"https:\\\/\\\/www.schmolke-carbon.com\\\/de\\\/produkt\\\/sl-47-clincher-tlr-disc-laufradsatz\\\/#primaryimage\",\"url\":\"https:\\\/\\\/www.schmolke-carbon.com\\\/wp-content\\\/uploads\\\/2023\\\/04\\\/BEN9514-scaled.jpg\",\"contentUrl\":\"https:\\\/\\\/www.schmolke-carbon.com\\\/wp-content\\\/uploads\\\/2023\\\/04\\\/BEN9514-scaled.jpg\",\"width\":2560,\"height\":2560,\"caption\":\"SL47 CL\\\/TLR wheelset\"},{\"@type\":\"BreadcrumbList\",\"@id\":\"https:\\\/\\\/www.schmolke-carbon.com\\\/de\\\/produkt\\\/sl-47-clincher-tlr-disc-laufradsatz\\\/#breadcrumb\",\"itemListElement\":[{\"@type\":\"ListItem\",\"position\":1,\"name\":\"Home\",\"item\":\"https:\\\/\\\/www.schmolke-carbon.com\\\/de\\\/home\\\/\"},{\"@type\":\"ListItem\",\"position\":2,\"name\":\"Produkte\",\"item\":\"https:\\\/\\\/www.schmolke-carbon.com\\\/de\\\/products\\\/\"},{\"@type\":\"ListItem\",\"position\":3,\"name\":\"SL 47 Clincher \\\/ TLR Disc\"}]},{\"@type\":\"WebSite\",\"@id\":\"https:\\\/\\\/www.schmolke-carbon.com\\\/#website\",\"url\":\"https:\\\/\\\/www.schmolke-carbon.com\\\/\",\"name\":\"Schmolke Carbon\",\"description\":\"Custom Lightweight products - Hand made in Germany - since 1992\",\"publisher\":{\"@id\":\"https:\\\/\\\/www.schmolke-carbon.com\\\/#organization\"},\"potentialAction\":[{\"@type\":\"SearchAction\",\"target\":{\"@type\":\"EntryPoint\",\"urlTemplate\":\"https:\\\/\\\/www.schmolke-carbon.com\\\/?s={search_term_string}\"},\"query-input\":{\"@type\":\"PropertyValueSpecification\",\"valueRequired\":true,\"valueName\":\"search_term_string\"}}],\"inLanguage\":\"de\"},{\"@type\":\"Organization\",\"@id\":\"https:\\\/\\\/www.schmolke-carbon.com\\\/#organization\",\"name\":\"Schmolke Carbon\",\"url\":\"https:\\\/\\\/www.schmolke-carbon.com\\\/\",\"logo\":{\"@type\":\"ImageObject\",\"inLanguage\":\"de\",\"@id\":\"https:\\\/\\\/www.schmolke-carbon.com\\\/#\\\/schema\\\/logo\\\/image\\\/\",\"url\":\"https:\\\/\\\/www.schmolke-carbon.com\\\/wp-content\\\/uploads\\\/2017\\\/03\\\/Schmolke-Carbon-Logo.jpg\",\"contentUrl\":\"https:\\\/\\\/www.schmolke-carbon.com\\\/wp-content\\\/uploads\\\/2017\\\/03\\\/Schmolke-Carbon-Logo.jpg\",\"width\":327,\"height\":335,\"caption\":\"Schmolke Carbon\"},\"image\":{\"@id\":\"https:\\\/\\\/www.schmolke-carbon.com\\\/#\\\/schema\\\/logo\\\/image\\\/\"},\"sameAs\":[\"https:\\\/\\\/www.facebook.com\\\/SchmolkeCarbon\",\"https:\\\/\\\/x.com\\\/schmolkecarbon\",\"https:\\\/\\\/www.instagram.com\\\/schmolkecarbon\\\/\"]}]}<\/script>\n<!-- \/ Yoast SEO plugin. -->","yoast_head_json":{"title":"SL 47 Disc Tubeless Laufradsatz von Schmolke Carbon","description":"SL 47 CarbonRennradfelgen \"Made in Germany\" von Schmolke Carbon. Auch als kompletter Laufradsatz erh\u00e4ltlich. Diese Felgen geh\u00f6ren zu den leichtesten Felgen der Welt.","robots":{"index":"index","follow":"follow","max-snippet":"max-snippet:-1","max-image-preview":"max-image-preview:large","max-video-preview":"max-video-preview:-1"},"canonical":"https:\/\/www.schmolke-carbon.com\/de\/produkt\/sl-47-clincher-tlr-disc-laufradsatz\/","og_locale":"de_DE","og_type":"article","og_title":"SL 47 Disc Tubeless Laufradsatz von Schmolke Carbon","og_description":"SL 47 CarbonRennradfelgen \"Made in Germany\" von Schmolke Carbon. Auch als kompletter Laufradsatz erh\u00e4ltlich. Diese Felgen geh\u00f6ren zu den leichtesten Felgen der Welt.","og_url":"https:\/\/www.schmolke-carbon.com\/de\/produkt\/sl-47-clincher-tlr-disc-laufradsatz\/","og_site_name":"Schmolke Carbon","article_publisher":"https:\/\/www.facebook.com\/SchmolkeCarbon","article_modified_time":"2025-12-18T18:36:33+00:00","og_image":[{"width":2560,"height":2560,"url":"https:\/\/www.schmolke-carbon.com\/wp-content\/uploads\/2023\/04\/BEN9514-scaled.jpg","type":"image\/jpeg"}],"twitter_card":"summary_large_image","twitter_site":"@schmolkecarbon","twitter_misc":{"Gesch\u00e4tzte Lesezeit":"4\u00a0Minuten"},"schema":{"@context":"https:\/\/schema.org","@graph":[{"@type":"WebPage","@id":"https:\/\/www.schmolke-carbon.com\/de\/produkt\/sl-47-clincher-tlr-disc-laufradsatz\/","url":"https:\/\/www.schmolke-carbon.com\/de\/produkt\/sl-47-clincher-tlr-disc-laufradsatz\/","name":"SL 47 Disc Tubeless Laufradsatz von Schmolke Carbon","isPartOf":{"@id":"https:\/\/www.schmolke-carbon.com\/#website"},"primaryImageOfPage":{"@id":"https:\/\/www.schmolke-carbon.com\/de\/produkt\/sl-47-clincher-tlr-disc-laufradsatz\/#primaryimage"},"image":{"@id":"https:\/\/www.schmolke-carbon.com\/de\/produkt\/sl-47-clincher-tlr-disc-laufradsatz\/#primaryimage"},"thumbnailUrl":"https:\/\/www.schmolke-carbon.com\/wp-content\/uploads\/2023\/04\/BEN9514-scaled.jpg","datePublished":"2023-05-09T09:38:46+00:00","dateModified":"2025-12-18T18:36:33+00:00","description":"SL 47 CarbonRennradfelgen \"Made in Germany\" von Schmolke Carbon. Auch als kompletter Laufradsatz erh\u00e4ltlich. Diese Felgen geh\u00f6ren zu den leichtesten Felgen der Welt.","breadcrumb":{"@id":"https:\/\/www.schmolke-carbon.com\/de\/produkt\/sl-47-clincher-tlr-disc-laufradsatz\/#breadcrumb"},"inLanguage":"de","potentialAction":[{"@type":"ReadAction","target":["https:\/\/www.schmolke-carbon.com\/de\/produkt\/sl-47-clincher-tlr-disc-laufradsatz\/"]}]},{"@type":"ImageObject","inLanguage":"de","@id":"https:\/\/www.schmolke-carbon.com\/de\/produkt\/sl-47-clincher-tlr-disc-laufradsatz\/#primaryimage","url":"https:\/\/www.schmolke-carbon.com\/wp-content\/uploads\/2023\/04\/BEN9514-scaled.jpg","contentUrl":"https:\/\/www.schmolke-carbon.com\/wp-content\/uploads\/2023\/04\/BEN9514-scaled.jpg","width":2560,"height":2560,"caption":"SL47 CL\/TLR wheelset"},{"@type":"BreadcrumbList","@id":"https:\/\/www.schmolke-carbon.com\/de\/produkt\/sl-47-clincher-tlr-disc-laufradsatz\/#breadcrumb","itemListElement":[{"@type":"ListItem","position":1,"name":"Home","item":"https:\/\/www.schmolke-carbon.com\/de\/home\/"},{"@type":"ListItem","position":2,"name":"Produkte","item":"https:\/\/www.schmolke-carbon.com\/de\/products\/"},{"@type":"ListItem","position":3,"name":"SL 47 Clincher \/ TLR Disc"}]},{"@type":"WebSite","@id":"https:\/\/www.schmolke-carbon.com\/#website","url":"https:\/\/www.schmolke-carbon.com\/","name":"Schmolke Carbon","description":"Custom Lightweight products - Hand made in Germany - since 1992","publisher":{"@id":"https:\/\/www.schmolke-carbon.com\/#organization"},"potentialAction":[{"@type":"SearchAction","target":{"@type":"EntryPoint","urlTemplate":"https:\/\/www.schmolke-carbon.com\/?s={search_term_string}"},"query-input":{"@type":"PropertyValueSpecification","valueRequired":true,"valueName":"search_term_string"}}],"inLanguage":"de"},{"@type":"Organization","@id":"https:\/\/www.schmolke-carbon.com\/#organization","name":"Schmolke Carbon","url":"https:\/\/www.schmolke-carbon.com\/","logo":{"@type":"ImageObject","inLanguage":"de","@id":"https:\/\/www.schmolke-carbon.com\/#\/schema\/logo\/image\/","url":"https:\/\/www.schmolke-carbon.com\/wp-content\/uploads\/2017\/03\/Schmolke-Carbon-Logo.jpg","contentUrl":"https:\/\/www.schmolke-carbon.com\/wp-content\/uploads\/2017\/03\/Schmolke-Carbon-Logo.jpg","width":327,"height":335,"caption":"Schmolke Carbon"},"image":{"@id":"https:\/\/www.schmolke-carbon.com\/#\/schema\/logo\/image\/"},"sameAs":["https:\/\/www.facebook.com\/SchmolkeCarbon","https:\/\/x.com\/schmolkecarbon","https:\/\/www.instagram.com\/schmolkecarbon\/"]}]}},"_links":{"self":[{"href":"https:\/\/www.schmolke-carbon.com\/de\/wp-json\/wp\/v2\/product\/55441","targetHints":{"allow":["GET"]}}],"collection":[{"href":"https:\/\/www.schmolke-carbon.com\/de\/wp-json\/wp\/v2\/product"}],"about":[{"href":"https:\/\/www.schmolke-carbon.com\/de\/wp-json\/wp\/v2\/types\/product"}],"replies":[{"embeddable":true,"href":"https:\/\/www.schmolke-carbon.com\/de\/wp-json\/wp\/v2\/comments?post=55441"}],"wp:featuredmedia":[{"embeddable":true,"href":"https:\/\/www.schmolke-carbon.com\/de\/wp-json\/wp\/v2\/media\/54991"}],"wp:attachment":[{"href":"https:\/\/www.schmolke-carbon.com\/de\/wp-json\/wp\/v2\/media?parent=55441"}],"wp:term":[{"taxonomy":"product_brand","embeddable":true,"href":"https:\/\/www.schmolke-carbon.com\/de\/wp-json\/wp\/v2\/product_brand?post=55441"},{"taxonomy":"product_cat","embeddable":true,"href":"https:\/\/www.schmolke-carbon.com\/de\/wp-json\/wp\/v2\/product_cat?post=55441"},{"taxonomy":"product_tag","embeddable":true,"href":"https:\/\/www.schmolke-carbon.com\/de\/wp-json\/wp\/v2\/product_tag?post=55441"}],"curies":[{"name":"wp","href":"https:\/\/api.w.org\/{rel}","templated":true}]}}