{"id":55024,"date":"2023-04-13T10:27:27","date_gmt":"2023-04-13T08:27:27","guid":{"rendered":"https:\/\/www.schmolke-carbon.com\/?post_type=product&#038;p=55024"},"modified":"2025-12-18T20:31:28","modified_gmt":"2025-12-18T18:31:28","slug":"tlo-gravel-wheelset-2","status":"publish","type":"product","link":"https:\/\/www.schmolke-carbon.com\/de\/produkt\/tlo-gravel-wheelset-2\/","title":{"rendered":"TLO Gravel Laufradsatz"},"content":{"rendered":"<h4><strong>Optimierte U-Form<\/strong><\/h4>\n<p>Optimale Krafteinleitung von den Speichen \u00fcber die Nippel in die Felge. Weniger Material n\u00f6tig um die Flanken zu stabilisieren \u2013 die kraftflussgerechte Auslegung des Shape erlaubt eine optimierte Faserablage und eine hohe Stabilit\u00e4t bei geringem Gewicht. Die speziell optimierte Form gibt dem Reifen den optimalen Sitz und f\u00f6rdert somit den Grip auf Schotterwegen. Mit der TLO Gravel Felge wirst du nie den Halt verlieren. Die spezielle Form macht es m\u00f6glich, dass die Felge v\u00f6llig ohne Hook auskommt.    <\/p>\n<h4><strong>Maulweite<\/strong><\/h4>\n<p>25 mm \u2013 optimale Maulweite f\u00fcr das Montieren von den \u00fcblichen 40 bis 45 mm breiten Gravelreifen. Es ist zwingend darauf zu achten, einen Tubeless f\u00e4higen Reifen zu montieren! <\/p>\n<h4><strong>Verwendungszweck<\/strong><\/h4>\n<p>Schotter und Stra\u00dfe \u2013 die TLO Gravel-Felge f\u00fchlt sich in jedem Gel\u00e4nde zu Hause, egal ob auf Schotter, beim Bikepacking-Trip oder im Gel\u00e4nde. Umfangreiche Tests haben dies best\u00e4tigt.  Die TLO Gravel Felge ist auf Schlagz\u00e4higkeit optimiert, auch grobe Schl\u00e4ge steckt das Laufrad problemlos weg.<\/p>\n<h4><strong>Naben unseres Vertrauens<\/strong><\/h4>\n<p>DT Swiss \u2013 seit nun 3 Jahren vertrauen wir auf die Qualit\u00e4t und Langlebigkeit der DT Swiss 180 Nabe, f\u00fcr unsere \u201eTop-Reihe\u201c TLO. Gepaart mit dem sehr geringen Gewicht ist die DT Swiss 180 Nabe das perfekte Match, aller, f\u00fcr Schmolke Standards wichtigen Parameter. Das \u00e4u\u00dferst zuverl\u00e4ssige Freilaufsystem sorgt f\u00fcr die direkte Kraft\u00fcbertragung auch bei h\u00f6chsten Belastungen. Leichtlaufende SINC Ceramic Lager liefern mit ihrem extrem geringen Rollwiderstand einen deutlichen Vorsprung.   <\/p>\n<h4><strong>Speichen<\/strong><\/h4>\n<p>Bei allen unseren Laufr\u00e4dern verbauen wir die Stahlspeichen des belgischen Herstellers SAPIM. Mit der von uns verbauten Messerspeiche CX-Ray, ist Sapim die Entwicklung einer au\u00dfergew\u00f6hnlichen Speiche gelungen. Sie besitzt neben dem geringen Gewicht, eine au\u00dfergew\u00f6hnliche Belastungsf\u00e4higkeit und Flexibilit\u00e4t. Daraus resultiert auch der gro\u00dfe Einsatzbereich. Egal ob Rennrad-, Gravel- oder MTB-Laufradsatz, alle ziehen ihren Nutzen aus diesen positiven Eigenschaften. Zus\u00e4tzlich sorgt der abgeflachte Mittelteil f\u00fcr eine hervorragende Aerodynamik. Die hohe Materialqualit\u00e4t erm\u00f6glicht den Bau stabiler Laufr\u00e4der und b\u00fcrgt f\u00fcr eine lange Lebensdauer.      <\/p>\n<h4><strong>Welches Freilaufsystem ben\u00f6tige ich?<\/strong><\/h4>\n<p>Bevor du bestellst, solltest du sicherstellen, welche Gruppe an deinem Fahrrad verbaut ist. Dies bestimmt, welchen Freilaufk\u00f6rper du bestellen solltest. <\/p>\n<p>Shimano \u2013 solltest du eine Shimano Schaltgruppe verbaut haben, w\u00e4hle bitte Shimano (HG-11) als Freilaufk\u00f6rper aus. Auch bei der neuen 12-fach Schaltung kann die Kassette ohne Probleme, weiter auf dem herk\u00f6mmliche HG-11 Freilaufk\u00f6rper verbaut werden. <\/p>\n<p>SRAM \u2013 ist bei deinem Rad eine SRAM Gruppe mit 11-Fach Kassette verbaut, solltest du den Freilaufk\u00f6rper Shimano HG-11 w\u00e4hlen um deine Kassette verbauen zu k\u00f6nnen. Die neueren 12-fach AXS Schaltungen aus dem Hause SRAM ben\u00f6tigen zur Montage den Freilaufk\u00f6rper XDR, bei dem die Kassette in einem St\u00fcck auf den Body geschraubt wird. <\/p>\n<p>Campagnolo \u2013 hast du eine Campagnolo 12-fach Schaltung verbaut bitten wir dich, den Freilaufk\u00f6rper \u201eCampagnolo\u201c bei der Bestellung auszuw\u00e4hlen. Ben\u00f6tigst du z.B. f\u00fcr deine Gravelgruppe \u201eEKAR\u201c den N3W Freilaufk\u00f6rper, bitten wir dich dies in den Bestellkommentaren uns mitzuteilen.<\/p>\n<h4><strong>Laufradbau<\/strong><\/h4>\n<p>Die TLO Gravel Laufr\u00e4der werden in m\u00fchevoller Arbeit von unserem Laufradbauer eingespeicht und zentriert. Dies erfolgt in unserer Werkstatt in Konstanz am sch\u00f6nen Bodensee. Dabei wird sehr genau darauf geachtet, dass jedes Laufrad mit optimalem Rundlauf und der richtigen Speichenspannung fertiggestellt wird. Um den Sitz der Speiche zu optimieren werden unsere TLO Gravel Laufrads\u00e4tze mehrmals maschinell mit exakt definierter Kraft abgedr\u00fcckt. Dies hat zur Folge, dass du als Kunde nicht nach kurzer Zeit wieder nachzentrieren lassen musst, sondern direkt und ohne Einschr\u00e4nkung den vollen Fahrspa\u00df der R\u00e4der genie\u00dfen kannst.    <\/p>\n<p><a href=\"https:\/\/www.schmolke-carbon.com\/de\/qualitaet-service\/montageanleitungen\/#gravel-bikes\">Montageanleitung<\/a> f\u00fcr TLO Gravel-Laufradsatz<\/p>\n","protected":false},"excerpt":{"rendered":"<p><strong>Felge:<\/strong> 35 mm Tubeless Ready <strong>Made in Germany<\/strong><strong>!<\/strong><\/p>\n<p><strong>Felgenbreite:<\/strong> 31 mm \/ <strong>Maulweite: <\/strong>25 mm<\/p>\n<p><strong>Nabe: <\/strong>DT Swiss 180 Centerlock \/ DT Swiss 180 Boost Centerlock<\/p>\n<p><strong>Kompatibilit\u00e4t:<\/strong> vorne 100 mm \/ hinten 142 mm, Steckachse 12 mm | vorne 110 mm \/ hinten 148 mm, Steckachse vorne 15 mm \/ hinten 12 mm<\/p>\n<p><strong>Speichen:<\/strong> CX-Ray 2.0<\/p>\n<p><strong>Gesamtgewicht<\/strong>: 1.290 g (DT Swiss 180 CL Naben)<\/p>\n<p><strong>Felgengewicht:<\/strong> ca. 385 g (je Felge)<\/p>\n<p><strong>Max. Systemgewicht:<\/strong> 120 kg<\/p>\n<p><strong>Der Fokus liegt auf Gewicht und Leistung \u2013 Leichtgewicht bei hervorragender Stabilit\u00e4t und Haltbarkeit!<\/strong><\/p>\n<p><strong>Vorlaufzeit der Lieferung: Bestellen Sie noch heute einen Laufradsatz und wir werden ihn innerhalb von 2 Tagen montieren und versenden! <\/strong><\/p>\n","protected":false},"featured_media":53252,"comment_status":"closed","ping_status":"closed","template":"","meta":{"_acf_changed":false},"product_brand":[],"product_cat":[3380,3831,3913],"product_tag":[],"class_list":{"0":"post-55024","1":"product","2":"type-product","3":"status-publish","4":"has-post-thumbnail","6":"product_cat-gravelbike","7":"product_cat-komponenten-gravelbike","8":"product_cat-laufradsatz-gravelbike","9":"product_shipping_class-wheels-and-rims-de","11":"first","12":"instock","13":"taxable","14":"shipping-taxable","15":"purchasable","16":"product-type-variable"},"composite_virtual":false,"composite_layout":"","composite_add_to_cart_form_location":"","composite_editable_in_cart":false,"composite_sold_individually_context":"","composite_shop_price_calc":"","composite_components":[],"composite_scenarios":[],"acf":[],"yoast_head":"<!-- This site is optimized with the Yoast SEO plugin v27.6 - https:\/\/yoast.com\/product\/yoast-seo-wordpress\/ -->\n<title>TLO Gravel Laufradsatz von Schmolke Carbon<\/title>\n<meta name=\"description\" content=\"Unser TLO Gravel-Laufradsatz kann es mit allem aufnehmen, von Asphalt- bis hin zu groben Schotterfahrten. Wir haben die beste Qualit\u00e4t f\u00fcr Radfahrer mit gemischtem Untergrund!\" \/>\n<meta name=\"robots\" content=\"index, follow, max-snippet:-1, max-image-preview:large, max-video-preview:-1\" \/>\n<link rel=\"canonical\" href=\"https:\/\/www.schmolke-carbon.com\/de\/produkt\/tlo-gravel-wheelset-2\/\" \/>\n<meta property=\"og:locale\" content=\"de_DE\" \/>\n<meta property=\"og:type\" content=\"article\" \/>\n<meta property=\"og:title\" content=\"TLO Gravel Laufradsatz von Schmolke Carbon\" \/>\n<meta property=\"og:description\" content=\"Unser TLO Gravel-Laufradsatz kann es mit allem aufnehmen, von Asphalt- bis hin zu groben Schotterfahrten. Wir haben die beste Qualit\u00e4t f\u00fcr Radfahrer mit gemischtem Untergrund!\" \/>\n<meta property=\"og:url\" content=\"https:\/\/www.schmolke-carbon.com\/de\/produkt\/tlo-gravel-wheelset-2\/\" \/>\n<meta property=\"og:site_name\" content=\"Schmolke Carbon\" \/>\n<meta property=\"article:publisher\" content=\"https:\/\/www.facebook.com\/SchmolkeCarbon\" \/>\n<meta property=\"article:modified_time\" content=\"2025-12-18T18:31:28+00:00\" \/>\n<meta property=\"og:image\" content=\"https:\/\/www.schmolke-carbon.com\/wp-content\/uploads\/2021\/10\/BEN9360-scaled.jpg\" \/>\n\t<meta property=\"og:image:width\" content=\"2560\" \/>\n\t<meta property=\"og:image:height\" content=\"2560\" \/>\n\t<meta property=\"og:image:type\" content=\"image\/jpeg\" \/>\n<meta name=\"twitter:card\" content=\"summary_large_image\" \/>\n<meta name=\"twitter:site\" content=\"@schmolkecarbon\" \/>\n<meta name=\"twitter:label1\" content=\"Gesch\u00e4tzte Lesezeit\" \/>\n\t<meta name=\"twitter:data1\" content=\"4\u00a0Minuten\" \/>\n<script type=\"application\/ld+json\" class=\"yoast-schema-graph\">{\"@context\":\"https:\\\/\\\/schema.org\",\"@graph\":[{\"@type\":\"WebPage\",\"@id\":\"https:\\\/\\\/www.schmolke-carbon.com\\\/de\\\/produkt\\\/tlo-gravel-wheelset-2\\\/\",\"url\":\"https:\\\/\\\/www.schmolke-carbon.com\\\/de\\\/produkt\\\/tlo-gravel-wheelset-2\\\/\",\"name\":\"TLO Gravel Laufradsatz von Schmolke Carbon\",\"isPartOf\":{\"@id\":\"https:\\\/\\\/www.schmolke-carbon.com\\\/#website\"},\"primaryImageOfPage\":{\"@id\":\"https:\\\/\\\/www.schmolke-carbon.com\\\/de\\\/produkt\\\/tlo-gravel-wheelset-2\\\/#primaryimage\"},\"image\":{\"@id\":\"https:\\\/\\\/www.schmolke-carbon.com\\\/de\\\/produkt\\\/tlo-gravel-wheelset-2\\\/#primaryimage\"},\"thumbnailUrl\":\"https:\\\/\\\/www.schmolke-carbon.com\\\/wp-content\\\/uploads\\\/2021\\\/10\\\/BEN9360-scaled.jpg\",\"datePublished\":\"2023-04-13T08:27:27+00:00\",\"dateModified\":\"2025-12-18T18:31:28+00:00\",\"description\":\"Unser TLO Gravel-Laufradsatz kann es mit allem aufnehmen, von Asphalt- bis hin zu groben Schotterfahrten. Wir haben die beste Qualit\u00e4t f\u00fcr Radfahrer mit gemischtem Untergrund!\",\"breadcrumb\":{\"@id\":\"https:\\\/\\\/www.schmolke-carbon.com\\\/de\\\/produkt\\\/tlo-gravel-wheelset-2\\\/#breadcrumb\"},\"inLanguage\":\"de\",\"potentialAction\":[{\"@type\":\"ReadAction\",\"target\":[\"https:\\\/\\\/www.schmolke-carbon.com\\\/de\\\/produkt\\\/tlo-gravel-wheelset-2\\\/\"]}]},{\"@type\":\"ImageObject\",\"inLanguage\":\"de\",\"@id\":\"https:\\\/\\\/www.schmolke-carbon.com\\\/de\\\/produkt\\\/tlo-gravel-wheelset-2\\\/#primaryimage\",\"url\":\"https:\\\/\\\/www.schmolke-carbon.com\\\/wp-content\\\/uploads\\\/2021\\\/10\\\/BEN9360-scaled.jpg\",\"contentUrl\":\"https:\\\/\\\/www.schmolke-carbon.com\\\/wp-content\\\/uploads\\\/2021\\\/10\\\/BEN9360-scaled.jpg\",\"width\":2560,\"height\":2560,\"caption\":\"Wheelset TLO Gravel DT Swiss 180\"},{\"@type\":\"BreadcrumbList\",\"@id\":\"https:\\\/\\\/www.schmolke-carbon.com\\\/de\\\/produkt\\\/tlo-gravel-wheelset-2\\\/#breadcrumb\",\"itemListElement\":[{\"@type\":\"ListItem\",\"position\":1,\"name\":\"Home\",\"item\":\"https:\\\/\\\/www.schmolke-carbon.com\\\/de\\\/\"},{\"@type\":\"ListItem\",\"position\":2,\"name\":\"Produkte\",\"item\":\"https:\\\/\\\/www.schmolke-carbon.com\\\/de\\\/produkte\\\/\"},{\"@type\":\"ListItem\",\"position\":3,\"name\":\"TLO Gravel Laufradsatz\"}]},{\"@type\":\"WebSite\",\"@id\":\"https:\\\/\\\/www.schmolke-carbon.com\\\/#website\",\"url\":\"https:\\\/\\\/www.schmolke-carbon.com\\\/\",\"name\":\"Schmolke Carbon\",\"description\":\"Custom Lightweight products - Hand made in Germany - since 1992\",\"publisher\":{\"@id\":\"https:\\\/\\\/www.schmolke-carbon.com\\\/#organization\"},\"potentialAction\":[{\"@type\":\"SearchAction\",\"target\":{\"@type\":\"EntryPoint\",\"urlTemplate\":\"https:\\\/\\\/www.schmolke-carbon.com\\\/?s={search_term_string}\"},\"query-input\":{\"@type\":\"PropertyValueSpecification\",\"valueRequired\":true,\"valueName\":\"search_term_string\"}}],\"inLanguage\":\"de\"},{\"@type\":\"Organization\",\"@id\":\"https:\\\/\\\/www.schmolke-carbon.com\\\/#organization\",\"name\":\"Schmolke Carbon\",\"url\":\"https:\\\/\\\/www.schmolke-carbon.com\\\/\",\"logo\":{\"@type\":\"ImageObject\",\"inLanguage\":\"de\",\"@id\":\"https:\\\/\\\/www.schmolke-carbon.com\\\/#\\\/schema\\\/logo\\\/image\\\/\",\"url\":\"https:\\\/\\\/www.schmolke-carbon.com\\\/wp-content\\\/uploads\\\/2017\\\/03\\\/Schmolke-Carbon-Logo.jpg\",\"contentUrl\":\"https:\\\/\\\/www.schmolke-carbon.com\\\/wp-content\\\/uploads\\\/2017\\\/03\\\/Schmolke-Carbon-Logo.jpg\",\"width\":327,\"height\":335,\"caption\":\"Schmolke Carbon\"},\"image\":{\"@id\":\"https:\\\/\\\/www.schmolke-carbon.com\\\/#\\\/schema\\\/logo\\\/image\\\/\"},\"sameAs\":[\"https:\\\/\\\/www.facebook.com\\\/SchmolkeCarbon\",\"https:\\\/\\\/x.com\\\/schmolkecarbon\",\"https:\\\/\\\/www.instagram.com\\\/schmolkecarbon\\\/\"]}]}<\/script>\n<!-- \/ Yoast SEO plugin. -->","yoast_head_json":{"title":"TLO Gravel Laufradsatz von Schmolke Carbon","description":"Unser TLO Gravel-Laufradsatz kann es mit allem aufnehmen, von Asphalt- bis hin zu groben Schotterfahrten. Wir haben die beste Qualit\u00e4t f\u00fcr Radfahrer mit gemischtem Untergrund!","robots":{"index":"index","follow":"follow","max-snippet":"max-snippet:-1","max-image-preview":"max-image-preview:large","max-video-preview":"max-video-preview:-1"},"canonical":"https:\/\/www.schmolke-carbon.com\/de\/produkt\/tlo-gravel-wheelset-2\/","og_locale":"de_DE","og_type":"article","og_title":"TLO Gravel Laufradsatz von Schmolke Carbon","og_description":"Unser TLO Gravel-Laufradsatz kann es mit allem aufnehmen, von Asphalt- bis hin zu groben Schotterfahrten. Wir haben die beste Qualit\u00e4t f\u00fcr Radfahrer mit gemischtem Untergrund!","og_url":"https:\/\/www.schmolke-carbon.com\/de\/produkt\/tlo-gravel-wheelset-2\/","og_site_name":"Schmolke Carbon","article_publisher":"https:\/\/www.facebook.com\/SchmolkeCarbon","article_modified_time":"2025-12-18T18:31:28+00:00","og_image":[{"width":2560,"height":2560,"url":"https:\/\/www.schmolke-carbon.com\/wp-content\/uploads\/2021\/10\/BEN9360-scaled.jpg","type":"image\/jpeg"}],"twitter_card":"summary_large_image","twitter_site":"@schmolkecarbon","twitter_misc":{"Gesch\u00e4tzte Lesezeit":"4\u00a0Minuten"},"schema":{"@context":"https:\/\/schema.org","@graph":[{"@type":"WebPage","@id":"https:\/\/www.schmolke-carbon.com\/de\/produkt\/tlo-gravel-wheelset-2\/","url":"https:\/\/www.schmolke-carbon.com\/de\/produkt\/tlo-gravel-wheelset-2\/","name":"TLO Gravel Laufradsatz von Schmolke Carbon","isPartOf":{"@id":"https:\/\/www.schmolke-carbon.com\/#website"},"primaryImageOfPage":{"@id":"https:\/\/www.schmolke-carbon.com\/de\/produkt\/tlo-gravel-wheelset-2\/#primaryimage"},"image":{"@id":"https:\/\/www.schmolke-carbon.com\/de\/produkt\/tlo-gravel-wheelset-2\/#primaryimage"},"thumbnailUrl":"https:\/\/www.schmolke-carbon.com\/wp-content\/uploads\/2021\/10\/BEN9360-scaled.jpg","datePublished":"2023-04-13T08:27:27+00:00","dateModified":"2025-12-18T18:31:28+00:00","description":"Unser TLO Gravel-Laufradsatz kann es mit allem aufnehmen, von Asphalt- bis hin zu groben Schotterfahrten. Wir haben die beste Qualit\u00e4t f\u00fcr Radfahrer mit gemischtem Untergrund!","breadcrumb":{"@id":"https:\/\/www.schmolke-carbon.com\/de\/produkt\/tlo-gravel-wheelset-2\/#breadcrumb"},"inLanguage":"de","potentialAction":[{"@type":"ReadAction","target":["https:\/\/www.schmolke-carbon.com\/de\/produkt\/tlo-gravel-wheelset-2\/"]}]},{"@type":"ImageObject","inLanguage":"de","@id":"https:\/\/www.schmolke-carbon.com\/de\/produkt\/tlo-gravel-wheelset-2\/#primaryimage","url":"https:\/\/www.schmolke-carbon.com\/wp-content\/uploads\/2021\/10\/BEN9360-scaled.jpg","contentUrl":"https:\/\/www.schmolke-carbon.com\/wp-content\/uploads\/2021\/10\/BEN9360-scaled.jpg","width":2560,"height":2560,"caption":"Wheelset TLO Gravel DT Swiss 180"},{"@type":"BreadcrumbList","@id":"https:\/\/www.schmolke-carbon.com\/de\/produkt\/tlo-gravel-wheelset-2\/#breadcrumb","itemListElement":[{"@type":"ListItem","position":1,"name":"Home","item":"https:\/\/www.schmolke-carbon.com\/de\/"},{"@type":"ListItem","position":2,"name":"Produkte","item":"https:\/\/www.schmolke-carbon.com\/de\/produkte\/"},{"@type":"ListItem","position":3,"name":"TLO Gravel Laufradsatz"}]},{"@type":"WebSite","@id":"https:\/\/www.schmolke-carbon.com\/#website","url":"https:\/\/www.schmolke-carbon.com\/","name":"Schmolke Carbon","description":"Custom Lightweight products - Hand made in Germany - since 1992","publisher":{"@id":"https:\/\/www.schmolke-carbon.com\/#organization"},"potentialAction":[{"@type":"SearchAction","target":{"@type":"EntryPoint","urlTemplate":"https:\/\/www.schmolke-carbon.com\/?s={search_term_string}"},"query-input":{"@type":"PropertyValueSpecification","valueRequired":true,"valueName":"search_term_string"}}],"inLanguage":"de"},{"@type":"Organization","@id":"https:\/\/www.schmolke-carbon.com\/#organization","name":"Schmolke Carbon","url":"https:\/\/www.schmolke-carbon.com\/","logo":{"@type":"ImageObject","inLanguage":"de","@id":"https:\/\/www.schmolke-carbon.com\/#\/schema\/logo\/image\/","url":"https:\/\/www.schmolke-carbon.com\/wp-content\/uploads\/2017\/03\/Schmolke-Carbon-Logo.jpg","contentUrl":"https:\/\/www.schmolke-carbon.com\/wp-content\/uploads\/2017\/03\/Schmolke-Carbon-Logo.jpg","width":327,"height":335,"caption":"Schmolke Carbon"},"image":{"@id":"https:\/\/www.schmolke-carbon.com\/#\/schema\/logo\/image\/"},"sameAs":["https:\/\/www.facebook.com\/SchmolkeCarbon","https:\/\/x.com\/schmolkecarbon","https:\/\/www.instagram.com\/schmolkecarbon\/"]}]}},"_links":{"self":[{"href":"https:\/\/www.schmolke-carbon.com\/de\/wp-json\/wp\/v2\/product\/55024","targetHints":{"allow":["GET"]}}],"collection":[{"href":"https:\/\/www.schmolke-carbon.com\/de\/wp-json\/wp\/v2\/product"}],"about":[{"href":"https:\/\/www.schmolke-carbon.com\/de\/wp-json\/wp\/v2\/types\/product"}],"replies":[{"embeddable":true,"href":"https:\/\/www.schmolke-carbon.com\/de\/wp-json\/wp\/v2\/comments?post=55024"}],"wp:featuredmedia":[{"embeddable":true,"href":"https:\/\/www.schmolke-carbon.com\/de\/wp-json\/wp\/v2\/media\/53252"}],"wp:attachment":[{"href":"https:\/\/www.schmolke-carbon.com\/de\/wp-json\/wp\/v2\/media?parent=55024"}],"wp:term":[{"taxonomy":"product_brand","embeddable":true,"href":"https:\/\/www.schmolke-carbon.com\/de\/wp-json\/wp\/v2\/product_brand?post=55024"},{"taxonomy":"product_cat","embeddable":true,"href":"https:\/\/www.schmolke-carbon.com\/de\/wp-json\/wp\/v2\/product_cat?post=55024"},{"taxonomy":"product_tag","embeddable":true,"href":"https:\/\/www.schmolke-carbon.com\/de\/wp-json\/wp\/v2\/product_tag?post=55024"}],"curies":[{"name":"wp","href":"https:\/\/api.w.org\/{rel}","templated":true}]}}