{"id":52631,"date":"2022-08-01T15:22:05","date_gmt":"2022-08-01T13:22:05","guid":{"rendered":"https:\/\/www.schmolke-carbon.com\/?post_type=product&#038;p=52631"},"modified":"2025-12-19T16:36:52","modified_gmt":"2025-12-19T14:36:52","slug":"aerrow-rahmenset","status":"publish","type":"product","link":"https:\/\/www.schmolke-carbon.com\/de\/produkt\/aerrow-rahmenset\/","title":{"rendered":"Aerrow Rahmenset"},"content":{"rendered":"<p><strong>Rahmengewicht:<\/strong> 920 g (Gr\u00f6\u00dfe M &#8211; 54)<br \/>\n<strong>Gewicht Gabel:<\/strong> 390 g<br \/>\n<strong>Farbe:<\/strong> schwarz (matt) \/ rot (matt)<br \/>\n<strong>Material:<\/strong> Kohlefaserverst\u00e4rkt (CFR) \/ Unidirektional (UD)<br \/>\n<strong>Tretlagerma\u00df:<\/strong> BB86<br \/>\n<strong>Steuersatzma\u00df:<\/strong> 1 1\/8&#8243; &#8211; 1 1\/2&#8243;<br \/>\n<strong>Sattelst\u00fctze \/ Durchmesser:<\/strong> TLO Aerrow oval (31.1 x 27.3 mm)<br \/>\n<strong>Steckachsenma\u00dfe:<\/strong> 100\/12 mm, 142\/12 mm<br \/>\n<strong>Max. Reifengr\u00f6\u00dfe: <\/strong> 32 mm<br \/>\n<strong>Zusatzinformation:<\/strong> Vollintegrierte Kabelf\u00fchrung<\/p>\n<p><strong>Lieferumfang:<\/strong> Rahmen, Gabel, Sattelst\u00fctze, Schaltauge, Steuersatz, Spacers f\u00fcr ICR, Steckachsen<\/p>\n","protected":false},"excerpt":{"rendered":"<div class=\"elementor-element elementor-element-3975ec52 elementor-widget elementor-widget-woocommerce-product-short-description\" data-id=\"3975ec52\" data-element_type=\"widget\" data-widget_type=\"woocommerce-product-short-description.default\">\n<div class=\"elementor-widget-container\">\n<div class=\"woocommerce-product-details__short-description\">\n<div class=\"elementor-element elementor-element-3975ec52 elementor-widget elementor-widget-woocommerce-product-short-description\" data-id=\"3975ec52\" data-element_type=\"widget\" data-widget_type=\"woocommerce-product-short-description.default\">\n<div class=\"elementor-widget-container\">\n<div class=\"woocommerce-product-details__short-description\">\n<p><strong><a href=\"https:\/\/www.schmolke-carbon.com\/wp-content\/uploads\/2023\/09\/roadbike-size-.jpg\">Rahmengeometrie Aerrow<\/a><\/strong><\/p>\n<p>W\u00e4hle jetzt deine Rahmengr\u00f6\u00dfe:<\/p>\n<\/div>\n<\/div>\n<\/div>\n<\/div>\n<\/div>\n<\/div>\n<p>&nbsp;<\/p>\n","protected":false},"featured_media":62588,"comment_status":"closed","ping_status":"closed","template":"","meta":{"_acf_changed":false},"product_brand":[],"product_cat":[3432,3836,3921],"product_tag":[],"class_list":{"0":"post-52631","1":"product","2":"type-product","3":"status-publish","4":"has-post-thumbnail","6":"product_cat-rennrad","7":"product_cat-komponenten-rennrad","8":"product_cat-rahmen-rennrad","9":"product_shipping_class-full-bike-de","11":"first","12":"instock","13":"taxable","14":"shipping-taxable","15":"purchasable","16":"product-type-variable"},"composite_virtual":false,"composite_layout":"","composite_add_to_cart_form_location":"","composite_editable_in_cart":false,"composite_sold_individually_context":"","composite_shop_price_calc":"","composite_components":[],"composite_scenarios":[],"acf":[],"yoast_head":"<!-- This site is optimized with the Yoast SEO plugin v27.3 - https:\/\/yoast.com\/product\/yoast-seo-wordpress\/ -->\n<title>Aerrow Frameset by Schmolke Carbon<\/title>\n<meta name=\"description\" content=\"Der erste Schmolke Carbon Aerrow Rahmen \u00fcberhaupt. Extrem leicht, extrem steif, kombiniert mit einem stilvollen, klaren Design. Schmolke setzt neue Ma\u00dfst\u00e4be.\" \/>\n<meta name=\"robots\" content=\"index, follow, max-snippet:-1, max-image-preview:large, max-video-preview:-1\" \/>\n<link rel=\"canonical\" href=\"https:\/\/www.schmolke-carbon.com\/de\/produkt\/aerrow-rahmenset\/\" \/>\n<meta property=\"og:locale\" content=\"de_DE\" \/>\n<meta property=\"og:type\" content=\"article\" \/>\n<meta property=\"og:title\" content=\"Aerrow Frameset by Schmolke Carbon\" \/>\n<meta property=\"og:description\" content=\"Der erste Schmolke Carbon Aerrow Rahmen \u00fcberhaupt. Extrem leicht, extrem steif, kombiniert mit einem stilvollen, klaren Design. Schmolke setzt neue Ma\u00dfst\u00e4be.\" \/>\n<meta property=\"og:url\" content=\"https:\/\/www.schmolke-carbon.com\/de\/produkt\/aerrow-rahmenset\/\" \/>\n<meta property=\"og:site_name\" content=\"Schmolke Carbon\" \/>\n<meta property=\"article:publisher\" content=\"https:\/\/www.facebook.com\/SchmolkeCarbon\" \/>\n<meta property=\"article:modified_time\" content=\"2025-12-19T14:36:52+00:00\" \/>\n<meta property=\"og:image\" content=\"https:\/\/www.schmolke-carbon.com\/wp-content\/uploads\/2022\/08\/BEN0059-scaled.jpg\" \/>\n\t<meta property=\"og:image:width\" content=\"2560\" \/>\n\t<meta property=\"og:image:height\" content=\"2560\" \/>\n\t<meta property=\"og:image:type\" content=\"image\/jpeg\" \/>\n<meta name=\"twitter:card\" content=\"summary_large_image\" \/>\n<meta name=\"twitter:site\" content=\"@schmolkecarbon\" \/>\n<meta name=\"twitter:label1\" content=\"Gesch\u00e4tzte Lesezeit\" \/>\n\t<meta name=\"twitter:data1\" content=\"1\u00a0Minute\" \/>\n<script type=\"application\/ld+json\" class=\"yoast-schema-graph\">{\"@context\":\"https:\\\/\\\/schema.org\",\"@graph\":[{\"@type\":\"WebPage\",\"@id\":\"https:\\\/\\\/www.schmolke-carbon.com\\\/de\\\/produkt\\\/aerrow-rahmenset\\\/\",\"url\":\"https:\\\/\\\/www.schmolke-carbon.com\\\/de\\\/produkt\\\/aerrow-rahmenset\\\/\",\"name\":\"Aerrow Frameset by Schmolke Carbon\",\"isPartOf\":{\"@id\":\"https:\\\/\\\/www.schmolke-carbon.com\\\/#website\"},\"primaryImageOfPage\":{\"@id\":\"https:\\\/\\\/www.schmolke-carbon.com\\\/de\\\/produkt\\\/aerrow-rahmenset\\\/#primaryimage\"},\"image\":{\"@id\":\"https:\\\/\\\/www.schmolke-carbon.com\\\/de\\\/produkt\\\/aerrow-rahmenset\\\/#primaryimage\"},\"thumbnailUrl\":\"https:\\\/\\\/www.schmolke-carbon.com\\\/wp-content\\\/uploads\\\/2022\\\/08\\\/BEN0059-scaled.jpg\",\"datePublished\":\"2022-08-01T13:22:05+00:00\",\"dateModified\":\"2025-12-19T14:36:52+00:00\",\"description\":\"Der erste Schmolke Carbon Aerrow Rahmen \u00fcberhaupt. Extrem leicht, extrem steif, kombiniert mit einem stilvollen, klaren Design. Schmolke setzt neue Ma\u00dfst\u00e4be.\",\"breadcrumb\":{\"@id\":\"https:\\\/\\\/www.schmolke-carbon.com\\\/de\\\/produkt\\\/aerrow-rahmenset\\\/#breadcrumb\"},\"inLanguage\":\"de\",\"potentialAction\":[{\"@type\":\"ReadAction\",\"target\":[\"https:\\\/\\\/www.schmolke-carbon.com\\\/de\\\/produkt\\\/aerrow-rahmenset\\\/\"]}]},{\"@type\":\"ImageObject\",\"inLanguage\":\"de\",\"@id\":\"https:\\\/\\\/www.schmolke-carbon.com\\\/de\\\/produkt\\\/aerrow-rahmenset\\\/#primaryimage\",\"url\":\"https:\\\/\\\/www.schmolke-carbon.com\\\/wp-content\\\/uploads\\\/2022\\\/08\\\/BEN0059-scaled.jpg\",\"contentUrl\":\"https:\\\/\\\/www.schmolke-carbon.com\\\/wp-content\\\/uploads\\\/2022\\\/08\\\/BEN0059-scaled.jpg\",\"width\":2560,\"height\":2560},{\"@type\":\"BreadcrumbList\",\"@id\":\"https:\\\/\\\/www.schmolke-carbon.com\\\/de\\\/produkt\\\/aerrow-rahmenset\\\/#breadcrumb\",\"itemListElement\":[{\"@type\":\"ListItem\",\"position\":1,\"name\":\"Home\",\"item\":\"https:\\\/\\\/www.schmolke-carbon.com\\\/de\\\/home\\\/\"},{\"@type\":\"ListItem\",\"position\":2,\"name\":\"Produkte\",\"item\":\"https:\\\/\\\/www.schmolke-carbon.com\\\/de\\\/products\\\/\"},{\"@type\":\"ListItem\",\"position\":3,\"name\":\"Aerrow Rahmenset\"}]},{\"@type\":\"WebSite\",\"@id\":\"https:\\\/\\\/www.schmolke-carbon.com\\\/#website\",\"url\":\"https:\\\/\\\/www.schmolke-carbon.com\\\/\",\"name\":\"Schmolke Carbon\",\"description\":\"Custom Lightweight products - Hand made in Germany - since 1992\",\"publisher\":{\"@id\":\"https:\\\/\\\/www.schmolke-carbon.com\\\/#organization\"},\"potentialAction\":[{\"@type\":\"SearchAction\",\"target\":{\"@type\":\"EntryPoint\",\"urlTemplate\":\"https:\\\/\\\/www.schmolke-carbon.com\\\/?s={search_term_string}\"},\"query-input\":{\"@type\":\"PropertyValueSpecification\",\"valueRequired\":true,\"valueName\":\"search_term_string\"}}],\"inLanguage\":\"de\"},{\"@type\":\"Organization\",\"@id\":\"https:\\\/\\\/www.schmolke-carbon.com\\\/#organization\",\"name\":\"Schmolke Carbon\",\"url\":\"https:\\\/\\\/www.schmolke-carbon.com\\\/\",\"logo\":{\"@type\":\"ImageObject\",\"inLanguage\":\"de\",\"@id\":\"https:\\\/\\\/www.schmolke-carbon.com\\\/#\\\/schema\\\/logo\\\/image\\\/\",\"url\":\"https:\\\/\\\/www.schmolke-carbon.com\\\/wp-content\\\/uploads\\\/2017\\\/03\\\/Schmolke-Carbon-Logo.jpg\",\"contentUrl\":\"https:\\\/\\\/www.schmolke-carbon.com\\\/wp-content\\\/uploads\\\/2017\\\/03\\\/Schmolke-Carbon-Logo.jpg\",\"width\":327,\"height\":335,\"caption\":\"Schmolke Carbon\"},\"image\":{\"@id\":\"https:\\\/\\\/www.schmolke-carbon.com\\\/#\\\/schema\\\/logo\\\/image\\\/\"},\"sameAs\":[\"https:\\\/\\\/www.facebook.com\\\/SchmolkeCarbon\",\"https:\\\/\\\/x.com\\\/schmolkecarbon\",\"https:\\\/\\\/www.instagram.com\\\/schmolkecarbon\\\/\"]}]}<\/script>\n<!-- \/ Yoast SEO plugin. -->","yoast_head_json":{"title":"Aerrow Frameset by Schmolke Carbon","description":"Der erste Schmolke Carbon Aerrow Rahmen \u00fcberhaupt. Extrem leicht, extrem steif, kombiniert mit einem stilvollen, klaren Design. Schmolke setzt neue Ma\u00dfst\u00e4be.","robots":{"index":"index","follow":"follow","max-snippet":"max-snippet:-1","max-image-preview":"max-image-preview:large","max-video-preview":"max-video-preview:-1"},"canonical":"https:\/\/www.schmolke-carbon.com\/de\/produkt\/aerrow-rahmenset\/","og_locale":"de_DE","og_type":"article","og_title":"Aerrow Frameset by Schmolke Carbon","og_description":"Der erste Schmolke Carbon Aerrow Rahmen \u00fcberhaupt. Extrem leicht, extrem steif, kombiniert mit einem stilvollen, klaren Design. Schmolke setzt neue Ma\u00dfst\u00e4be.","og_url":"https:\/\/www.schmolke-carbon.com\/de\/produkt\/aerrow-rahmenset\/","og_site_name":"Schmolke Carbon","article_publisher":"https:\/\/www.facebook.com\/SchmolkeCarbon","article_modified_time":"2025-12-19T14:36:52+00:00","og_image":[{"width":2560,"height":2560,"url":"https:\/\/www.schmolke-carbon.com\/wp-content\/uploads\/2022\/08\/BEN0059-scaled.jpg","type":"image\/jpeg"}],"twitter_card":"summary_large_image","twitter_site":"@schmolkecarbon","twitter_misc":{"Gesch\u00e4tzte Lesezeit":"1\u00a0Minute"},"schema":{"@context":"https:\/\/schema.org","@graph":[{"@type":"WebPage","@id":"https:\/\/www.schmolke-carbon.com\/de\/produkt\/aerrow-rahmenset\/","url":"https:\/\/www.schmolke-carbon.com\/de\/produkt\/aerrow-rahmenset\/","name":"Aerrow Frameset by Schmolke Carbon","isPartOf":{"@id":"https:\/\/www.schmolke-carbon.com\/#website"},"primaryImageOfPage":{"@id":"https:\/\/www.schmolke-carbon.com\/de\/produkt\/aerrow-rahmenset\/#primaryimage"},"image":{"@id":"https:\/\/www.schmolke-carbon.com\/de\/produkt\/aerrow-rahmenset\/#primaryimage"},"thumbnailUrl":"https:\/\/www.schmolke-carbon.com\/wp-content\/uploads\/2022\/08\/BEN0059-scaled.jpg","datePublished":"2022-08-01T13:22:05+00:00","dateModified":"2025-12-19T14:36:52+00:00","description":"Der erste Schmolke Carbon Aerrow Rahmen \u00fcberhaupt. Extrem leicht, extrem steif, kombiniert mit einem stilvollen, klaren Design. Schmolke setzt neue Ma\u00dfst\u00e4be.","breadcrumb":{"@id":"https:\/\/www.schmolke-carbon.com\/de\/produkt\/aerrow-rahmenset\/#breadcrumb"},"inLanguage":"de","potentialAction":[{"@type":"ReadAction","target":["https:\/\/www.schmolke-carbon.com\/de\/produkt\/aerrow-rahmenset\/"]}]},{"@type":"ImageObject","inLanguage":"de","@id":"https:\/\/www.schmolke-carbon.com\/de\/produkt\/aerrow-rahmenset\/#primaryimage","url":"https:\/\/www.schmolke-carbon.com\/wp-content\/uploads\/2022\/08\/BEN0059-scaled.jpg","contentUrl":"https:\/\/www.schmolke-carbon.com\/wp-content\/uploads\/2022\/08\/BEN0059-scaled.jpg","width":2560,"height":2560},{"@type":"BreadcrumbList","@id":"https:\/\/www.schmolke-carbon.com\/de\/produkt\/aerrow-rahmenset\/#breadcrumb","itemListElement":[{"@type":"ListItem","position":1,"name":"Home","item":"https:\/\/www.schmolke-carbon.com\/de\/home\/"},{"@type":"ListItem","position":2,"name":"Produkte","item":"https:\/\/www.schmolke-carbon.com\/de\/products\/"},{"@type":"ListItem","position":3,"name":"Aerrow Rahmenset"}]},{"@type":"WebSite","@id":"https:\/\/www.schmolke-carbon.com\/#website","url":"https:\/\/www.schmolke-carbon.com\/","name":"Schmolke Carbon","description":"Custom Lightweight products - Hand made in Germany - since 1992","publisher":{"@id":"https:\/\/www.schmolke-carbon.com\/#organization"},"potentialAction":[{"@type":"SearchAction","target":{"@type":"EntryPoint","urlTemplate":"https:\/\/www.schmolke-carbon.com\/?s={search_term_string}"},"query-input":{"@type":"PropertyValueSpecification","valueRequired":true,"valueName":"search_term_string"}}],"inLanguage":"de"},{"@type":"Organization","@id":"https:\/\/www.schmolke-carbon.com\/#organization","name":"Schmolke Carbon","url":"https:\/\/www.schmolke-carbon.com\/","logo":{"@type":"ImageObject","inLanguage":"de","@id":"https:\/\/www.schmolke-carbon.com\/#\/schema\/logo\/image\/","url":"https:\/\/www.schmolke-carbon.com\/wp-content\/uploads\/2017\/03\/Schmolke-Carbon-Logo.jpg","contentUrl":"https:\/\/www.schmolke-carbon.com\/wp-content\/uploads\/2017\/03\/Schmolke-Carbon-Logo.jpg","width":327,"height":335,"caption":"Schmolke Carbon"},"image":{"@id":"https:\/\/www.schmolke-carbon.com\/#\/schema\/logo\/image\/"},"sameAs":["https:\/\/www.facebook.com\/SchmolkeCarbon","https:\/\/x.com\/schmolkecarbon","https:\/\/www.instagram.com\/schmolkecarbon\/"]}]}},"_links":{"self":[{"href":"https:\/\/www.schmolke-carbon.com\/de\/wp-json\/wp\/v2\/product\/52631","targetHints":{"allow":["GET"]}}],"collection":[{"href":"https:\/\/www.schmolke-carbon.com\/de\/wp-json\/wp\/v2\/product"}],"about":[{"href":"https:\/\/www.schmolke-carbon.com\/de\/wp-json\/wp\/v2\/types\/product"}],"replies":[{"embeddable":true,"href":"https:\/\/www.schmolke-carbon.com\/de\/wp-json\/wp\/v2\/comments?post=52631"}],"wp:featuredmedia":[{"embeddable":true,"href":"https:\/\/www.schmolke-carbon.com\/de\/wp-json\/wp\/v2\/media\/62588"}],"wp:attachment":[{"href":"https:\/\/www.schmolke-carbon.com\/de\/wp-json\/wp\/v2\/media?parent=52631"}],"wp:term":[{"taxonomy":"product_brand","embeddable":true,"href":"https:\/\/www.schmolke-carbon.com\/de\/wp-json\/wp\/v2\/product_brand?post=52631"},{"taxonomy":"product_cat","embeddable":true,"href":"https:\/\/www.schmolke-carbon.com\/de\/wp-json\/wp\/v2\/product_cat?post=52631"},{"taxonomy":"product_tag","embeddable":true,"href":"https:\/\/www.schmolke-carbon.com\/de\/wp-json\/wp\/v2\/product_tag?post=52631"}],"curies":[{"name":"wp","href":"https:\/\/api.w.org\/{rel}","templated":true}]}}