{"id":50192,"date":"2022-06-27T13:13:55","date_gmt":"2022-06-27T11:13:55","guid":{"rendered":"https:\/\/www.schmolke-carbon.com\/?post_type=product&#038;p=50192"},"modified":"2026-04-03T08:46:49","modified_gmt":"2026-04-03T06:46:49","slug":"schmolke-carbon-flaschenhalter-sidewinder","status":"publish","type":"product","link":"https:\/\/www.schmolke-carbon.com\/de\/produkt\/schmolke-carbon-flaschenhalter-sidewinder\/","title":{"rendered":"SCHMOLKE Carbon Flaschenhalter &#8222;Sidewinder&#8220;"},"content":{"rendered":"<p><strong>SCHMOLKE Flaschenhalter Sidewinder<\/strong><\/p>\n<ul>\n<li>Dezentes Design, leicht und robust, nur 15 g leicht \u2013 passt perfekt zu deinem Bike.<\/li>\n<li>Matt-schwarzes Carbon-UD-Finish mit abgerundeten Kanten, schwarzes SCHMOLKE-Logo, inklusive Befestigungsschrauben.<\/li>\n<li>F\u00fcr SCHMOLKE Carbon-Trinkflaschen mit 0,5 und 0,75 Liter Fassungsverm\u00f6gen, passend auch f\u00fcr andere Trinkflaschen\/Marken.<\/li>\n<li>Der \u201eSidewinder\u201c-Flaschenhalter mit rechtsseitigem Zugriff eignet sich besonders f\u00fcr Rahmen mit wenig Platz, wie z. B. MTB\/Mountainbikes<\/li>\n<\/ul>\n<p><strong><br \/>\nLieferumfang<\/strong><\/p>\n<p>1x SCHMOLKE Carbon Flaschenhalter \u201eSidewinder\u201c<br \/>\n1x Paar Aluminium Befestigungsschrauben<br \/>\n1x Gummipad<\/p>\n<p><strong>Gewicht:<\/strong><\/p>\n<p>Flaschenhalter \u201eSidewinder\u201c ohne Befestigungsschrauben: 15 g<\/p>\n<p><strong>Befestigung des Flaschenhalters mit einem maximalen Drehmoment von 2 Nm<\/strong><\/p>\n","protected":false},"excerpt":{"rendered":"<p>15 Gramm aus 100% Carbon<\/p>\n<p>Passend f\u00fcr Standard 500 ml und 750 ml Flaschen<\/p>\n<p><strong>Verf\u00fcgbarkeit: <\/strong>Produkte, die als <strong>&#8222;auf Lager&#8220;<\/strong> angezeigt werden, werden innerhalb von 48 Stunden geliefert.<\/p>\n","protected":false},"featured_media":54489,"comment_status":"closed","ping_status":"closed","template":"","meta":{"_acf_changed":false},"product_brand":[],"product_cat":[3432,3834,3380,3829,3431,3832],"product_tag":[],"class_list":{"0":"post-50192","1":"product","2":"type-product","3":"status-publish","4":"has-post-thumbnail","6":"product_cat-rennrad","7":"product_cat-accessoires-rennrad","8":"product_cat-gravelbike","9":"product_cat-accessoires-gravelbike","10":"product_cat-mtb","11":"product_cat-accessoires-mtb","12":"product_shipping_class-bottles-de","14":"first","15":"instock","16":"taxable","17":"shipping-taxable","18":"purchasable","19":"product-type-simple"},"composite_virtual":false,"composite_layout":"","composite_add_to_cart_form_location":"","composite_editable_in_cart":false,"composite_sold_individually_context":"","composite_shop_price_calc":"","composite_components":[],"composite_scenarios":[],"acf":[],"yoast_head":"<!-- This site is optimized with the Yoast SEO plugin v27.4 - https:\/\/yoast.com\/product\/yoast-seo-wordpress\/ -->\n<title>Schmolke Drehmoment-Einsatz<\/title>\n<meta name=\"description\" content=\"SCHMOLKE Carbon Flaschenhalter. 15 Gramm aus 100% Carbon. Dezentes Design, leicht und robust \u2013 passt perfekt zu deinem Bike Matt-schwarzes Carbon-UD-Finish mit abgerundeten Kanten, schwarzes SCHMOLKE-Logo, inklusive Befestigungsschrauben. F\u00fcr Trinkflaschen mit 0,5 und 0,75 Liter Fassungsverm\u00f6gen\" \/>\n<meta name=\"robots\" content=\"index, follow, max-snippet:-1, max-image-preview:large, max-video-preview:-1\" \/>\n<link rel=\"canonical\" href=\"https:\/\/www.schmolke-carbon.com\/de\/produkt\/schmolke-carbon-flaschenhalter-sidewinder\/\" \/>\n<meta property=\"og:locale\" content=\"de_DE\" \/>\n<meta property=\"og:type\" content=\"article\" \/>\n<meta property=\"og:title\" content=\"Schmolke Drehmoment-Einsatz\" \/>\n<meta property=\"og:description\" content=\"SCHMOLKE Carbon Flaschenhalter. 15 Gramm aus 100% Carbon. Dezentes Design, leicht und robust \u2013 passt perfekt zu deinem Bike Matt-schwarzes Carbon-UD-Finish mit abgerundeten Kanten, schwarzes SCHMOLKE-Logo, inklusive Befestigungsschrauben. F\u00fcr Trinkflaschen mit 0,5 und 0,75 Liter Fassungsverm\u00f6gen\" \/>\n<meta property=\"og:url\" content=\"https:\/\/www.schmolke-carbon.com\/de\/produkt\/schmolke-carbon-flaschenhalter-sidewinder\/\" \/>\n<meta property=\"og:site_name\" content=\"Schmolke Carbon\" \/>\n<meta property=\"article:publisher\" content=\"https:\/\/www.facebook.com\/SchmolkeCarbon\" \/>\n<meta property=\"article:modified_time\" content=\"2026-04-03T06:46:49+00:00\" \/>\n<meta property=\"og:image\" content=\"https:\/\/www.schmolke-carbon.com\/wp-content\/uploads\/2022\/06\/2022-06-20-14-52-18-BRadius8Smoothing4-scaled.jpg\" \/>\n\t<meta property=\"og:image:width\" content=\"2560\" \/>\n\t<meta property=\"og:image:height\" content=\"2560\" \/>\n\t<meta property=\"og:image:type\" content=\"image\/jpeg\" \/>\n<meta name=\"twitter:card\" content=\"summary_large_image\" \/>\n<meta name=\"twitter:site\" content=\"@schmolkecarbon\" \/>\n<meta name=\"twitter:label1\" content=\"Gesch\u00e4tzte Lesezeit\" \/>\n\t<meta name=\"twitter:data1\" content=\"1\u00a0Minute\" \/>\n<script type=\"application\/ld+json\" class=\"yoast-schema-graph\">{\"@context\":\"https:\\\/\\\/schema.org\",\"@graph\":[{\"@type\":\"WebPage\",\"@id\":\"https:\\\/\\\/www.schmolke-carbon.com\\\/de\\\/produkt\\\/schmolke-carbon-flaschenhalter-sidewinder\\\/\",\"url\":\"https:\\\/\\\/www.schmolke-carbon.com\\\/de\\\/produkt\\\/schmolke-carbon-flaschenhalter-sidewinder\\\/\",\"name\":\"Schmolke Drehmoment-Einsatz\",\"isPartOf\":{\"@id\":\"https:\\\/\\\/www.schmolke-carbon.com\\\/#website\"},\"primaryImageOfPage\":{\"@id\":\"https:\\\/\\\/www.schmolke-carbon.com\\\/de\\\/produkt\\\/schmolke-carbon-flaschenhalter-sidewinder\\\/#primaryimage\"},\"image\":{\"@id\":\"https:\\\/\\\/www.schmolke-carbon.com\\\/de\\\/produkt\\\/schmolke-carbon-flaschenhalter-sidewinder\\\/#primaryimage\"},\"thumbnailUrl\":\"https:\\\/\\\/www.schmolke-carbon.com\\\/wp-content\\\/uploads\\\/2022\\\/06\\\/2022-06-20-14-52-18-BRadius8Smoothing4-scaled.jpg\",\"datePublished\":\"2022-06-27T11:13:55+00:00\",\"dateModified\":\"2026-04-03T06:46:49+00:00\",\"description\":\"SCHMOLKE Carbon Flaschenhalter. 15 Gramm aus 100% Carbon. Dezentes Design, leicht und robust \u2013 passt perfekt zu deinem Bike Matt-schwarzes Carbon-UD-Finish mit abgerundeten Kanten, schwarzes SCHMOLKE-Logo, inklusive Befestigungsschrauben. F\u00fcr Trinkflaschen mit 0,5 und 0,75 Liter Fassungsverm\u00f6gen\",\"breadcrumb\":{\"@id\":\"https:\\\/\\\/www.schmolke-carbon.com\\\/de\\\/produkt\\\/schmolke-carbon-flaschenhalter-sidewinder\\\/#breadcrumb\"},\"inLanguage\":\"de\",\"potentialAction\":[{\"@type\":\"ReadAction\",\"target\":[\"https:\\\/\\\/www.schmolke-carbon.com\\\/de\\\/produkt\\\/schmolke-carbon-flaschenhalter-sidewinder\\\/\"]}]},{\"@type\":\"ImageObject\",\"inLanguage\":\"de\",\"@id\":\"https:\\\/\\\/www.schmolke-carbon.com\\\/de\\\/produkt\\\/schmolke-carbon-flaschenhalter-sidewinder\\\/#primaryimage\",\"url\":\"https:\\\/\\\/www.schmolke-carbon.com\\\/wp-content\\\/uploads\\\/2022\\\/06\\\/2022-06-20-14-52-18-BRadius8Smoothing4-scaled.jpg\",\"contentUrl\":\"https:\\\/\\\/www.schmolke-carbon.com\\\/wp-content\\\/uploads\\\/2022\\\/06\\\/2022-06-20-14-52-18-BRadius8Smoothing4-scaled.jpg\",\"width\":2560,\"height\":2560,\"caption\":\"Schmolke Carbon bottle cage \\\"sidewinder\\\" Black Edition\"},{\"@type\":\"BreadcrumbList\",\"@id\":\"https:\\\/\\\/www.schmolke-carbon.com\\\/de\\\/produkt\\\/schmolke-carbon-flaschenhalter-sidewinder\\\/#breadcrumb\",\"itemListElement\":[{\"@type\":\"ListItem\",\"position\":1,\"name\":\"Home\",\"item\":\"https:\\\/\\\/www.schmolke-carbon.com\\\/de\\\/home\\\/\"},{\"@type\":\"ListItem\",\"position\":2,\"name\":\"Produkte\",\"item\":\"https:\\\/\\\/www.schmolke-carbon.com\\\/de\\\/products\\\/\"},{\"@type\":\"ListItem\",\"position\":3,\"name\":\"SCHMOLKE Carbon Flaschenhalter &#8222;Sidewinder&#8220;\"}]},{\"@type\":\"WebSite\",\"@id\":\"https:\\\/\\\/www.schmolke-carbon.com\\\/#website\",\"url\":\"https:\\\/\\\/www.schmolke-carbon.com\\\/\",\"name\":\"Schmolke Carbon\",\"description\":\"Custom Lightweight products - Hand made in Germany - since 1992\",\"publisher\":{\"@id\":\"https:\\\/\\\/www.schmolke-carbon.com\\\/#organization\"},\"potentialAction\":[{\"@type\":\"SearchAction\",\"target\":{\"@type\":\"EntryPoint\",\"urlTemplate\":\"https:\\\/\\\/www.schmolke-carbon.com\\\/?s={search_term_string}\"},\"query-input\":{\"@type\":\"PropertyValueSpecification\",\"valueRequired\":true,\"valueName\":\"search_term_string\"}}],\"inLanguage\":\"de\"},{\"@type\":\"Organization\",\"@id\":\"https:\\\/\\\/www.schmolke-carbon.com\\\/#organization\",\"name\":\"Schmolke Carbon\",\"url\":\"https:\\\/\\\/www.schmolke-carbon.com\\\/\",\"logo\":{\"@type\":\"ImageObject\",\"inLanguage\":\"de\",\"@id\":\"https:\\\/\\\/www.schmolke-carbon.com\\\/#\\\/schema\\\/logo\\\/image\\\/\",\"url\":\"https:\\\/\\\/www.schmolke-carbon.com\\\/wp-content\\\/uploads\\\/2017\\\/03\\\/Schmolke-Carbon-Logo.jpg\",\"contentUrl\":\"https:\\\/\\\/www.schmolke-carbon.com\\\/wp-content\\\/uploads\\\/2017\\\/03\\\/Schmolke-Carbon-Logo.jpg\",\"width\":327,\"height\":335,\"caption\":\"Schmolke Carbon\"},\"image\":{\"@id\":\"https:\\\/\\\/www.schmolke-carbon.com\\\/#\\\/schema\\\/logo\\\/image\\\/\"},\"sameAs\":[\"https:\\\/\\\/www.facebook.com\\\/SchmolkeCarbon\",\"https:\\\/\\\/x.com\\\/schmolkecarbon\",\"https:\\\/\\\/www.instagram.com\\\/schmolkecarbon\\\/\"]}]}<\/script>\n<!-- \/ Yoast SEO plugin. -->","yoast_head_json":{"title":"Schmolke Drehmoment-Einsatz","description":"SCHMOLKE Carbon Flaschenhalter. 15 Gramm aus 100% Carbon. Dezentes Design, leicht und robust \u2013 passt perfekt zu deinem Bike Matt-schwarzes Carbon-UD-Finish mit abgerundeten Kanten, schwarzes SCHMOLKE-Logo, inklusive Befestigungsschrauben. F\u00fcr Trinkflaschen mit 0,5 und 0,75 Liter Fassungsverm\u00f6gen","robots":{"index":"index","follow":"follow","max-snippet":"max-snippet:-1","max-image-preview":"max-image-preview:large","max-video-preview":"max-video-preview:-1"},"canonical":"https:\/\/www.schmolke-carbon.com\/de\/produkt\/schmolke-carbon-flaschenhalter-sidewinder\/","og_locale":"de_DE","og_type":"article","og_title":"Schmolke Drehmoment-Einsatz","og_description":"SCHMOLKE Carbon Flaschenhalter. 15 Gramm aus 100% Carbon. Dezentes Design, leicht und robust \u2013 passt perfekt zu deinem Bike Matt-schwarzes Carbon-UD-Finish mit abgerundeten Kanten, schwarzes SCHMOLKE-Logo, inklusive Befestigungsschrauben. F\u00fcr Trinkflaschen mit 0,5 und 0,75 Liter Fassungsverm\u00f6gen","og_url":"https:\/\/www.schmolke-carbon.com\/de\/produkt\/schmolke-carbon-flaschenhalter-sidewinder\/","og_site_name":"Schmolke Carbon","article_publisher":"https:\/\/www.facebook.com\/SchmolkeCarbon","article_modified_time":"2026-04-03T06:46:49+00:00","og_image":[{"width":2560,"height":2560,"url":"https:\/\/www.schmolke-carbon.com\/wp-content\/uploads\/2022\/06\/2022-06-20-14-52-18-BRadius8Smoothing4-scaled.jpg","type":"image\/jpeg"}],"twitter_card":"summary_large_image","twitter_site":"@schmolkecarbon","twitter_misc":{"Gesch\u00e4tzte Lesezeit":"1\u00a0Minute"},"schema":{"@context":"https:\/\/schema.org","@graph":[{"@type":"WebPage","@id":"https:\/\/www.schmolke-carbon.com\/de\/produkt\/schmolke-carbon-flaschenhalter-sidewinder\/","url":"https:\/\/www.schmolke-carbon.com\/de\/produkt\/schmolke-carbon-flaschenhalter-sidewinder\/","name":"Schmolke Drehmoment-Einsatz","isPartOf":{"@id":"https:\/\/www.schmolke-carbon.com\/#website"},"primaryImageOfPage":{"@id":"https:\/\/www.schmolke-carbon.com\/de\/produkt\/schmolke-carbon-flaschenhalter-sidewinder\/#primaryimage"},"image":{"@id":"https:\/\/www.schmolke-carbon.com\/de\/produkt\/schmolke-carbon-flaschenhalter-sidewinder\/#primaryimage"},"thumbnailUrl":"https:\/\/www.schmolke-carbon.com\/wp-content\/uploads\/2022\/06\/2022-06-20-14-52-18-BRadius8Smoothing4-scaled.jpg","datePublished":"2022-06-27T11:13:55+00:00","dateModified":"2026-04-03T06:46:49+00:00","description":"SCHMOLKE Carbon Flaschenhalter. 15 Gramm aus 100% Carbon. Dezentes Design, leicht und robust \u2013 passt perfekt zu deinem Bike Matt-schwarzes Carbon-UD-Finish mit abgerundeten Kanten, schwarzes SCHMOLKE-Logo, inklusive Befestigungsschrauben. F\u00fcr Trinkflaschen mit 0,5 und 0,75 Liter Fassungsverm\u00f6gen","breadcrumb":{"@id":"https:\/\/www.schmolke-carbon.com\/de\/produkt\/schmolke-carbon-flaschenhalter-sidewinder\/#breadcrumb"},"inLanguage":"de","potentialAction":[{"@type":"ReadAction","target":["https:\/\/www.schmolke-carbon.com\/de\/produkt\/schmolke-carbon-flaschenhalter-sidewinder\/"]}]},{"@type":"ImageObject","inLanguage":"de","@id":"https:\/\/www.schmolke-carbon.com\/de\/produkt\/schmolke-carbon-flaschenhalter-sidewinder\/#primaryimage","url":"https:\/\/www.schmolke-carbon.com\/wp-content\/uploads\/2022\/06\/2022-06-20-14-52-18-BRadius8Smoothing4-scaled.jpg","contentUrl":"https:\/\/www.schmolke-carbon.com\/wp-content\/uploads\/2022\/06\/2022-06-20-14-52-18-BRadius8Smoothing4-scaled.jpg","width":2560,"height":2560,"caption":"Schmolke Carbon bottle cage \"sidewinder\" Black Edition"},{"@type":"BreadcrumbList","@id":"https:\/\/www.schmolke-carbon.com\/de\/produkt\/schmolke-carbon-flaschenhalter-sidewinder\/#breadcrumb","itemListElement":[{"@type":"ListItem","position":1,"name":"Home","item":"https:\/\/www.schmolke-carbon.com\/de\/home\/"},{"@type":"ListItem","position":2,"name":"Produkte","item":"https:\/\/www.schmolke-carbon.com\/de\/products\/"},{"@type":"ListItem","position":3,"name":"SCHMOLKE Carbon Flaschenhalter &#8222;Sidewinder&#8220;"}]},{"@type":"WebSite","@id":"https:\/\/www.schmolke-carbon.com\/#website","url":"https:\/\/www.schmolke-carbon.com\/","name":"Schmolke Carbon","description":"Custom Lightweight products - Hand made in Germany - since 1992","publisher":{"@id":"https:\/\/www.schmolke-carbon.com\/#organization"},"potentialAction":[{"@type":"SearchAction","target":{"@type":"EntryPoint","urlTemplate":"https:\/\/www.schmolke-carbon.com\/?s={search_term_string}"},"query-input":{"@type":"PropertyValueSpecification","valueRequired":true,"valueName":"search_term_string"}}],"inLanguage":"de"},{"@type":"Organization","@id":"https:\/\/www.schmolke-carbon.com\/#organization","name":"Schmolke Carbon","url":"https:\/\/www.schmolke-carbon.com\/","logo":{"@type":"ImageObject","inLanguage":"de","@id":"https:\/\/www.schmolke-carbon.com\/#\/schema\/logo\/image\/","url":"https:\/\/www.schmolke-carbon.com\/wp-content\/uploads\/2017\/03\/Schmolke-Carbon-Logo.jpg","contentUrl":"https:\/\/www.schmolke-carbon.com\/wp-content\/uploads\/2017\/03\/Schmolke-Carbon-Logo.jpg","width":327,"height":335,"caption":"Schmolke Carbon"},"image":{"@id":"https:\/\/www.schmolke-carbon.com\/#\/schema\/logo\/image\/"},"sameAs":["https:\/\/www.facebook.com\/SchmolkeCarbon","https:\/\/x.com\/schmolkecarbon","https:\/\/www.instagram.com\/schmolkecarbon\/"]}]}},"_links":{"self":[{"href":"https:\/\/www.schmolke-carbon.com\/de\/wp-json\/wp\/v2\/product\/50192","targetHints":{"allow":["GET"]}}],"collection":[{"href":"https:\/\/www.schmolke-carbon.com\/de\/wp-json\/wp\/v2\/product"}],"about":[{"href":"https:\/\/www.schmolke-carbon.com\/de\/wp-json\/wp\/v2\/types\/product"}],"replies":[{"embeddable":true,"href":"https:\/\/www.schmolke-carbon.com\/de\/wp-json\/wp\/v2\/comments?post=50192"}],"wp:featuredmedia":[{"embeddable":true,"href":"https:\/\/www.schmolke-carbon.com\/de\/wp-json\/wp\/v2\/media\/54489"}],"wp:attachment":[{"href":"https:\/\/www.schmolke-carbon.com\/de\/wp-json\/wp\/v2\/media?parent=50192"}],"wp:term":[{"taxonomy":"product_brand","embeddable":true,"href":"https:\/\/www.schmolke-carbon.com\/de\/wp-json\/wp\/v2\/product_brand?post=50192"},{"taxonomy":"product_cat","embeddable":true,"href":"https:\/\/www.schmolke-carbon.com\/de\/wp-json\/wp\/v2\/product_cat?post=50192"},{"taxonomy":"product_tag","embeddable":true,"href":"https:\/\/www.schmolke-carbon.com\/de\/wp-json\/wp\/v2\/product_tag?post=50192"}],"curies":[{"name":"wp","href":"https:\/\/api.w.org\/{rel}","templated":true}]}}