{"id":43287,"date":"2021-10-07T10:36:25","date_gmt":"2021-10-07T10:36:25","guid":{"rendered":"https:\/\/www.schmolke-carbon.com\/?post_type=product&#038;p=43287"},"modified":"2025-08-27T16:22:59","modified_gmt":"2025-08-27T14:22:59","slug":"tlo-rennschuh","status":"publish","type":"product","link":"https:\/\/www.schmolke-carbon.com\/de\/produkt\/tlo-rennschuh\/","title":{"rendered":"TLO Rennradschuh"},"content":{"rendered":"<p>Die ultrasteife Carbon-Au\u00dfensohle des TLO Schuhs gibt jeden Antritt sofort an die Pedale weiter, nichts wird verschenkt, Deine gesamte Energie wird direkt \u00fcbertragen.<\/p>\n<p>Die extrem niedrige Sohlen-Bauh\u00f6he sorgt f\u00fcr eine sehr direkte Verbindung zum Pedal. Biomechanisch wird somit die effektivste Totpunkt\u00fcberwindung erreicht.<\/p>\n<p>Ein kleiner Gummischutz an den Fersen erleichtert das Laufen und vermeidet Sch\u00e4den in diesem Bereich.<\/p>\n<p>Das Verschlusssystem h\u00e4lt deinen Fu\u00df bombenfest im Schuh und erlaubt eine schnelle, individuelle Anpassung.<\/p>\n<p><strong>Gewicht: 425 g (Gr\u00f6\u00dfe 43, je Paar)<\/strong><\/p>\n<p>Gr\u00f6\u00dfentabelle<\/p>\n<table style=\"border-collapse: collapse; width: 120pt;\" border=\"0\" width=\"160\" cellspacing=\"0\" cellpadding=\"0\">\n<tbody>\n<tr style=\"height: 14.5pt;\">\n<td class=\"xl63\" style=\"height: 14.5pt; width: 60pt; text-align: center;\" width=\"80\" height=\"19\">cm<\/td>\n<td class=\"xl63\" style=\"border-left: none; width: 60pt; text-align: center;\" width=\"80\">Gr\u00f6\u00dfe<\/td>\n<\/tr>\n<tr style=\"height: 14.5pt;\">\n<td class=\"xl63\" style=\"height: 14.5pt; border-top: none; text-align: center;\" align=\"right\" height=\"19\">27<\/td>\n<td class=\"xl63\" style=\"border-top: none; border-left: none; text-align: center;\" align=\"right\">42<\/td>\n<\/tr>\n<tr style=\"height: 14.5pt;\">\n<td class=\"xl63\" style=\"height: 14.5pt; border-top: none; text-align: center;\" height=\"19\">28<\/td>\n<td class=\"xl63\" style=\"border-top: none; border-left: none; text-align: center;\" align=\"right\">43<\/td>\n<\/tr>\n<tr style=\"height: 14.5pt;\">\n<td class=\"xl63\" style=\"height: 14.5pt; border-top: none; text-align: center;\" height=\"19\">28,5<\/td>\n<td class=\"xl63\" style=\"border-top: none; border-left: none; text-align: center;\" align=\"right\">44<\/td>\n<\/tr>\n<tr style=\"height: 14.5pt;\">\n<td class=\"xl63\" style=\"height: 14.5pt; border-top: none; text-align: center;\" height=\"19\">29<\/td>\n<td class=\"xl63\" style=\"border-top: none; border-left: none; text-align: center;\" align=\"right\">45<\/td>\n<\/tr>\n<tr style=\"height: 14.5pt;\">\n<td class=\"xl63\" style=\"height: 14.5pt; border-top: none; text-align: center;\" height=\"19\">29,5<\/td>\n<td class=\"xl63\" style=\"border-top: none; border-left: none; text-align: center;\" align=\"right\">46<\/td>\n<\/tr>\n<tr style=\"height: 14.5pt;\">\n<td class=\"xl63\" style=\"height: 14.5pt; border-top: none; text-align: center;\" height=\"19\">30,5<\/td>\n<td class=\"xl63\" style=\"border-top: none; border-left: none; text-align: center;\" align=\"right\">47<\/td>\n<\/tr>\n<\/tbody>\n<\/table>\n","protected":false},"excerpt":{"rendered":"<p><strong>Einsatzbereich:<\/strong> Rennrad<\/p>\n<p><strong>Sohle: <\/strong>Carbon<\/p>\n<p><strong>Kompatibilit\u00e4t:<\/strong> Shimano SPD-SL, Look-Road, Time-Road<\/p>\n<p><strong>Verschluss:<\/strong> Drehverschluss<\/p>\n<p><strong>Gr\u00f6\u00dfen:<\/strong> 42, 43, 44, 45, 46, 47<\/p>\n<p><strong>Farbe:<\/strong> wei\u00df\/grau<\/p>\n<p><strong>Gewicht:<\/strong> 425 g (Gr\u00f6\u00dfe 43, Paar)<\/p>\n<p><strong>Verf\u00fcgbarkeit:<\/strong> Produkte, die als <strong>&#8222;auf Lager&#8220;<\/strong> angezeigt werden, werden innerhalb von 48 Stunden geliefert.<\/p>\n","protected":false},"featured_media":42980,"comment_status":"closed","ping_status":"closed","template":"","meta":{"_acf_changed":false},"product_brand":[],"product_cat":[3920],"product_tag":[],"class_list":{"0":"post-43287","1":"product","2":"type-product","3":"status-publish","4":"has-post-thumbnail","6":"product_cat-sale","8":"first","9":"instock","10":"sale","11":"taxable","12":"shipping-taxable","13":"purchasable","14":"product-type-variable"},"composite_virtual":false,"composite_layout":"","composite_add_to_cart_form_location":"","composite_editable_in_cart":false,"composite_sold_individually_context":"","composite_shop_price_calc":"","composite_components":[],"composite_scenarios":[],"acf":[],"yoast_head":"<!-- This site is optimized with the Yoast SEO plugin v27.4 - https:\/\/yoast.com\/product\/yoast-seo-wordpress\/ -->\n<title>TLO Rennradschuh - Schmolke Carbon<\/title>\n<meta name=\"robots\" content=\"index, follow, max-snippet:-1, max-image-preview:large, max-video-preview:-1\" \/>\n<link rel=\"canonical\" href=\"https:\/\/www.schmolke-carbon.com\/de\/produkt\/tlo-rennschuh\/\" \/>\n<meta property=\"og:locale\" content=\"de_DE\" \/>\n<meta property=\"og:type\" content=\"article\" \/>\n<meta property=\"og:title\" content=\"TLO Rennradschuh - Schmolke Carbon\" \/>\n<meta property=\"og:description\" content=\"Einsatzbereich: Rennrad Sohle: Carbon Kompatibilit\u00e4t: Shimano SPD-SL, Look-Road, Time-Road Verschluss: Drehverschluss Gr\u00f6\u00dfen: 42, 43, 44, 45, 46, 47 Farbe: wei\u00df\/grau Gewicht: 425 g (Gr\u00f6\u00dfe 43, Paar) Verf\u00fcgbarkeit: Produkte, die als &quot;auf Lager&quot; angezeigt werden, werden innerhalb von 48 Stunden geliefert.\" \/>\n<meta property=\"og:url\" content=\"https:\/\/www.schmolke-carbon.com\/de\/produkt\/tlo-rennschuh\/\" \/>\n<meta property=\"og:site_name\" content=\"Schmolke Carbon\" \/>\n<meta property=\"article:publisher\" content=\"https:\/\/www.facebook.com\/SchmolkeCarbon\" \/>\n<meta property=\"article:modified_time\" content=\"2025-08-27T14:22:59+00:00\" \/>\n<meta property=\"og:image\" content=\"https:\/\/www.schmolke-carbon.com\/wp-content\/uploads\/2021\/09\/TLO-Shoe-web1.jpg\" \/>\n\t<meta property=\"og:image:width\" content=\"2048\" \/>\n\t<meta property=\"og:image:height\" content=\"2048\" \/>\n\t<meta property=\"og:image:type\" content=\"image\/jpeg\" \/>\n<meta name=\"twitter:card\" content=\"summary_large_image\" \/>\n<meta name=\"twitter:site\" content=\"@schmolkecarbon\" \/>\n<meta name=\"twitter:label1\" content=\"Gesch\u00e4tzte Lesezeit\" \/>\n\t<meta name=\"twitter:data1\" content=\"1\u00a0Minute\" \/>\n<script type=\"application\/ld+json\" class=\"yoast-schema-graph\">{\"@context\":\"https:\\\/\\\/schema.org\",\"@graph\":[{\"@type\":\"WebPage\",\"@id\":\"https:\\\/\\\/www.schmolke-carbon.com\\\/de\\\/produkt\\\/tlo-rennschuh\\\/\",\"url\":\"https:\\\/\\\/www.schmolke-carbon.com\\\/de\\\/produkt\\\/tlo-rennschuh\\\/\",\"name\":\"TLO Rennradschuh - Schmolke Carbon\",\"isPartOf\":{\"@id\":\"https:\\\/\\\/www.schmolke-carbon.com\\\/#website\"},\"primaryImageOfPage\":{\"@id\":\"https:\\\/\\\/www.schmolke-carbon.com\\\/de\\\/produkt\\\/tlo-rennschuh\\\/#primaryimage\"},\"image\":{\"@id\":\"https:\\\/\\\/www.schmolke-carbon.com\\\/de\\\/produkt\\\/tlo-rennschuh\\\/#primaryimage\"},\"thumbnailUrl\":\"https:\\\/\\\/www.schmolke-carbon.com\\\/wp-content\\\/uploads\\\/2021\\\/09\\\/TLO-Shoe-web1.jpg\",\"datePublished\":\"2021-10-07T10:36:25+00:00\",\"dateModified\":\"2025-08-27T14:22:59+00:00\",\"breadcrumb\":{\"@id\":\"https:\\\/\\\/www.schmolke-carbon.com\\\/de\\\/produkt\\\/tlo-rennschuh\\\/#breadcrumb\"},\"inLanguage\":\"de\",\"potentialAction\":[{\"@type\":\"ReadAction\",\"target\":[\"https:\\\/\\\/www.schmolke-carbon.com\\\/de\\\/produkt\\\/tlo-rennschuh\\\/\"]}]},{\"@type\":\"ImageObject\",\"inLanguage\":\"de\",\"@id\":\"https:\\\/\\\/www.schmolke-carbon.com\\\/de\\\/produkt\\\/tlo-rennschuh\\\/#primaryimage\",\"url\":\"https:\\\/\\\/www.schmolke-carbon.com\\\/wp-content\\\/uploads\\\/2021\\\/09\\\/TLO-Shoe-web1.jpg\",\"contentUrl\":\"https:\\\/\\\/www.schmolke-carbon.com\\\/wp-content\\\/uploads\\\/2021\\\/09\\\/TLO-Shoe-web1.jpg\",\"width\":2048,\"height\":2048},{\"@type\":\"BreadcrumbList\",\"@id\":\"https:\\\/\\\/www.schmolke-carbon.com\\\/de\\\/produkt\\\/tlo-rennschuh\\\/#breadcrumb\",\"itemListElement\":[{\"@type\":\"ListItem\",\"position\":1,\"name\":\"Home\",\"item\":\"https:\\\/\\\/www.schmolke-carbon.com\\\/de\\\/home\\\/\"},{\"@type\":\"ListItem\",\"position\":2,\"name\":\"Produkte\",\"item\":\"https:\\\/\\\/www.schmolke-carbon.com\\\/de\\\/produkte\\\/\"},{\"@type\":\"ListItem\",\"position\":3,\"name\":\"TLO Rennradschuh\"}]},{\"@type\":\"WebSite\",\"@id\":\"https:\\\/\\\/www.schmolke-carbon.com\\\/#website\",\"url\":\"https:\\\/\\\/www.schmolke-carbon.com\\\/\",\"name\":\"Schmolke Carbon\",\"description\":\"Custom Lightweight products - Hand made in Germany - since 1992\",\"publisher\":{\"@id\":\"https:\\\/\\\/www.schmolke-carbon.com\\\/#organization\"},\"potentialAction\":[{\"@type\":\"SearchAction\",\"target\":{\"@type\":\"EntryPoint\",\"urlTemplate\":\"https:\\\/\\\/www.schmolke-carbon.com\\\/?s={search_term_string}\"},\"query-input\":{\"@type\":\"PropertyValueSpecification\",\"valueRequired\":true,\"valueName\":\"search_term_string\"}}],\"inLanguage\":\"de\"},{\"@type\":\"Organization\",\"@id\":\"https:\\\/\\\/www.schmolke-carbon.com\\\/#organization\",\"name\":\"Schmolke Carbon\",\"url\":\"https:\\\/\\\/www.schmolke-carbon.com\\\/\",\"logo\":{\"@type\":\"ImageObject\",\"inLanguage\":\"de\",\"@id\":\"https:\\\/\\\/www.schmolke-carbon.com\\\/#\\\/schema\\\/logo\\\/image\\\/\",\"url\":\"https:\\\/\\\/www.schmolke-carbon.com\\\/wp-content\\\/uploads\\\/2017\\\/03\\\/Schmolke-Carbon-Logo.jpg\",\"contentUrl\":\"https:\\\/\\\/www.schmolke-carbon.com\\\/wp-content\\\/uploads\\\/2017\\\/03\\\/Schmolke-Carbon-Logo.jpg\",\"width\":327,\"height\":335,\"caption\":\"Schmolke Carbon\"},\"image\":{\"@id\":\"https:\\\/\\\/www.schmolke-carbon.com\\\/#\\\/schema\\\/logo\\\/image\\\/\"},\"sameAs\":[\"https:\\\/\\\/www.facebook.com\\\/SchmolkeCarbon\",\"https:\\\/\\\/x.com\\\/schmolkecarbon\",\"https:\\\/\\\/www.instagram.com\\\/schmolkecarbon\\\/\"]}]}<\/script>\n<!-- \/ Yoast SEO plugin. -->","yoast_head_json":{"title":"TLO Rennradschuh - Schmolke Carbon","robots":{"index":"index","follow":"follow","max-snippet":"max-snippet:-1","max-image-preview":"max-image-preview:large","max-video-preview":"max-video-preview:-1"},"canonical":"https:\/\/www.schmolke-carbon.com\/de\/produkt\/tlo-rennschuh\/","og_locale":"de_DE","og_type":"article","og_title":"TLO Rennradschuh - Schmolke Carbon","og_description":"Einsatzbereich: Rennrad Sohle: Carbon Kompatibilit\u00e4t: Shimano SPD-SL, Look-Road, Time-Road Verschluss: Drehverschluss Gr\u00f6\u00dfen: 42, 43, 44, 45, 46, 47 Farbe: wei\u00df\/grau Gewicht: 425 g (Gr\u00f6\u00dfe 43, Paar) Verf\u00fcgbarkeit: Produkte, die als \"auf Lager\" angezeigt werden, werden innerhalb von 48 Stunden geliefert.","og_url":"https:\/\/www.schmolke-carbon.com\/de\/produkt\/tlo-rennschuh\/","og_site_name":"Schmolke Carbon","article_publisher":"https:\/\/www.facebook.com\/SchmolkeCarbon","article_modified_time":"2025-08-27T14:22:59+00:00","og_image":[{"width":2048,"height":2048,"url":"https:\/\/www.schmolke-carbon.com\/wp-content\/uploads\/2021\/09\/TLO-Shoe-web1.jpg","type":"image\/jpeg"}],"twitter_card":"summary_large_image","twitter_site":"@schmolkecarbon","twitter_misc":{"Gesch\u00e4tzte Lesezeit":"1\u00a0Minute"},"schema":{"@context":"https:\/\/schema.org","@graph":[{"@type":"WebPage","@id":"https:\/\/www.schmolke-carbon.com\/de\/produkt\/tlo-rennschuh\/","url":"https:\/\/www.schmolke-carbon.com\/de\/produkt\/tlo-rennschuh\/","name":"TLO Rennradschuh - Schmolke Carbon","isPartOf":{"@id":"https:\/\/www.schmolke-carbon.com\/#website"},"primaryImageOfPage":{"@id":"https:\/\/www.schmolke-carbon.com\/de\/produkt\/tlo-rennschuh\/#primaryimage"},"image":{"@id":"https:\/\/www.schmolke-carbon.com\/de\/produkt\/tlo-rennschuh\/#primaryimage"},"thumbnailUrl":"https:\/\/www.schmolke-carbon.com\/wp-content\/uploads\/2021\/09\/TLO-Shoe-web1.jpg","datePublished":"2021-10-07T10:36:25+00:00","dateModified":"2025-08-27T14:22:59+00:00","breadcrumb":{"@id":"https:\/\/www.schmolke-carbon.com\/de\/produkt\/tlo-rennschuh\/#breadcrumb"},"inLanguage":"de","potentialAction":[{"@type":"ReadAction","target":["https:\/\/www.schmolke-carbon.com\/de\/produkt\/tlo-rennschuh\/"]}]},{"@type":"ImageObject","inLanguage":"de","@id":"https:\/\/www.schmolke-carbon.com\/de\/produkt\/tlo-rennschuh\/#primaryimage","url":"https:\/\/www.schmolke-carbon.com\/wp-content\/uploads\/2021\/09\/TLO-Shoe-web1.jpg","contentUrl":"https:\/\/www.schmolke-carbon.com\/wp-content\/uploads\/2021\/09\/TLO-Shoe-web1.jpg","width":2048,"height":2048},{"@type":"BreadcrumbList","@id":"https:\/\/www.schmolke-carbon.com\/de\/produkt\/tlo-rennschuh\/#breadcrumb","itemListElement":[{"@type":"ListItem","position":1,"name":"Home","item":"https:\/\/www.schmolke-carbon.com\/de\/home\/"},{"@type":"ListItem","position":2,"name":"Produkte","item":"https:\/\/www.schmolke-carbon.com\/de\/produkte\/"},{"@type":"ListItem","position":3,"name":"TLO Rennradschuh"}]},{"@type":"WebSite","@id":"https:\/\/www.schmolke-carbon.com\/#website","url":"https:\/\/www.schmolke-carbon.com\/","name":"Schmolke Carbon","description":"Custom Lightweight products - Hand made in Germany - since 1992","publisher":{"@id":"https:\/\/www.schmolke-carbon.com\/#organization"},"potentialAction":[{"@type":"SearchAction","target":{"@type":"EntryPoint","urlTemplate":"https:\/\/www.schmolke-carbon.com\/?s={search_term_string}"},"query-input":{"@type":"PropertyValueSpecification","valueRequired":true,"valueName":"search_term_string"}}],"inLanguage":"de"},{"@type":"Organization","@id":"https:\/\/www.schmolke-carbon.com\/#organization","name":"Schmolke Carbon","url":"https:\/\/www.schmolke-carbon.com\/","logo":{"@type":"ImageObject","inLanguage":"de","@id":"https:\/\/www.schmolke-carbon.com\/#\/schema\/logo\/image\/","url":"https:\/\/www.schmolke-carbon.com\/wp-content\/uploads\/2017\/03\/Schmolke-Carbon-Logo.jpg","contentUrl":"https:\/\/www.schmolke-carbon.com\/wp-content\/uploads\/2017\/03\/Schmolke-Carbon-Logo.jpg","width":327,"height":335,"caption":"Schmolke Carbon"},"image":{"@id":"https:\/\/www.schmolke-carbon.com\/#\/schema\/logo\/image\/"},"sameAs":["https:\/\/www.facebook.com\/SchmolkeCarbon","https:\/\/x.com\/schmolkecarbon","https:\/\/www.instagram.com\/schmolkecarbon\/"]}]}},"_links":{"self":[{"href":"https:\/\/www.schmolke-carbon.com\/de\/wp-json\/wp\/v2\/product\/43287","targetHints":{"allow":["GET"]}}],"collection":[{"href":"https:\/\/www.schmolke-carbon.com\/de\/wp-json\/wp\/v2\/product"}],"about":[{"href":"https:\/\/www.schmolke-carbon.com\/de\/wp-json\/wp\/v2\/types\/product"}],"replies":[{"embeddable":true,"href":"https:\/\/www.schmolke-carbon.com\/de\/wp-json\/wp\/v2\/comments?post=43287"}],"wp:featuredmedia":[{"embeddable":true,"href":"https:\/\/www.schmolke-carbon.com\/de\/wp-json\/wp\/v2\/media\/42980"}],"wp:attachment":[{"href":"https:\/\/www.schmolke-carbon.com\/de\/wp-json\/wp\/v2\/media?parent=43287"}],"wp:term":[{"taxonomy":"product_brand","embeddable":true,"href":"https:\/\/www.schmolke-carbon.com\/de\/wp-json\/wp\/v2\/product_brand?post=43287"},{"taxonomy":"product_cat","embeddable":true,"href":"https:\/\/www.schmolke-carbon.com\/de\/wp-json\/wp\/v2\/product_cat?post=43287"},{"taxonomy":"product_tag","embeddable":true,"href":"https:\/\/www.schmolke-carbon.com\/de\/wp-json\/wp\/v2\/product_tag?post=43287"}],"curies":[{"name":"wp","href":"https:\/\/api.w.org\/{rel}","templated":true}]}}