{"id":39468,"date":"2021-02-10T13:54:24","date_gmt":"2021-02-10T13:54:24","guid":{"rendered":"https:\/\/www.schmolke-carbon.com\/product\/ch-02-computer-halterung\/"},"modified":"2026-02-26T22:51:53","modified_gmt":"2026-02-26T20:51:53","slug":"ch-02-computer-halterung","status":"publish","type":"product","link":"https:\/\/www.schmolke-carbon.com\/de\/produkt\/ch-02-computer-halterung\/","title":{"rendered":"CH-02 Computer Halter f\u00fcr Extralite HyperStem"},"content":{"rendered":"<h4>Nur 16,8 g Zusatzgewicht!<\/h4>\n<p>Ersetzt die Standard-Lenkerklemmen von HyperStem und bietet eine starre Halterung f\u00fcr Ihren Fahrradcomputer und Ihre Kamera (passend f\u00fcr alle HyperStem-Modelle).<br \/>\nCH-02 ist bereits mit dem Adapter-Einsatz f\u00fcr Garmin-Fahrradger\u00e4te ausgestattet und enth\u00e4lt alles Notwendige, um Ihren Computer an Ihrem HyperStem zu befestigen.<\/p>\n","protected":false},"excerpt":{"rendered":"<p><strong>Materialien:<\/strong> T700 Carbonfaser tralice, AL7075TXX Klemmen, AL7075T6 CNC-Muttern, rostfreie Mikro-Schrauben<\/p>\n<p><strong>Oberfl\u00e4che:<\/strong> reines Carbon \/ schwarz eloxiert<\/p>\n<p><strong>Gewicht:<\/strong> 16,8 g zus\u00e4tzlich auf die Standard-Lenkerklemmen<\/p>\n<p><strong>Verf\u00fcgbarkeit:<\/strong> Produkte, die als <strong>\u201cauf Lager\u201d<\/strong> angezeigt werden, werden innerhalb von 48 Stunden geliefert. <strong>Artikel im R\u00fcckstand<\/strong> werden innerhalb von 5 Wochen verschickt.<\/p>\n","protected":false},"featured_media":54433,"comment_status":"closed","ping_status":"closed","template":"","meta":{"_acf_changed":false},"product_brand":[],"product_cat":[3432,3834,3380,3829],"product_tag":[],"class_list":{"0":"post-39468","1":"product","2":"type-product","3":"status-publish","4":"has-post-thumbnail","6":"product_cat-rennrad","7":"product_cat-accessoires-rennrad","8":"product_cat-gravelbike","9":"product_cat-accessoires-gravelbike","10":"product_shipping_class-bottles-de","12":"first","13":"onbackorder","14":"taxable","15":"shipping-taxable","16":"purchasable","17":"product-type-simple"},"composite_virtual":false,"composite_layout":"","composite_add_to_cart_form_location":"","composite_editable_in_cart":false,"composite_sold_individually_context":"","composite_shop_price_calc":"","composite_components":[],"composite_scenarios":[],"acf":[],"yoast_head":"<!-- This site is optimized with the Yoast SEO plugin v27.4 - https:\/\/yoast.com\/product\/yoast-seo-wordpress\/ -->\n<title>REVOLOOP Fahrradschlauch<\/title>\n<meta name=\"description\" content=\"CH-02 ist bereits mit dem Adapter-Einsatz f\u00fcr Garmin-Fahrradger\u00e4te ausgestattet und enth\u00e4lt alles Notwendige, um Ihren Computer an Ihrem HyperStem zu befestigen.\" \/>\n<meta name=\"robots\" content=\"index, follow, max-snippet:-1, max-image-preview:large, max-video-preview:-1\" \/>\n<link rel=\"canonical\" href=\"https:\/\/www.schmolke-carbon.com\/de\/produkt\/ch-02-computer-halterung\/\" \/>\n<meta property=\"og:locale\" content=\"de_DE\" \/>\n<meta property=\"og:type\" content=\"article\" \/>\n<meta property=\"og:title\" content=\"REVOLOOP Fahrradschlauch\" \/>\n<meta property=\"og:description\" content=\"CH-02 ist bereits mit dem Adapter-Einsatz f\u00fcr Garmin-Fahrradger\u00e4te ausgestattet und enth\u00e4lt alles Notwendige, um Ihren Computer an Ihrem HyperStem zu befestigen.\" \/>\n<meta property=\"og:url\" content=\"https:\/\/www.schmolke-carbon.com\/de\/produkt\/ch-02-computer-halterung\/\" \/>\n<meta property=\"og:site_name\" content=\"Schmolke Carbon\" \/>\n<meta property=\"article:publisher\" content=\"https:\/\/www.facebook.com\/SchmolkeCarbon\" \/>\n<meta property=\"article:modified_time\" content=\"2026-02-26T20:51:53+00:00\" \/>\n<meta property=\"og:image\" content=\"https:\/\/www.schmolke-carbon.com\/wp-content\/uploads\/2021\/02\/BEN9193-scaled.jpg\" \/>\n\t<meta property=\"og:image:width\" content=\"2560\" \/>\n\t<meta property=\"og:image:height\" content=\"2556\" \/>\n\t<meta property=\"og:image:type\" content=\"image\/jpeg\" \/>\n<meta name=\"twitter:card\" content=\"summary_large_image\" \/>\n<meta name=\"twitter:site\" content=\"@schmolkecarbon\" \/>\n<meta name=\"twitter:label1\" content=\"Gesch\u00e4tzte Lesezeit\" \/>\n\t<meta name=\"twitter:data1\" content=\"1\u00a0Minute\" \/>\n<script type=\"application\/ld+json\" class=\"yoast-schema-graph\">{\"@context\":\"https:\\\/\\\/schema.org\",\"@graph\":[{\"@type\":\"WebPage\",\"@id\":\"https:\\\/\\\/www.schmolke-carbon.com\\\/de\\\/produkt\\\/ch-02-computer-halterung\\\/\",\"url\":\"https:\\\/\\\/www.schmolke-carbon.com\\\/de\\\/produkt\\\/ch-02-computer-halterung\\\/\",\"name\":\"REVOLOOP Fahrradschlauch\",\"isPartOf\":{\"@id\":\"https:\\\/\\\/www.schmolke-carbon.com\\\/#website\"},\"primaryImageOfPage\":{\"@id\":\"https:\\\/\\\/www.schmolke-carbon.com\\\/de\\\/produkt\\\/ch-02-computer-halterung\\\/#primaryimage\"},\"image\":{\"@id\":\"https:\\\/\\\/www.schmolke-carbon.com\\\/de\\\/produkt\\\/ch-02-computer-halterung\\\/#primaryimage\"},\"thumbnailUrl\":\"https:\\\/\\\/www.schmolke-carbon.com\\\/wp-content\\\/uploads\\\/2021\\\/02\\\/BEN9193-scaled.jpg\",\"datePublished\":\"2021-02-10T13:54:24+00:00\",\"dateModified\":\"2026-02-26T20:51:53+00:00\",\"description\":\"CH-02 ist bereits mit dem Adapter-Einsatz f\u00fcr Garmin-Fahrradger\u00e4te ausgestattet und enth\u00e4lt alles Notwendige, um Ihren Computer an Ihrem HyperStem zu befestigen.\",\"breadcrumb\":{\"@id\":\"https:\\\/\\\/www.schmolke-carbon.com\\\/de\\\/produkt\\\/ch-02-computer-halterung\\\/#breadcrumb\"},\"inLanguage\":\"de\",\"potentialAction\":[{\"@type\":\"ReadAction\",\"target\":[\"https:\\\/\\\/www.schmolke-carbon.com\\\/de\\\/produkt\\\/ch-02-computer-halterung\\\/\"]}]},{\"@type\":\"ImageObject\",\"inLanguage\":\"de\",\"@id\":\"https:\\\/\\\/www.schmolke-carbon.com\\\/de\\\/produkt\\\/ch-02-computer-halterung\\\/#primaryimage\",\"url\":\"https:\\\/\\\/www.schmolke-carbon.com\\\/wp-content\\\/uploads\\\/2021\\\/02\\\/BEN9193-scaled.jpg\",\"contentUrl\":\"https:\\\/\\\/www.schmolke-carbon.com\\\/wp-content\\\/uploads\\\/2021\\\/02\\\/BEN9193-scaled.jpg\",\"width\":2560,\"height\":2556,\"caption\":\"Extralite CH-02 Computer Holder\"},{\"@type\":\"BreadcrumbList\",\"@id\":\"https:\\\/\\\/www.schmolke-carbon.com\\\/de\\\/produkt\\\/ch-02-computer-halterung\\\/#breadcrumb\",\"itemListElement\":[{\"@type\":\"ListItem\",\"position\":1,\"name\":\"Home\",\"item\":\"https:\\\/\\\/www.schmolke-carbon.com\\\/de\\\/home\\\/\"},{\"@type\":\"ListItem\",\"position\":2,\"name\":\"Produkte\",\"item\":\"https:\\\/\\\/www.schmolke-carbon.com\\\/de\\\/products\\\/\"},{\"@type\":\"ListItem\",\"position\":3,\"name\":\"CH-02 Computer Halter f\u00fcr Extralite HyperStem\"}]},{\"@type\":\"WebSite\",\"@id\":\"https:\\\/\\\/www.schmolke-carbon.com\\\/#website\",\"url\":\"https:\\\/\\\/www.schmolke-carbon.com\\\/\",\"name\":\"Schmolke Carbon\",\"description\":\"Custom Lightweight products - Hand made in Germany - since 1992\",\"publisher\":{\"@id\":\"https:\\\/\\\/www.schmolke-carbon.com\\\/#organization\"},\"potentialAction\":[{\"@type\":\"SearchAction\",\"target\":{\"@type\":\"EntryPoint\",\"urlTemplate\":\"https:\\\/\\\/www.schmolke-carbon.com\\\/?s={search_term_string}\"},\"query-input\":{\"@type\":\"PropertyValueSpecification\",\"valueRequired\":true,\"valueName\":\"search_term_string\"}}],\"inLanguage\":\"de\"},{\"@type\":\"Organization\",\"@id\":\"https:\\\/\\\/www.schmolke-carbon.com\\\/#organization\",\"name\":\"Schmolke Carbon\",\"url\":\"https:\\\/\\\/www.schmolke-carbon.com\\\/\",\"logo\":{\"@type\":\"ImageObject\",\"inLanguage\":\"de\",\"@id\":\"https:\\\/\\\/www.schmolke-carbon.com\\\/#\\\/schema\\\/logo\\\/image\\\/\",\"url\":\"https:\\\/\\\/www.schmolke-carbon.com\\\/wp-content\\\/uploads\\\/2017\\\/03\\\/Schmolke-Carbon-Logo.jpg\",\"contentUrl\":\"https:\\\/\\\/www.schmolke-carbon.com\\\/wp-content\\\/uploads\\\/2017\\\/03\\\/Schmolke-Carbon-Logo.jpg\",\"width\":327,\"height\":335,\"caption\":\"Schmolke Carbon\"},\"image\":{\"@id\":\"https:\\\/\\\/www.schmolke-carbon.com\\\/#\\\/schema\\\/logo\\\/image\\\/\"},\"sameAs\":[\"https:\\\/\\\/www.facebook.com\\\/SchmolkeCarbon\",\"https:\\\/\\\/x.com\\\/schmolkecarbon\",\"https:\\\/\\\/www.instagram.com\\\/schmolkecarbon\\\/\"]}]}<\/script>\n<!-- \/ Yoast SEO plugin. -->","yoast_head_json":{"title":"REVOLOOP Fahrradschlauch","description":"CH-02 ist bereits mit dem Adapter-Einsatz f\u00fcr Garmin-Fahrradger\u00e4te ausgestattet und enth\u00e4lt alles Notwendige, um Ihren Computer an Ihrem HyperStem zu befestigen.","robots":{"index":"index","follow":"follow","max-snippet":"max-snippet:-1","max-image-preview":"max-image-preview:large","max-video-preview":"max-video-preview:-1"},"canonical":"https:\/\/www.schmolke-carbon.com\/de\/produkt\/ch-02-computer-halterung\/","og_locale":"de_DE","og_type":"article","og_title":"REVOLOOP Fahrradschlauch","og_description":"CH-02 ist bereits mit dem Adapter-Einsatz f\u00fcr Garmin-Fahrradger\u00e4te ausgestattet und enth\u00e4lt alles Notwendige, um Ihren Computer an Ihrem HyperStem zu befestigen.","og_url":"https:\/\/www.schmolke-carbon.com\/de\/produkt\/ch-02-computer-halterung\/","og_site_name":"Schmolke Carbon","article_publisher":"https:\/\/www.facebook.com\/SchmolkeCarbon","article_modified_time":"2026-02-26T20:51:53+00:00","og_image":[{"width":2560,"height":2556,"url":"https:\/\/www.schmolke-carbon.com\/wp-content\/uploads\/2021\/02\/BEN9193-scaled.jpg","type":"image\/jpeg"}],"twitter_card":"summary_large_image","twitter_site":"@schmolkecarbon","twitter_misc":{"Gesch\u00e4tzte Lesezeit":"1\u00a0Minute"},"schema":{"@context":"https:\/\/schema.org","@graph":[{"@type":"WebPage","@id":"https:\/\/www.schmolke-carbon.com\/de\/produkt\/ch-02-computer-halterung\/","url":"https:\/\/www.schmolke-carbon.com\/de\/produkt\/ch-02-computer-halterung\/","name":"REVOLOOP Fahrradschlauch","isPartOf":{"@id":"https:\/\/www.schmolke-carbon.com\/#website"},"primaryImageOfPage":{"@id":"https:\/\/www.schmolke-carbon.com\/de\/produkt\/ch-02-computer-halterung\/#primaryimage"},"image":{"@id":"https:\/\/www.schmolke-carbon.com\/de\/produkt\/ch-02-computer-halterung\/#primaryimage"},"thumbnailUrl":"https:\/\/www.schmolke-carbon.com\/wp-content\/uploads\/2021\/02\/BEN9193-scaled.jpg","datePublished":"2021-02-10T13:54:24+00:00","dateModified":"2026-02-26T20:51:53+00:00","description":"CH-02 ist bereits mit dem Adapter-Einsatz f\u00fcr Garmin-Fahrradger\u00e4te ausgestattet und enth\u00e4lt alles Notwendige, um Ihren Computer an Ihrem HyperStem zu befestigen.","breadcrumb":{"@id":"https:\/\/www.schmolke-carbon.com\/de\/produkt\/ch-02-computer-halterung\/#breadcrumb"},"inLanguage":"de","potentialAction":[{"@type":"ReadAction","target":["https:\/\/www.schmolke-carbon.com\/de\/produkt\/ch-02-computer-halterung\/"]}]},{"@type":"ImageObject","inLanguage":"de","@id":"https:\/\/www.schmolke-carbon.com\/de\/produkt\/ch-02-computer-halterung\/#primaryimage","url":"https:\/\/www.schmolke-carbon.com\/wp-content\/uploads\/2021\/02\/BEN9193-scaled.jpg","contentUrl":"https:\/\/www.schmolke-carbon.com\/wp-content\/uploads\/2021\/02\/BEN9193-scaled.jpg","width":2560,"height":2556,"caption":"Extralite CH-02 Computer Holder"},{"@type":"BreadcrumbList","@id":"https:\/\/www.schmolke-carbon.com\/de\/produkt\/ch-02-computer-halterung\/#breadcrumb","itemListElement":[{"@type":"ListItem","position":1,"name":"Home","item":"https:\/\/www.schmolke-carbon.com\/de\/home\/"},{"@type":"ListItem","position":2,"name":"Produkte","item":"https:\/\/www.schmolke-carbon.com\/de\/products\/"},{"@type":"ListItem","position":3,"name":"CH-02 Computer Halter f\u00fcr Extralite HyperStem"}]},{"@type":"WebSite","@id":"https:\/\/www.schmolke-carbon.com\/#website","url":"https:\/\/www.schmolke-carbon.com\/","name":"Schmolke Carbon","description":"Custom Lightweight products - Hand made in Germany - since 1992","publisher":{"@id":"https:\/\/www.schmolke-carbon.com\/#organization"},"potentialAction":[{"@type":"SearchAction","target":{"@type":"EntryPoint","urlTemplate":"https:\/\/www.schmolke-carbon.com\/?s={search_term_string}"},"query-input":{"@type":"PropertyValueSpecification","valueRequired":true,"valueName":"search_term_string"}}],"inLanguage":"de"},{"@type":"Organization","@id":"https:\/\/www.schmolke-carbon.com\/#organization","name":"Schmolke Carbon","url":"https:\/\/www.schmolke-carbon.com\/","logo":{"@type":"ImageObject","inLanguage":"de","@id":"https:\/\/www.schmolke-carbon.com\/#\/schema\/logo\/image\/","url":"https:\/\/www.schmolke-carbon.com\/wp-content\/uploads\/2017\/03\/Schmolke-Carbon-Logo.jpg","contentUrl":"https:\/\/www.schmolke-carbon.com\/wp-content\/uploads\/2017\/03\/Schmolke-Carbon-Logo.jpg","width":327,"height":335,"caption":"Schmolke Carbon"},"image":{"@id":"https:\/\/www.schmolke-carbon.com\/#\/schema\/logo\/image\/"},"sameAs":["https:\/\/www.facebook.com\/SchmolkeCarbon","https:\/\/x.com\/schmolkecarbon","https:\/\/www.instagram.com\/schmolkecarbon\/"]}]}},"_links":{"self":[{"href":"https:\/\/www.schmolke-carbon.com\/de\/wp-json\/wp\/v2\/product\/39468","targetHints":{"allow":["GET"]}}],"collection":[{"href":"https:\/\/www.schmolke-carbon.com\/de\/wp-json\/wp\/v2\/product"}],"about":[{"href":"https:\/\/www.schmolke-carbon.com\/de\/wp-json\/wp\/v2\/types\/product"}],"replies":[{"embeddable":true,"href":"https:\/\/www.schmolke-carbon.com\/de\/wp-json\/wp\/v2\/comments?post=39468"}],"wp:featuredmedia":[{"embeddable":true,"href":"https:\/\/www.schmolke-carbon.com\/de\/wp-json\/wp\/v2\/media\/54433"}],"wp:attachment":[{"href":"https:\/\/www.schmolke-carbon.com\/de\/wp-json\/wp\/v2\/media?parent=39468"}],"wp:term":[{"taxonomy":"product_brand","embeddable":true,"href":"https:\/\/www.schmolke-carbon.com\/de\/wp-json\/wp\/v2\/product_brand?post=39468"},{"taxonomy":"product_cat","embeddable":true,"href":"https:\/\/www.schmolke-carbon.com\/de\/wp-json\/wp\/v2\/product_cat?post=39468"},{"taxonomy":"product_tag","embeddable":true,"href":"https:\/\/www.schmolke-carbon.com\/de\/wp-json\/wp\/v2\/product_tag?post=39468"}],"curies":[{"name":"wp","href":"https:\/\/api.w.org\/{rel}","templated":true}]}}