{"id":37464,"date":"2020-07-30T12:22:48","date_gmt":"2020-08-04T11:15:49","guid":{"rendered":"https:\/\/www.schmolke-carbon.com\/?post_type=product&#038;p=37464"},"modified":"2026-01-24T18:44:27","modified_gmt":"2026-01-24T16:44:27","slug":"schmolke-carbon-felgenaufkleber","status":"publish","type":"product","link":"https:\/\/www.schmolke-carbon.com\/de\/produkt\/schmolke-carbon-felgenaufkleber\/","title":{"rendered":"SCHMOLKE Carbon Felgenaufkleber"},"content":{"rendered":"<p>Felgenaufkleber f\u00fcr Schmolke Carbon Felgen<\/p>\n","protected":false},"excerpt":{"rendered":"<p>Ersatz-Felgen-Aufkleber in 30 mm (f\u00fcr Rennrad, Gravel und MTB) 45 mm und 62 mm<\/p>\n<p>Preis pro St\u00fcck \u2013 f\u00fcr einen kompletten Laufradsatz ben\u00f6tigst du 8 Felgenaufkleber<\/p>\n<p><strong>Verf\u00fcgbarkeit:<\/strong> <strong>Vorr\u00e4tige Produkte<\/strong> werden innerhalb 48 Stunden nach Zahlungseingang verschickt.<\/p>\n","protected":false},"featured_media":23200,"comment_status":"closed","ping_status":"closed","template":"","meta":{"_acf_changed":false},"product_brand":[],"product_cat":[3432,3834,3380,3829,3092,3827,3431,3832],"product_tag":[],"class_list":{"0":"post-37464","1":"product","2":"type-product","3":"status-publish","4":"has-post-thumbnail","6":"product_cat-rennrad","7":"product_cat-accessoires-rennrad","8":"product_cat-gravelbike","9":"product_cat-accessoires-gravelbike","10":"product_cat-faltrad","11":"product_cat-accessoires-faltrad","12":"product_cat-mtb","13":"product_cat-accessoires-mtb","15":"first","16":"onbackorder","17":"taxable","18":"shipping-taxable","19":"purchasable","20":"product-type-variable"},"composite_virtual":false,"composite_layout":"","composite_add_to_cart_form_location":"","composite_editable_in_cart":false,"composite_sold_individually_context":"","composite_shop_price_calc":"","composite_components":[],"composite_scenarios":[],"acf":[],"yoast_head":"<!-- This site is optimized with the Yoast SEO plugin v27.4 - https:\/\/yoast.com\/product\/yoast-seo-wordpress\/ -->\n<title>SCHMOLKE Carbon Felgenaufkleber<\/title>\n<meta name=\"robots\" content=\"index, follow, max-snippet:-1, max-image-preview:large, max-video-preview:-1\" \/>\n<link rel=\"canonical\" href=\"https:\/\/www.schmolke-carbon.com\/de\/produkt\/schmolke-carbon-felgenaufkleber\/\" \/>\n<meta property=\"og:locale\" content=\"de_DE\" \/>\n<meta property=\"og:type\" content=\"article\" \/>\n<meta property=\"og:title\" content=\"SCHMOLKE Carbon Felgenaufkleber\" \/>\n<meta property=\"og:description\" content=\"Ersatz-Felgen-Aufkleber in 30 mm (f\u00fcr Rennrad, Gravel und MTB) 45 mm und 62 mm Preis pro St\u00fcck \u2013 f\u00fcr einen kompletten Laufradsatz ben\u00f6tigst du 8 Felgenaufkleber Verf\u00fcgbarkeit: Vorr\u00e4tige Produkte werden innerhalb 48 Stunden nach Zahlungseingang verschickt.\" \/>\n<meta property=\"og:url\" content=\"https:\/\/www.schmolke-carbon.com\/de\/produkt\/schmolke-carbon-felgenaufkleber\/\" \/>\n<meta property=\"og:site_name\" content=\"Schmolke Carbon\" \/>\n<meta property=\"article:publisher\" content=\"https:\/\/www.facebook.com\/SchmolkeCarbon\" \/>\n<meta property=\"article:modified_time\" content=\"2026-01-24T16:44:27+00:00\" \/>\n<meta property=\"og:image\" content=\"https:\/\/www.schmolke-carbon.com\/wp-content\/uploads\/2018\/11\/BEN2431.jpg\" \/>\n\t<meta property=\"og:image:width\" content=\"1063\" \/>\n\t<meta property=\"og:image:height\" content=\"709\" \/>\n\t<meta property=\"og:image:type\" content=\"image\/jpeg\" \/>\n<meta name=\"twitter:card\" content=\"summary_large_image\" \/>\n<meta name=\"twitter:site\" content=\"@schmolkecarbon\" \/>\n<meta name=\"twitter:label1\" content=\"Gesch\u00e4tzte Lesezeit\" \/>\n\t<meta name=\"twitter:data1\" content=\"1\u00a0Minute\" \/>\n<script type=\"application\/ld+json\" class=\"yoast-schema-graph\">{\"@context\":\"https:\\\/\\\/schema.org\",\"@graph\":[{\"@type\":\"WebPage\",\"@id\":\"https:\\\/\\\/www.schmolke-carbon.com\\\/de\\\/produkt\\\/schmolke-carbon-felgenaufkleber\\\/\",\"url\":\"https:\\\/\\\/www.schmolke-carbon.com\\\/de\\\/produkt\\\/schmolke-carbon-felgenaufkleber\\\/\",\"name\":\"SCHMOLKE Carbon Felgenaufkleber\",\"isPartOf\":{\"@id\":\"https:\\\/\\\/www.schmolke-carbon.com\\\/#website\"},\"primaryImageOfPage\":{\"@id\":\"https:\\\/\\\/www.schmolke-carbon.com\\\/de\\\/produkt\\\/schmolke-carbon-felgenaufkleber\\\/#primaryimage\"},\"image\":{\"@id\":\"https:\\\/\\\/www.schmolke-carbon.com\\\/de\\\/produkt\\\/schmolke-carbon-felgenaufkleber\\\/#primaryimage\"},\"thumbnailUrl\":\"https:\\\/\\\/www.schmolke-carbon.com\\\/wp-content\\\/uploads\\\/2018\\\/11\\\/BEN2431.jpg\",\"datePublished\":\"2020-08-04T11:15:49+00:00\",\"dateModified\":\"2026-01-24T16:44:27+00:00\",\"breadcrumb\":{\"@id\":\"https:\\\/\\\/www.schmolke-carbon.com\\\/de\\\/produkt\\\/schmolke-carbon-felgenaufkleber\\\/#breadcrumb\"},\"inLanguage\":\"de\",\"potentialAction\":[{\"@type\":\"ReadAction\",\"target\":[\"https:\\\/\\\/www.schmolke-carbon.com\\\/de\\\/produkt\\\/schmolke-carbon-felgenaufkleber\\\/\"]}]},{\"@type\":\"ImageObject\",\"inLanguage\":\"de\",\"@id\":\"https:\\\/\\\/www.schmolke-carbon.com\\\/de\\\/produkt\\\/schmolke-carbon-felgenaufkleber\\\/#primaryimage\",\"url\":\"https:\\\/\\\/www.schmolke-carbon.com\\\/wp-content\\\/uploads\\\/2018\\\/11\\\/BEN2431.jpg\",\"contentUrl\":\"https:\\\/\\\/www.schmolke-carbon.com\\\/wp-content\\\/uploads\\\/2018\\\/11\\\/BEN2431.jpg\",\"width\":1063,\"height\":709,\"caption\":\"Black Edition\"},{\"@type\":\"BreadcrumbList\",\"@id\":\"https:\\\/\\\/www.schmolke-carbon.com\\\/de\\\/produkt\\\/schmolke-carbon-felgenaufkleber\\\/#breadcrumb\",\"itemListElement\":[{\"@type\":\"ListItem\",\"position\":1,\"name\":\"Home\",\"item\":\"https:\\\/\\\/www.schmolke-carbon.com\\\/de\\\/home\\\/\"},{\"@type\":\"ListItem\",\"position\":2,\"name\":\"Produkte\",\"item\":\"https:\\\/\\\/www.schmolke-carbon.com\\\/de\\\/products\\\/\"},{\"@type\":\"ListItem\",\"position\":3,\"name\":\"SCHMOLKE Carbon Felgenaufkleber\"}]},{\"@type\":\"WebSite\",\"@id\":\"https:\\\/\\\/www.schmolke-carbon.com\\\/#website\",\"url\":\"https:\\\/\\\/www.schmolke-carbon.com\\\/\",\"name\":\"Schmolke Carbon\",\"description\":\"Custom Lightweight products - Hand made in Germany - since 1992\",\"publisher\":{\"@id\":\"https:\\\/\\\/www.schmolke-carbon.com\\\/#organization\"},\"potentialAction\":[{\"@type\":\"SearchAction\",\"target\":{\"@type\":\"EntryPoint\",\"urlTemplate\":\"https:\\\/\\\/www.schmolke-carbon.com\\\/?s={search_term_string}\"},\"query-input\":{\"@type\":\"PropertyValueSpecification\",\"valueRequired\":true,\"valueName\":\"search_term_string\"}}],\"inLanguage\":\"de\"},{\"@type\":\"Organization\",\"@id\":\"https:\\\/\\\/www.schmolke-carbon.com\\\/#organization\",\"name\":\"Schmolke Carbon\",\"url\":\"https:\\\/\\\/www.schmolke-carbon.com\\\/\",\"logo\":{\"@type\":\"ImageObject\",\"inLanguage\":\"de\",\"@id\":\"https:\\\/\\\/www.schmolke-carbon.com\\\/#\\\/schema\\\/logo\\\/image\\\/\",\"url\":\"https:\\\/\\\/www.schmolke-carbon.com\\\/wp-content\\\/uploads\\\/2017\\\/03\\\/Schmolke-Carbon-Logo.jpg\",\"contentUrl\":\"https:\\\/\\\/www.schmolke-carbon.com\\\/wp-content\\\/uploads\\\/2017\\\/03\\\/Schmolke-Carbon-Logo.jpg\",\"width\":327,\"height\":335,\"caption\":\"Schmolke Carbon\"},\"image\":{\"@id\":\"https:\\\/\\\/www.schmolke-carbon.com\\\/#\\\/schema\\\/logo\\\/image\\\/\"},\"sameAs\":[\"https:\\\/\\\/www.facebook.com\\\/SchmolkeCarbon\",\"https:\\\/\\\/x.com\\\/schmolkecarbon\",\"https:\\\/\\\/www.instagram.com\\\/schmolkecarbon\\\/\"]}]}<\/script>\n<!-- \/ Yoast SEO plugin. -->","yoast_head_json":{"title":"SCHMOLKE Carbon Felgenaufkleber","robots":{"index":"index","follow":"follow","max-snippet":"max-snippet:-1","max-image-preview":"max-image-preview:large","max-video-preview":"max-video-preview:-1"},"canonical":"https:\/\/www.schmolke-carbon.com\/de\/produkt\/schmolke-carbon-felgenaufkleber\/","og_locale":"de_DE","og_type":"article","og_title":"SCHMOLKE Carbon Felgenaufkleber","og_description":"Ersatz-Felgen-Aufkleber in 30 mm (f\u00fcr Rennrad, Gravel und MTB) 45 mm und 62 mm Preis pro St\u00fcck \u2013 f\u00fcr einen kompletten Laufradsatz ben\u00f6tigst du 8 Felgenaufkleber Verf\u00fcgbarkeit: Vorr\u00e4tige Produkte werden innerhalb 48 Stunden nach Zahlungseingang verschickt.","og_url":"https:\/\/www.schmolke-carbon.com\/de\/produkt\/schmolke-carbon-felgenaufkleber\/","og_site_name":"Schmolke Carbon","article_publisher":"https:\/\/www.facebook.com\/SchmolkeCarbon","article_modified_time":"2026-01-24T16:44:27+00:00","og_image":[{"width":1063,"height":709,"url":"https:\/\/www.schmolke-carbon.com\/wp-content\/uploads\/2018\/11\/BEN2431.jpg","type":"image\/jpeg"}],"twitter_card":"summary_large_image","twitter_site":"@schmolkecarbon","twitter_misc":{"Gesch\u00e4tzte Lesezeit":"1\u00a0Minute"},"schema":{"@context":"https:\/\/schema.org","@graph":[{"@type":"WebPage","@id":"https:\/\/www.schmolke-carbon.com\/de\/produkt\/schmolke-carbon-felgenaufkleber\/","url":"https:\/\/www.schmolke-carbon.com\/de\/produkt\/schmolke-carbon-felgenaufkleber\/","name":"SCHMOLKE Carbon Felgenaufkleber","isPartOf":{"@id":"https:\/\/www.schmolke-carbon.com\/#website"},"primaryImageOfPage":{"@id":"https:\/\/www.schmolke-carbon.com\/de\/produkt\/schmolke-carbon-felgenaufkleber\/#primaryimage"},"image":{"@id":"https:\/\/www.schmolke-carbon.com\/de\/produkt\/schmolke-carbon-felgenaufkleber\/#primaryimage"},"thumbnailUrl":"https:\/\/www.schmolke-carbon.com\/wp-content\/uploads\/2018\/11\/BEN2431.jpg","datePublished":"2020-08-04T11:15:49+00:00","dateModified":"2026-01-24T16:44:27+00:00","breadcrumb":{"@id":"https:\/\/www.schmolke-carbon.com\/de\/produkt\/schmolke-carbon-felgenaufkleber\/#breadcrumb"},"inLanguage":"de","potentialAction":[{"@type":"ReadAction","target":["https:\/\/www.schmolke-carbon.com\/de\/produkt\/schmolke-carbon-felgenaufkleber\/"]}]},{"@type":"ImageObject","inLanguage":"de","@id":"https:\/\/www.schmolke-carbon.com\/de\/produkt\/schmolke-carbon-felgenaufkleber\/#primaryimage","url":"https:\/\/www.schmolke-carbon.com\/wp-content\/uploads\/2018\/11\/BEN2431.jpg","contentUrl":"https:\/\/www.schmolke-carbon.com\/wp-content\/uploads\/2018\/11\/BEN2431.jpg","width":1063,"height":709,"caption":"Black Edition"},{"@type":"BreadcrumbList","@id":"https:\/\/www.schmolke-carbon.com\/de\/produkt\/schmolke-carbon-felgenaufkleber\/#breadcrumb","itemListElement":[{"@type":"ListItem","position":1,"name":"Home","item":"https:\/\/www.schmolke-carbon.com\/de\/home\/"},{"@type":"ListItem","position":2,"name":"Produkte","item":"https:\/\/www.schmolke-carbon.com\/de\/products\/"},{"@type":"ListItem","position":3,"name":"SCHMOLKE Carbon Felgenaufkleber"}]},{"@type":"WebSite","@id":"https:\/\/www.schmolke-carbon.com\/#website","url":"https:\/\/www.schmolke-carbon.com\/","name":"Schmolke Carbon","description":"Custom Lightweight products - Hand made in Germany - since 1992","publisher":{"@id":"https:\/\/www.schmolke-carbon.com\/#organization"},"potentialAction":[{"@type":"SearchAction","target":{"@type":"EntryPoint","urlTemplate":"https:\/\/www.schmolke-carbon.com\/?s={search_term_string}"},"query-input":{"@type":"PropertyValueSpecification","valueRequired":true,"valueName":"search_term_string"}}],"inLanguage":"de"},{"@type":"Organization","@id":"https:\/\/www.schmolke-carbon.com\/#organization","name":"Schmolke Carbon","url":"https:\/\/www.schmolke-carbon.com\/","logo":{"@type":"ImageObject","inLanguage":"de","@id":"https:\/\/www.schmolke-carbon.com\/#\/schema\/logo\/image\/","url":"https:\/\/www.schmolke-carbon.com\/wp-content\/uploads\/2017\/03\/Schmolke-Carbon-Logo.jpg","contentUrl":"https:\/\/www.schmolke-carbon.com\/wp-content\/uploads\/2017\/03\/Schmolke-Carbon-Logo.jpg","width":327,"height":335,"caption":"Schmolke Carbon"},"image":{"@id":"https:\/\/www.schmolke-carbon.com\/#\/schema\/logo\/image\/"},"sameAs":["https:\/\/www.facebook.com\/SchmolkeCarbon","https:\/\/x.com\/schmolkecarbon","https:\/\/www.instagram.com\/schmolkecarbon\/"]}]}},"_links":{"self":[{"href":"https:\/\/www.schmolke-carbon.com\/de\/wp-json\/wp\/v2\/product\/37464","targetHints":{"allow":["GET"]}}],"collection":[{"href":"https:\/\/www.schmolke-carbon.com\/de\/wp-json\/wp\/v2\/product"}],"about":[{"href":"https:\/\/www.schmolke-carbon.com\/de\/wp-json\/wp\/v2\/types\/product"}],"replies":[{"embeddable":true,"href":"https:\/\/www.schmolke-carbon.com\/de\/wp-json\/wp\/v2\/comments?post=37464"}],"wp:featuredmedia":[{"embeddable":true,"href":"https:\/\/www.schmolke-carbon.com\/de\/wp-json\/wp\/v2\/media\/23200"}],"wp:attachment":[{"href":"https:\/\/www.schmolke-carbon.com\/de\/wp-json\/wp\/v2\/media?parent=37464"}],"wp:term":[{"taxonomy":"product_brand","embeddable":true,"href":"https:\/\/www.schmolke-carbon.com\/de\/wp-json\/wp\/v2\/product_brand?post=37464"},{"taxonomy":"product_cat","embeddable":true,"href":"https:\/\/www.schmolke-carbon.com\/de\/wp-json\/wp\/v2\/product_cat?post=37464"},{"taxonomy":"product_tag","embeddable":true,"href":"https:\/\/www.schmolke-carbon.com\/de\/wp-json\/wp\/v2\/product_tag?post=37464"}],"curies":[{"name":"wp","href":"https:\/\/api.w.org\/{rel}","templated":true}]}}