{"id":2309,"date":"2016-09-22T10:36:13","date_gmt":"2016-09-22T08:36:13","guid":{"rendered":"http:\/\/schmolke-carbon.de\/product\/rennlenker-oversize-tlo\/"},"modified":"2025-10-15T21:26:54","modified_gmt":"2025-10-15T19:26:54","slug":"rennlenker-oversize-tlo","status":"publish","type":"product","link":"https:\/\/www.schmolke-carbon.com\/de\/produkt\/rennlenker-oversize-tlo\/","title":{"rendered":"Rennlenker Compact TLO"},"content":{"rendered":"<h4><strong>Ergonomie<\/strong><\/h4>\n<p>Mit einem Drop von 133 mm und einem Reach von 83 mm sind unsere Compact-Rennradlenker etwas gr\u00f6\u00dfer als unsere Evo-Modelle, um einen gr\u00f6\u00dferen Haltungsunterschied in den verschiedenen Griffpositionen zu erreichen. Das Design des Oberlenkers erm\u00f6glicht es, die Bremshebel so zu montieren, dass sie perfekt mit dem Rennradlenker verschmelzen.<br \/><x id=\"gid_0\"><\/x>Der Querschnitt der Oberstange ist auf extreme Steifigkeit und geringes Gewicht ausgelegt. Dar\u00fcber hinaus verf\u00fcgt der leichte Carbon-Lenker \u00fcber eingelassene Kabelf\u00fchrungen an der Unterseite f\u00fcr alle, die die Kabel nicht im Rennradlenker verlegen m\u00f6chten.  <\/p>\n<h4><strong>Bauweise<\/strong><\/h4>\n<p>Wie alle unsere Produkte der TLO-Serie werden auch unsere leichten Vollcarbon-Rennradlenker von Hand (<a href=\"https:\/\/www.schmolke-carbon.com\/de\/qualitaet-service\/qualitaet-verarbeitung\/\">\u00fcber Carbon<\/a>) aus den besten auf dem Markt erh\u00e4ltlichen Prepregs gefertigt, um Ihrem Gewicht und Ihrem Fahrstil gerecht zu werden. Der in \u00fcber 30 Jahren Produktionserfahrung weiter verfeinerte Schichtaufbau mit bis zu 17 Lagen im stark belasteten Mittelteil und nur 5 Lagen in der weniger beanspruchten unteren Kurve erm\u00f6glicht, trotz der bekannten Steifigkeit und legend\u00e4ren Unverw\u00fcstlichkeit, die unglaublichen Gewichte. <\/p>\n<h4><strong>Bestellhinweise<\/strong><\/h4>\n<p>Bitte beachte, dass wir unsere Carbon-Rennradlenker von au\u00dfen nach au\u00dfen vermessen. Unsere Rennradlenker sind standardm\u00e4\u00dfig nicht f\u00fcr die Verwendung mit Triathlon- oder Zeitfahrlenkern ausgelegt. Wenn du deinen leichten Carbon-Lenker mit einem Aero-Lenker verwenden m\u00f6chten, teilen uns dies bitte bei der Bestellung mit. Durch die notwendige Verst\u00e4rkung erh\u00f6ht sich das Gewicht des Carbonlenkers um rund 7 g. Alle unsere Dropbars k\u00f6nnen an den Enden um 10 mm gek\u00fcrzt werden. Gewerbliche Kunden werden in der Regel mit Standardlenkern, also ohne Zeitfahrlenkerverst\u00e4rkung, ausgeliefert. Diese d\u00fcnnwandigen Carbon-Lenker k\u00f6nnen mit unseren ma\u00dfgeschneiderten <a href=\"https:\/\/www.schmolke-carbon.com\/de\/produkt\/carbon-bremsgriffbandagen\/\">Carbon-Bremsgriffbandagen<\/a> und <a href=\"https:\/\/www.schmolke-carbon.com\/de\/produkt\/carbon-lenkerstopfen\/\">Carbon-Lenkerstopfen<\/a> erg\u00e4nzt werden.      <\/p>\n<h4><strong>Optionen der Oberfl\u00e4che<\/strong><\/h4>\n<p>Alle unsere leichten Carbon-Rennradlenker sind unlackiert, um unn\u00f6tiges Gewicht zu vermeiden. Vor allem ist die Epoxid Oberfl\u00e4che viel widerstandsf\u00e4higer als jede Lackierung. Sie wird also nicht so schnell zerkratzt. Diese klassischen Carbon-Rennlenker kommen wie damals \u00fcblich hochgl\u00e4nzend. TLO-Dropbars k\u00f6nnen in 1K-Gewebe oder UD bestellt werden. 1K ist der klassische Carbon-Look mit (biaxial) \u00fcberkreuzten Fasern. Bei UD (unidirektional) laufen alle Carbonfasern in eine Richtung. Die Oberfl\u00e4che sieht dadurch einheitlich schwarz, fast lackiert aus. Generell sind UD-Carbonteile ein paar Gramm schwerer als 1K-Carbonteile. <a href=\"https:\/\/www.schmolke-carbon.com\/de\/qualitaet-service\/qualitaet-verarbeitung\/\">Erfahre mehr \u00fcber UD und 1K<\/a><\/p>\n<h4><strong>Farboptionen<\/strong><\/h4>\n<p>Um den perfekten Look an deinem Fahrrad zu erm\u00f6glichen, sind alle TLO Carbon Rennlenker in 3 verschiedenen Logo-Farben erh\u00e4ltlich: Schmolke Edition (rot-wei\u00df), Black Edition und White Edition.<\/p>\n<p><a href=\"https:\/\/www.schmolke-carbon.com\/de\/qualitaet-service\/montageanleitungen\/#roadbikes\">Montageanleitung<\/a> f\u00fcr Roadbar Compact TLO<\/p>\n<p>Verwenden Sie f\u00fcr den Einbau immer ein <a href=\"https:\/\/www.schmolke-carbon.com\/de\/produkt\/schmolke-torque-application\/\">Drehmomentschl\u00fcssel<\/a>!<\/p>\n","protected":false},"excerpt":{"rendered":"<p><strong>Breite: <\/strong>400 mm, 420 mm und 440 mm (au\u00dfen-au\u00dfen)<\/p>\n<p><strong>Reach: <\/strong>83 mm (420 mm), 92 mm (440 mm)<\/p>\n<p><strong>Drop: <\/strong>133 mm (420 mm), 136 mm (440 mm)<\/p>\n<p><strong>Gewicht: <\/strong>130-150 g<\/p>\n<p><strong>Gewebe\/Farbe:<\/strong> 1K-Gewebe oder UD mit rot-wei\u00dfen, schwarzen oder wei\u00dfen Logos<\/p>\n<p><strong>vertiefte Kabelrillen, hohe Steifigkeit, gr\u00f6\u00dfere Drops<\/strong><\/p>\n<p><strong>Verf\u00fcgbarkeit: <\/strong>Produkte, die als<strong> &#8222;auf Lager&#8220; <\/strong>angezeigt werden, werden innerhalb von 48 Stunden geliefert.<\/p>\n","protected":false},"featured_media":47812,"comment_status":"open","ping_status":"closed","template":"","meta":{"_acf_changed":false},"product_brand":[],"product_cat":[3432,3836,59],"product_tag":[4081,4117,4078,1216,4079,4077],"class_list":{"0":"post-2309","1":"product","2":"type-product","3":"status-publish","4":"has-post-thumbnail","6":"product_cat-rennrad","7":"product_cat-komponenten-rennrad","8":"product_cat-lenker-rennrad","9":"product_tag-carbon-komponente-de","10":"product_tag-carbon-komponenten","11":"product_tag-lenker","12":"product_tag-rennlenker-de-2","13":"product_tag-rennlenker-de-3","14":"product_tag-rennrad","15":"product_shipping_class-internationaler-brief-de","17":"first","18":"onbackorder","19":"taxable","20":"shipping-taxable","21":"purchasable","22":"product-type-variable"},"composite_virtual":false,"composite_layout":"","composite_add_to_cart_form_location":"","composite_editable_in_cart":false,"composite_sold_individually_context":"","composite_shop_price_calc":"","composite_components":[],"composite_scenarios":[],"acf":[],"yoast_head":"<!-- This site is optimized with the Yoast SEO plugin v27.3 - https:\/\/yoast.com\/product\/yoast-seo-wordpress\/ -->\n<title>Carbon Rennlenker TLO Oversize von Schmolke Carbon<\/title>\n<meta name=\"description\" content=\"Carbon-Rennlenker f\u00fcr Performance-Rennr\u00e4der - handgefertigt in Germany seit 1992\" \/>\n<meta name=\"robots\" content=\"index, follow, max-snippet:-1, max-image-preview:large, max-video-preview:-1\" \/>\n<link rel=\"canonical\" href=\"https:\/\/www.schmolke-carbon.com\/de\/produkt\/rennlenker-oversize-tlo\/\" \/>\n<meta property=\"og:locale\" content=\"de_DE\" \/>\n<meta property=\"og:type\" content=\"article\" \/>\n<meta property=\"og:title\" content=\"Carbon Rennlenker TLO Oversize von Schmolke Carbon\" \/>\n<meta property=\"og:description\" content=\"Carbon-Rennlenker f\u00fcr Performance-Rennr\u00e4der - handgefertigt in Germany seit 1992\" \/>\n<meta property=\"og:url\" content=\"https:\/\/www.schmolke-carbon.com\/de\/produkt\/rennlenker-oversize-tlo\/\" \/>\n<meta property=\"og:site_name\" content=\"Schmolke Carbon\" \/>\n<meta property=\"article:publisher\" content=\"https:\/\/www.facebook.com\/SchmolkeCarbon\" \/>\n<meta property=\"article:modified_time\" content=\"2025-10-15T19:26:54+00:00\" \/>\n<meta property=\"og:image\" content=\"https:\/\/www.schmolke-carbon.com\/wp-content\/uploads\/2022\/04\/oversize-compact-for-web.jpg\" \/>\n\t<meta property=\"og:image:width\" content=\"2000\" \/>\n\t<meta property=\"og:image:height\" content=\"2000\" \/>\n\t<meta property=\"og:image:type\" content=\"image\/jpeg\" \/>\n<meta name=\"twitter:card\" content=\"summary_large_image\" \/>\n<meta name=\"twitter:site\" content=\"@schmolkecarbon\" \/>\n<meta name=\"twitter:label1\" content=\"Gesch\u00e4tzte Lesezeit\" \/>\n\t<meta name=\"twitter:data1\" content=\"3\u00a0Minuten\" \/>\n<script type=\"application\/ld+json\" class=\"yoast-schema-graph\">{\"@context\":\"https:\\\/\\\/schema.org\",\"@graph\":[{\"@type\":\"WebPage\",\"@id\":\"https:\\\/\\\/www.schmolke-carbon.com\\\/de\\\/produkt\\\/rennlenker-oversize-tlo\\\/\",\"url\":\"https:\\\/\\\/www.schmolke-carbon.com\\\/de\\\/produkt\\\/rennlenker-oversize-tlo\\\/\",\"name\":\"Carbon Rennlenker TLO Oversize von Schmolke Carbon\",\"isPartOf\":{\"@id\":\"https:\\\/\\\/www.schmolke-carbon.com\\\/#website\"},\"primaryImageOfPage\":{\"@id\":\"https:\\\/\\\/www.schmolke-carbon.com\\\/de\\\/produkt\\\/rennlenker-oversize-tlo\\\/#primaryimage\"},\"image\":{\"@id\":\"https:\\\/\\\/www.schmolke-carbon.com\\\/de\\\/produkt\\\/rennlenker-oversize-tlo\\\/#primaryimage\"},\"thumbnailUrl\":\"https:\\\/\\\/www.schmolke-carbon.com\\\/wp-content\\\/uploads\\\/2022\\\/04\\\/oversize-compact-for-web.jpg\",\"datePublished\":\"2016-09-22T08:36:13+00:00\",\"dateModified\":\"2025-10-15T19:26:54+00:00\",\"description\":\"Carbon-Rennlenker f\u00fcr Performance-Rennr\u00e4der - handgefertigt in Germany seit 1992\",\"breadcrumb\":{\"@id\":\"https:\\\/\\\/www.schmolke-carbon.com\\\/de\\\/produkt\\\/rennlenker-oversize-tlo\\\/#breadcrumb\"},\"inLanguage\":\"de\",\"potentialAction\":[{\"@type\":\"ReadAction\",\"target\":[\"https:\\\/\\\/www.schmolke-carbon.com\\\/de\\\/produkt\\\/rennlenker-oversize-tlo\\\/\"]}]},{\"@type\":\"ImageObject\",\"inLanguage\":\"de\",\"@id\":\"https:\\\/\\\/www.schmolke-carbon.com\\\/de\\\/produkt\\\/rennlenker-oversize-tlo\\\/#primaryimage\",\"url\":\"https:\\\/\\\/www.schmolke-carbon.com\\\/wp-content\\\/uploads\\\/2022\\\/04\\\/oversize-compact-for-web.jpg\",\"contentUrl\":\"https:\\\/\\\/www.schmolke-carbon.com\\\/wp-content\\\/uploads\\\/2022\\\/04\\\/oversize-compact-for-web.jpg\",\"width\":2000,\"height\":2000,\"caption\":\"TLO oversize-compact\"},{\"@type\":\"BreadcrumbList\",\"@id\":\"https:\\\/\\\/www.schmolke-carbon.com\\\/de\\\/produkt\\\/rennlenker-oversize-tlo\\\/#breadcrumb\",\"itemListElement\":[{\"@type\":\"ListItem\",\"position\":1,\"name\":\"Home\",\"item\":\"https:\\\/\\\/www.schmolke-carbon.com\\\/de\\\/home\\\/\"},{\"@type\":\"ListItem\",\"position\":2,\"name\":\"Produkte\",\"item\":\"https:\\\/\\\/www.schmolke-carbon.com\\\/de\\\/products\\\/\"},{\"@type\":\"ListItem\",\"position\":3,\"name\":\"Rennlenker Compact TLO\"}]},{\"@type\":\"WebSite\",\"@id\":\"https:\\\/\\\/www.schmolke-carbon.com\\\/#website\",\"url\":\"https:\\\/\\\/www.schmolke-carbon.com\\\/\",\"name\":\"Schmolke Carbon\",\"description\":\"Custom Lightweight products - Hand made in Germany - since 1992\",\"publisher\":{\"@id\":\"https:\\\/\\\/www.schmolke-carbon.com\\\/#organization\"},\"potentialAction\":[{\"@type\":\"SearchAction\",\"target\":{\"@type\":\"EntryPoint\",\"urlTemplate\":\"https:\\\/\\\/www.schmolke-carbon.com\\\/?s={search_term_string}\"},\"query-input\":{\"@type\":\"PropertyValueSpecification\",\"valueRequired\":true,\"valueName\":\"search_term_string\"}}],\"inLanguage\":\"de\"},{\"@type\":\"Organization\",\"@id\":\"https:\\\/\\\/www.schmolke-carbon.com\\\/#organization\",\"name\":\"Schmolke Carbon\",\"url\":\"https:\\\/\\\/www.schmolke-carbon.com\\\/\",\"logo\":{\"@type\":\"ImageObject\",\"inLanguage\":\"de\",\"@id\":\"https:\\\/\\\/www.schmolke-carbon.com\\\/#\\\/schema\\\/logo\\\/image\\\/\",\"url\":\"https:\\\/\\\/www.schmolke-carbon.com\\\/wp-content\\\/uploads\\\/2017\\\/03\\\/Schmolke-Carbon-Logo.jpg\",\"contentUrl\":\"https:\\\/\\\/www.schmolke-carbon.com\\\/wp-content\\\/uploads\\\/2017\\\/03\\\/Schmolke-Carbon-Logo.jpg\",\"width\":327,\"height\":335,\"caption\":\"Schmolke Carbon\"},\"image\":{\"@id\":\"https:\\\/\\\/www.schmolke-carbon.com\\\/#\\\/schema\\\/logo\\\/image\\\/\"},\"sameAs\":[\"https:\\\/\\\/www.facebook.com\\\/SchmolkeCarbon\",\"https:\\\/\\\/x.com\\\/schmolkecarbon\",\"https:\\\/\\\/www.instagram.com\\\/schmolkecarbon\\\/\"]}]}<\/script>\n<!-- \/ Yoast SEO plugin. -->","yoast_head_json":{"title":"Carbon Rennlenker TLO Oversize von Schmolke Carbon","description":"Carbon-Rennlenker f\u00fcr Performance-Rennr\u00e4der - handgefertigt in Germany seit 1992","robots":{"index":"index","follow":"follow","max-snippet":"max-snippet:-1","max-image-preview":"max-image-preview:large","max-video-preview":"max-video-preview:-1"},"canonical":"https:\/\/www.schmolke-carbon.com\/de\/produkt\/rennlenker-oversize-tlo\/","og_locale":"de_DE","og_type":"article","og_title":"Carbon Rennlenker TLO Oversize von Schmolke Carbon","og_description":"Carbon-Rennlenker f\u00fcr Performance-Rennr\u00e4der - handgefertigt in Germany seit 1992","og_url":"https:\/\/www.schmolke-carbon.com\/de\/produkt\/rennlenker-oversize-tlo\/","og_site_name":"Schmolke Carbon","article_publisher":"https:\/\/www.facebook.com\/SchmolkeCarbon","article_modified_time":"2025-10-15T19:26:54+00:00","og_image":[{"width":2000,"height":2000,"url":"https:\/\/www.schmolke-carbon.com\/wp-content\/uploads\/2022\/04\/oversize-compact-for-web.jpg","type":"image\/jpeg"}],"twitter_card":"summary_large_image","twitter_site":"@schmolkecarbon","twitter_misc":{"Gesch\u00e4tzte Lesezeit":"3\u00a0Minuten"},"schema":{"@context":"https:\/\/schema.org","@graph":[{"@type":"WebPage","@id":"https:\/\/www.schmolke-carbon.com\/de\/produkt\/rennlenker-oversize-tlo\/","url":"https:\/\/www.schmolke-carbon.com\/de\/produkt\/rennlenker-oversize-tlo\/","name":"Carbon Rennlenker TLO Oversize von Schmolke Carbon","isPartOf":{"@id":"https:\/\/www.schmolke-carbon.com\/#website"},"primaryImageOfPage":{"@id":"https:\/\/www.schmolke-carbon.com\/de\/produkt\/rennlenker-oversize-tlo\/#primaryimage"},"image":{"@id":"https:\/\/www.schmolke-carbon.com\/de\/produkt\/rennlenker-oversize-tlo\/#primaryimage"},"thumbnailUrl":"https:\/\/www.schmolke-carbon.com\/wp-content\/uploads\/2022\/04\/oversize-compact-for-web.jpg","datePublished":"2016-09-22T08:36:13+00:00","dateModified":"2025-10-15T19:26:54+00:00","description":"Carbon-Rennlenker f\u00fcr Performance-Rennr\u00e4der - handgefertigt in Germany seit 1992","breadcrumb":{"@id":"https:\/\/www.schmolke-carbon.com\/de\/produkt\/rennlenker-oversize-tlo\/#breadcrumb"},"inLanguage":"de","potentialAction":[{"@type":"ReadAction","target":["https:\/\/www.schmolke-carbon.com\/de\/produkt\/rennlenker-oversize-tlo\/"]}]},{"@type":"ImageObject","inLanguage":"de","@id":"https:\/\/www.schmolke-carbon.com\/de\/produkt\/rennlenker-oversize-tlo\/#primaryimage","url":"https:\/\/www.schmolke-carbon.com\/wp-content\/uploads\/2022\/04\/oversize-compact-for-web.jpg","contentUrl":"https:\/\/www.schmolke-carbon.com\/wp-content\/uploads\/2022\/04\/oversize-compact-for-web.jpg","width":2000,"height":2000,"caption":"TLO oversize-compact"},{"@type":"BreadcrumbList","@id":"https:\/\/www.schmolke-carbon.com\/de\/produkt\/rennlenker-oversize-tlo\/#breadcrumb","itemListElement":[{"@type":"ListItem","position":1,"name":"Home","item":"https:\/\/www.schmolke-carbon.com\/de\/home\/"},{"@type":"ListItem","position":2,"name":"Produkte","item":"https:\/\/www.schmolke-carbon.com\/de\/products\/"},{"@type":"ListItem","position":3,"name":"Rennlenker Compact TLO"}]},{"@type":"WebSite","@id":"https:\/\/www.schmolke-carbon.com\/#website","url":"https:\/\/www.schmolke-carbon.com\/","name":"Schmolke Carbon","description":"Custom Lightweight products - Hand made in Germany - since 1992","publisher":{"@id":"https:\/\/www.schmolke-carbon.com\/#organization"},"potentialAction":[{"@type":"SearchAction","target":{"@type":"EntryPoint","urlTemplate":"https:\/\/www.schmolke-carbon.com\/?s={search_term_string}"},"query-input":{"@type":"PropertyValueSpecification","valueRequired":true,"valueName":"search_term_string"}}],"inLanguage":"de"},{"@type":"Organization","@id":"https:\/\/www.schmolke-carbon.com\/#organization","name":"Schmolke Carbon","url":"https:\/\/www.schmolke-carbon.com\/","logo":{"@type":"ImageObject","inLanguage":"de","@id":"https:\/\/www.schmolke-carbon.com\/#\/schema\/logo\/image\/","url":"https:\/\/www.schmolke-carbon.com\/wp-content\/uploads\/2017\/03\/Schmolke-Carbon-Logo.jpg","contentUrl":"https:\/\/www.schmolke-carbon.com\/wp-content\/uploads\/2017\/03\/Schmolke-Carbon-Logo.jpg","width":327,"height":335,"caption":"Schmolke Carbon"},"image":{"@id":"https:\/\/www.schmolke-carbon.com\/#\/schema\/logo\/image\/"},"sameAs":["https:\/\/www.facebook.com\/SchmolkeCarbon","https:\/\/x.com\/schmolkecarbon","https:\/\/www.instagram.com\/schmolkecarbon\/"]}]}},"_links":{"self":[{"href":"https:\/\/www.schmolke-carbon.com\/de\/wp-json\/wp\/v2\/product\/2309","targetHints":{"allow":["GET"]}}],"collection":[{"href":"https:\/\/www.schmolke-carbon.com\/de\/wp-json\/wp\/v2\/product"}],"about":[{"href":"https:\/\/www.schmolke-carbon.com\/de\/wp-json\/wp\/v2\/types\/product"}],"replies":[{"embeddable":true,"href":"https:\/\/www.schmolke-carbon.com\/de\/wp-json\/wp\/v2\/comments?post=2309"}],"wp:featuredmedia":[{"embeddable":true,"href":"https:\/\/www.schmolke-carbon.com\/de\/wp-json\/wp\/v2\/media\/47812"}],"wp:attachment":[{"href":"https:\/\/www.schmolke-carbon.com\/de\/wp-json\/wp\/v2\/media?parent=2309"}],"wp:term":[{"taxonomy":"product_brand","embeddable":true,"href":"https:\/\/www.schmolke-carbon.com\/de\/wp-json\/wp\/v2\/product_brand?post=2309"},{"taxonomy":"product_cat","embeddable":true,"href":"https:\/\/www.schmolke-carbon.com\/de\/wp-json\/wp\/v2\/product_cat?post=2309"},{"taxonomy":"product_tag","embeddable":true,"href":"https:\/\/www.schmolke-carbon.com\/de\/wp-json\/wp\/v2\/product_tag?post=2309"}],"curies":[{"name":"wp","href":"https:\/\/api.w.org\/{rel}","templated":true}]}}