{"id":2176,"date":"2016-09-22T19:05:12","date_gmt":"2016-09-22T19:05:12","guid":{"rendered":"http:\/\/schmolke-carbon.de\/product\/carbonstopfen\/"},"modified":"2026-03-22T09:44:12","modified_gmt":"2026-03-22T07:44:12","slug":"carbon-lenkerstopfen","status":"publish","type":"product","link":"https:\/\/www.schmolke-carbon.com\/de\/produkt\/carbon-lenkerstopfen\/","title":{"rendered":"Carbon-Lenkerstopfen"},"content":{"rendered":"<p>Wir bieten spezielle Vollcarbon-Lenkerstopfen f\u00fcr alle unsere Lenker an, sei es f\u00fcr den <a href=\"https:\/\/www.schmolke-carbon.com\/de\/produkt-kategorie\/rennrad\/komponenten-rennrad\/lenker-rennrad\/\">Stra\u00dfen-<\/a> oder <a href=\"https:\/\/www.schmolke-carbon.com\/de\/produkt-kategorie\/mtb\/komponenten-mtb\/lenker-mtb\/\">MTB-Lenker<\/a> oder den Zeitfahrlenker, die TLO- oder SL-Version. Die sichtbare Abdeckplatte hat genau die gleiche Carbon-Struktur wie alle unsere Stangen, so dass der Stecker genau die richtige Gr\u00f6\u00dfe hat, um den perfekten Abschluss zu bilden. Sie k\u00f6nnen diese Stopfen nat\u00fcrlich auch f\u00fcr Aluminiumlenker verwenden. Alle Carbon-Lenkerstopfen werden in einer speziellen Schmolke Carbon-Box geliefert, die sich auch hervorragend als Geschenk eignet.<\/p>\n<h3><strong>Bestellung<\/strong><\/h3>\n<p>Sagen Sie uns, welchen Schmolke-Typ Sie haben, und wir schicken Ihnen den passenden Stopfen. Rennlenker-Stopfen passen auf unsere 31,6 und 26 mm <a href=\"https:\/\/www.schmolke-carbon.com\/de\/produkt-kategorie\/rennrad\/komponenten-rennrad\/lenker-rennrad\/\">Rennlenker-Modelle<\/a>. FullOver-Stopfen passen nur f\u00fcr die <a href=\"https:\/\/www.schmolke-carbon.com\/de\/produkt\/fullover-tlo-rennlenker\/\">FullOver-Lenker<\/a>.<\/p>\n<p>Wenn Sie Stopfen f\u00fcr Ihren Lenker bestellen, geben Sie bitte an, ob Sie Ihr Lenkerband bis zum Ende des Lenkers w\u00fcnschen oder ob Sie es nur am oberen Teil anbringen, um weitere 20 g zu sparen.<\/p>\n<p>Carbon Lenkerstopfen f\u00fcr unsere<a href=\"https:\/\/www.schmolke-carbon.com\/de\/produkt\/triathlon-bartime-trial-clip-on-tlo\/\"> Triathlon-Lenker<\/a> sind ebenfalls erh\u00e4ltlich.<\/p>\n<p>Bei der Bestellung von <a href=\"https:\/\/www.schmolke-carbon.com\/de\/produkt-kategorie\/mtb\/komponenten-mtb\/lenker-mtb\/\">MTB-Lenkern<\/a> teilen Sie uns bitte mit, ob Sie einen SL- oder einen TLO-Lenker fahren.<\/p>\n<p>Wenn Sie Carbon-Lenkerstopfen f\u00fcr Lenker anderer Hersteller bestellen, messen Sie bitte den Innendurchmesser Ihres Lenkers, um sicherzustellen, dass Sie die perfekte Passform erhalten.<\/p>\n","protected":false},"excerpt":{"rendered":"<p><strong>Durchmesser:<\/strong> 18, 21, 22 und 23 mm<\/p>\n<p><strong>Gewicht:<\/strong> 3 g<\/p>\n<p><strong>Verf\u00fcgbarkeit: <\/strong>Produkte, die als <strong>&#8222;auf Lager&#8220;<\/strong> angezeigt werden, werden innerhalb von 48 Stunden geliefert.<\/p>\n","protected":false},"featured_media":73762,"comment_status":"open","ping_status":"closed","template":"","meta":{"_acf_changed":false},"product_brand":[],"product_cat":[3432,3834,3380,3829,3092,3827,3431,3832],"product_tag":[],"class_list":{"0":"post-2176","1":"product","2":"type-product","3":"status-publish","4":"has-post-thumbnail","6":"product_cat-rennrad","7":"product_cat-accessoires-rennrad","8":"product_cat-gravelbike","9":"product_cat-accessoires-gravelbike","10":"product_cat-faltrad","11":"product_cat-accessoires-faltrad","12":"product_cat-mtb","13":"product_cat-accessoires-mtb","14":"product_shipping_class-small-items-de","16":"first","17":"instock","18":"taxable","19":"shipping-taxable","20":"purchasable","21":"product-type-variable"},"composite_virtual":false,"composite_layout":"","composite_add_to_cart_form_location":"","composite_editable_in_cart":false,"composite_sold_individually_context":"","composite_shop_price_calc":"","composite_components":[],"composite_scenarios":[],"acf":[],"yoast_head":"<!-- This site is optimized with the Yoast SEO plugin v27.5 - https:\/\/yoast.com\/product\/yoast-seo-wordpress\/ -->\n<title>Carbon Lenkerstopfen f\u00fcr Fahrradlenker<\/title>\n<meta name=\"description\" content=\"Carbon Lenkerstopfen f\u00fcr Fahrradlenker, sei es f\u00fcr den Stra\u00dfen- oder MTB-Lenker oder den Zeitfahrlenker.\" \/>\n<meta name=\"robots\" content=\"index, follow, max-snippet:-1, max-image-preview:large, max-video-preview:-1\" \/>\n<link rel=\"canonical\" href=\"https:\/\/www.schmolke-carbon.com\/de\/produkt\/carbon-lenkerstopfen\/\" \/>\n<meta property=\"og:locale\" content=\"de_DE\" \/>\n<meta property=\"og:type\" content=\"article\" \/>\n<meta property=\"og:title\" content=\"Carbon Lenkerstopfen f\u00fcr Fahrradlenker\" \/>\n<meta property=\"og:description\" content=\"Carbon Lenkerstopfen f\u00fcr Fahrradlenker, sei es f\u00fcr den Stra\u00dfen- oder MTB-Lenker oder den Zeitfahrlenker.\" \/>\n<meta property=\"og:url\" content=\"https:\/\/www.schmolke-carbon.com\/de\/produkt\/carbon-lenkerstopfen\/\" \/>\n<meta property=\"og:site_name\" content=\"Schmolke Carbon\" \/>\n<meta property=\"article:publisher\" content=\"https:\/\/www.facebook.com\/SchmolkeCarbon\" \/>\n<meta property=\"article:modified_time\" content=\"2026-03-22T07:44:12+00:00\" \/>\n<meta property=\"og:image\" content=\"https:\/\/www.schmolke-carbon.com\/wp-content\/uploads\/2024\/12\/SCHMOLKE-Carbon-Bar-Plugs-UD-169036934-scaled.jpg\" \/>\n\t<meta property=\"og:image:width\" content=\"2560\" \/>\n\t<meta property=\"og:image:height\" content=\"2560\" \/>\n\t<meta property=\"og:image:type\" content=\"image\/jpeg\" \/>\n<meta name=\"twitter:card\" content=\"summary_large_image\" \/>\n<meta name=\"twitter:site\" content=\"@schmolkecarbon\" \/>\n<meta name=\"twitter:label1\" content=\"Gesch\u00e4tzte Lesezeit\" \/>\n\t<meta name=\"twitter:data1\" content=\"2\u00a0Minuten\" \/>\n<script type=\"application\/ld+json\" class=\"yoast-schema-graph\">{\"@context\":\"https:\\\/\\\/schema.org\",\"@graph\":[{\"@type\":\"WebPage\",\"@id\":\"https:\\\/\\\/www.schmolke-carbon.com\\\/de\\\/produkt\\\/carbon-lenkerstopfen\\\/\",\"url\":\"https:\\\/\\\/www.schmolke-carbon.com\\\/de\\\/produkt\\\/carbon-lenkerstopfen\\\/\",\"name\":\"Carbon Lenkerstopfen f\u00fcr Fahrradlenker\",\"isPartOf\":{\"@id\":\"https:\\\/\\\/www.schmolke-carbon.com\\\/#website\"},\"primaryImageOfPage\":{\"@id\":\"https:\\\/\\\/www.schmolke-carbon.com\\\/de\\\/produkt\\\/carbon-lenkerstopfen\\\/#primaryimage\"},\"image\":{\"@id\":\"https:\\\/\\\/www.schmolke-carbon.com\\\/de\\\/produkt\\\/carbon-lenkerstopfen\\\/#primaryimage\"},\"thumbnailUrl\":\"https:\\\/\\\/www.schmolke-carbon.com\\\/wp-content\\\/uploads\\\/2024\\\/12\\\/SCHMOLKE-Carbon-Bar-Plugs-UD-169036934-scaled.jpg\",\"datePublished\":\"2016-09-22T19:05:12+00:00\",\"dateModified\":\"2026-03-22T07:44:12+00:00\",\"description\":\"Carbon Lenkerstopfen f\u00fcr Fahrradlenker, sei es f\u00fcr den Stra\u00dfen- oder MTB-Lenker oder den Zeitfahrlenker.\",\"breadcrumb\":{\"@id\":\"https:\\\/\\\/www.schmolke-carbon.com\\\/de\\\/produkt\\\/carbon-lenkerstopfen\\\/#breadcrumb\"},\"inLanguage\":\"de\",\"potentialAction\":[{\"@type\":\"ReadAction\",\"target\":[\"https:\\\/\\\/www.schmolke-carbon.com\\\/de\\\/produkt\\\/carbon-lenkerstopfen\\\/\"]}]},{\"@type\":\"ImageObject\",\"inLanguage\":\"de\",\"@id\":\"https:\\\/\\\/www.schmolke-carbon.com\\\/de\\\/produkt\\\/carbon-lenkerstopfen\\\/#primaryimage\",\"url\":\"https:\\\/\\\/www.schmolke-carbon.com\\\/wp-content\\\/uploads\\\/2024\\\/12\\\/SCHMOLKE-Carbon-Bar-Plugs-UD-169036934-scaled.jpg\",\"contentUrl\":\"https:\\\/\\\/www.schmolke-carbon.com\\\/wp-content\\\/uploads\\\/2024\\\/12\\\/SCHMOLKE-Carbon-Bar-Plugs-UD-169036934-scaled.jpg\",\"width\":2560,\"height\":2560,\"caption\":\"SCHMOLKE Carbon Bar Plugs UD\"},{\"@type\":\"BreadcrumbList\",\"@id\":\"https:\\\/\\\/www.schmolke-carbon.com\\\/de\\\/produkt\\\/carbon-lenkerstopfen\\\/#breadcrumb\",\"itemListElement\":[{\"@type\":\"ListItem\",\"position\":1,\"name\":\"Home\",\"item\":\"https:\\\/\\\/www.schmolke-carbon.com\\\/de\\\/\"},{\"@type\":\"ListItem\",\"position\":2,\"name\":\"Produkte\",\"item\":\"https:\\\/\\\/www.schmolke-carbon.com\\\/de\\\/produkte\\\/\"},{\"@type\":\"ListItem\",\"position\":3,\"name\":\"Carbon-Lenkerstopfen\"}]},{\"@type\":\"WebSite\",\"@id\":\"https:\\\/\\\/www.schmolke-carbon.com\\\/#website\",\"url\":\"https:\\\/\\\/www.schmolke-carbon.com\\\/\",\"name\":\"Schmolke Carbon\",\"description\":\"Custom Lightweight products - Hand made in Germany - since 1992\",\"publisher\":{\"@id\":\"https:\\\/\\\/www.schmolke-carbon.com\\\/#organization\"},\"potentialAction\":[{\"@type\":\"SearchAction\",\"target\":{\"@type\":\"EntryPoint\",\"urlTemplate\":\"https:\\\/\\\/www.schmolke-carbon.com\\\/?s={search_term_string}\"},\"query-input\":{\"@type\":\"PropertyValueSpecification\",\"valueRequired\":true,\"valueName\":\"search_term_string\"}}],\"inLanguage\":\"de\"},{\"@type\":\"Organization\",\"@id\":\"https:\\\/\\\/www.schmolke-carbon.com\\\/#organization\",\"name\":\"Schmolke Carbon\",\"url\":\"https:\\\/\\\/www.schmolke-carbon.com\\\/\",\"logo\":{\"@type\":\"ImageObject\",\"inLanguage\":\"de\",\"@id\":\"https:\\\/\\\/www.schmolke-carbon.com\\\/#\\\/schema\\\/logo\\\/image\\\/\",\"url\":\"https:\\\/\\\/www.schmolke-carbon.com\\\/wp-content\\\/uploads\\\/2017\\\/03\\\/Schmolke-Carbon-Logo.jpg\",\"contentUrl\":\"https:\\\/\\\/www.schmolke-carbon.com\\\/wp-content\\\/uploads\\\/2017\\\/03\\\/Schmolke-Carbon-Logo.jpg\",\"width\":327,\"height\":335,\"caption\":\"Schmolke Carbon\"},\"image\":{\"@id\":\"https:\\\/\\\/www.schmolke-carbon.com\\\/#\\\/schema\\\/logo\\\/image\\\/\"},\"sameAs\":[\"https:\\\/\\\/www.facebook.com\\\/SchmolkeCarbon\",\"https:\\\/\\\/x.com\\\/schmolkecarbon\",\"https:\\\/\\\/www.instagram.com\\\/schmolkecarbon\\\/\"]}]}<\/script>\n<!-- \/ Yoast SEO plugin. -->","yoast_head_json":{"title":"Carbon Lenkerstopfen f\u00fcr Fahrradlenker","description":"Carbon Lenkerstopfen f\u00fcr Fahrradlenker, sei es f\u00fcr den Stra\u00dfen- oder MTB-Lenker oder den Zeitfahrlenker.","robots":{"index":"index","follow":"follow","max-snippet":"max-snippet:-1","max-image-preview":"max-image-preview:large","max-video-preview":"max-video-preview:-1"},"canonical":"https:\/\/www.schmolke-carbon.com\/de\/produkt\/carbon-lenkerstopfen\/","og_locale":"de_DE","og_type":"article","og_title":"Carbon Lenkerstopfen f\u00fcr Fahrradlenker","og_description":"Carbon Lenkerstopfen f\u00fcr Fahrradlenker, sei es f\u00fcr den Stra\u00dfen- oder MTB-Lenker oder den Zeitfahrlenker.","og_url":"https:\/\/www.schmolke-carbon.com\/de\/produkt\/carbon-lenkerstopfen\/","og_site_name":"Schmolke Carbon","article_publisher":"https:\/\/www.facebook.com\/SchmolkeCarbon","article_modified_time":"2026-03-22T07:44:12+00:00","og_image":[{"width":2560,"height":2560,"url":"https:\/\/www.schmolke-carbon.com\/wp-content\/uploads\/2024\/12\/SCHMOLKE-Carbon-Bar-Plugs-UD-169036934-scaled.jpg","type":"image\/jpeg"}],"twitter_card":"summary_large_image","twitter_site":"@schmolkecarbon","twitter_misc":{"Gesch\u00e4tzte Lesezeit":"2\u00a0Minuten"},"schema":{"@context":"https:\/\/schema.org","@graph":[{"@type":"WebPage","@id":"https:\/\/www.schmolke-carbon.com\/de\/produkt\/carbon-lenkerstopfen\/","url":"https:\/\/www.schmolke-carbon.com\/de\/produkt\/carbon-lenkerstopfen\/","name":"Carbon Lenkerstopfen f\u00fcr Fahrradlenker","isPartOf":{"@id":"https:\/\/www.schmolke-carbon.com\/#website"},"primaryImageOfPage":{"@id":"https:\/\/www.schmolke-carbon.com\/de\/produkt\/carbon-lenkerstopfen\/#primaryimage"},"image":{"@id":"https:\/\/www.schmolke-carbon.com\/de\/produkt\/carbon-lenkerstopfen\/#primaryimage"},"thumbnailUrl":"https:\/\/www.schmolke-carbon.com\/wp-content\/uploads\/2024\/12\/SCHMOLKE-Carbon-Bar-Plugs-UD-169036934-scaled.jpg","datePublished":"2016-09-22T19:05:12+00:00","dateModified":"2026-03-22T07:44:12+00:00","description":"Carbon Lenkerstopfen f\u00fcr Fahrradlenker, sei es f\u00fcr den Stra\u00dfen- oder MTB-Lenker oder den Zeitfahrlenker.","breadcrumb":{"@id":"https:\/\/www.schmolke-carbon.com\/de\/produkt\/carbon-lenkerstopfen\/#breadcrumb"},"inLanguage":"de","potentialAction":[{"@type":"ReadAction","target":["https:\/\/www.schmolke-carbon.com\/de\/produkt\/carbon-lenkerstopfen\/"]}]},{"@type":"ImageObject","inLanguage":"de","@id":"https:\/\/www.schmolke-carbon.com\/de\/produkt\/carbon-lenkerstopfen\/#primaryimage","url":"https:\/\/www.schmolke-carbon.com\/wp-content\/uploads\/2024\/12\/SCHMOLKE-Carbon-Bar-Plugs-UD-169036934-scaled.jpg","contentUrl":"https:\/\/www.schmolke-carbon.com\/wp-content\/uploads\/2024\/12\/SCHMOLKE-Carbon-Bar-Plugs-UD-169036934-scaled.jpg","width":2560,"height":2560,"caption":"SCHMOLKE Carbon Bar Plugs UD"},{"@type":"BreadcrumbList","@id":"https:\/\/www.schmolke-carbon.com\/de\/produkt\/carbon-lenkerstopfen\/#breadcrumb","itemListElement":[{"@type":"ListItem","position":1,"name":"Home","item":"https:\/\/www.schmolke-carbon.com\/de\/"},{"@type":"ListItem","position":2,"name":"Produkte","item":"https:\/\/www.schmolke-carbon.com\/de\/produkte\/"},{"@type":"ListItem","position":3,"name":"Carbon-Lenkerstopfen"}]},{"@type":"WebSite","@id":"https:\/\/www.schmolke-carbon.com\/#website","url":"https:\/\/www.schmolke-carbon.com\/","name":"Schmolke Carbon","description":"Custom Lightweight products - Hand made in Germany - since 1992","publisher":{"@id":"https:\/\/www.schmolke-carbon.com\/#organization"},"potentialAction":[{"@type":"SearchAction","target":{"@type":"EntryPoint","urlTemplate":"https:\/\/www.schmolke-carbon.com\/?s={search_term_string}"},"query-input":{"@type":"PropertyValueSpecification","valueRequired":true,"valueName":"search_term_string"}}],"inLanguage":"de"},{"@type":"Organization","@id":"https:\/\/www.schmolke-carbon.com\/#organization","name":"Schmolke Carbon","url":"https:\/\/www.schmolke-carbon.com\/","logo":{"@type":"ImageObject","inLanguage":"de","@id":"https:\/\/www.schmolke-carbon.com\/#\/schema\/logo\/image\/","url":"https:\/\/www.schmolke-carbon.com\/wp-content\/uploads\/2017\/03\/Schmolke-Carbon-Logo.jpg","contentUrl":"https:\/\/www.schmolke-carbon.com\/wp-content\/uploads\/2017\/03\/Schmolke-Carbon-Logo.jpg","width":327,"height":335,"caption":"Schmolke Carbon"},"image":{"@id":"https:\/\/www.schmolke-carbon.com\/#\/schema\/logo\/image\/"},"sameAs":["https:\/\/www.facebook.com\/SchmolkeCarbon","https:\/\/x.com\/schmolkecarbon","https:\/\/www.instagram.com\/schmolkecarbon\/"]}]}},"_links":{"self":[{"href":"https:\/\/www.schmolke-carbon.com\/de\/wp-json\/wp\/v2\/product\/2176","targetHints":{"allow":["GET"]}}],"collection":[{"href":"https:\/\/www.schmolke-carbon.com\/de\/wp-json\/wp\/v2\/product"}],"about":[{"href":"https:\/\/www.schmolke-carbon.com\/de\/wp-json\/wp\/v2\/types\/product"}],"replies":[{"embeddable":true,"href":"https:\/\/www.schmolke-carbon.com\/de\/wp-json\/wp\/v2\/comments?post=2176"}],"wp:featuredmedia":[{"embeddable":true,"href":"https:\/\/www.schmolke-carbon.com\/de\/wp-json\/wp\/v2\/media\/73762"}],"wp:attachment":[{"href":"https:\/\/www.schmolke-carbon.com\/de\/wp-json\/wp\/v2\/media?parent=2176"}],"wp:term":[{"taxonomy":"product_brand","embeddable":true,"href":"https:\/\/www.schmolke-carbon.com\/de\/wp-json\/wp\/v2\/product_brand?post=2176"},{"taxonomy":"product_cat","embeddable":true,"href":"https:\/\/www.schmolke-carbon.com\/de\/wp-json\/wp\/v2\/product_cat?post=2176"},{"taxonomy":"product_tag","embeddable":true,"href":"https:\/\/www.schmolke-carbon.com\/de\/wp-json\/wp\/v2\/product_tag?post=2176"}],"curies":[{"name":"wp","href":"https:\/\/api.w.org\/{rel}","templated":true}]}}