{"id":1993,"date":"2016-10-05T17:49:28","date_gmt":"2016-10-05T15:49:28","guid":{"rendered":"http:\/\/schmolke-carbon.de\/product\/mtb-flatbar-sl-254mm-2\/"},"modified":"2025-12-19T18:34:15","modified_gmt":"2025-12-19T16:34:15","slug":"mtb-flatbar-sl-254mm","status":"publish","type":"product","link":"https:\/\/www.schmolke-carbon.com\/de\/produkt\/mtb-flatbar-sl-254mm\/","title":{"rendered":"MTB Flatbar SL 25,4 mm"},"content":{"rendered":"<h4><strong>Ergonomie<\/strong><\/h4>\n<p>Diese sehr leichten MTB-Carbonlenker bieten wir mit 6\u00b0 und 9\u00b0 Backsweep der Griffenden an, um auch Fahrer auszur\u00fcsten, die st\u00e4rker nach hinten gebogene Griffenden bevorzugen.<\/p>\n<h4><strong>Bauweise<\/strong><\/h4>\n<p>Wie alle unsere Produkte sind auch unsere SL Vollcarbon-MTB-Lenker handgewickelt (<a href=\"https:\/\/www.schmolke-carbon.com\/de\/qualitaet-service\/qualitaet-verarbeitung\/\">\u00fcber Carbon<\/a>). Der in 30 Jahren Produktionserfahrung entwickelte Lagenaufbau mit bis zu 17 Lagen im stark beanspruchten Mittelteil und nur 4 Lagen im leicht beanspruchten Griffbereich erm\u00f6glicht das geringe Gewicht trotz der bekannten Steifigkeit und Unzerst\u00f6rbarkeit, die f\u00fcr den Cross-Country-Bereich notwendig ist. <\/p>\n<h4><strong>Bestellhinweise<\/strong><\/h4>\n<p>Diese leichten Carbon Lenker bieten wir f\u00fcr Freunde der klassischen d\u00fcnneren und k\u00fcrzeren MTB-Lenker an, um auch noch die d\u00fcnnen, teilweise Schaftvorbauten der \u00e4lteren MTB\u2019s mit 25,4 mm Durchmesser nutzen zu k\u00f6nnen. Wegen der Barendverst\u00e4rkung d\u00fcrfen diese leichten Carbon MTB-Lenker nur bis zu 5 mm auf jeder Seite gek\u00fcrzt werden. Achte also unbedingt darauf, dass du die richtige Breite f\u00fcr deine Anforderungen bestellst! Wenn du nicht vorhast, Lenkerh\u00f6rnchen zu verwenden, entscheide dich f\u00fcr die <g id=\"gid_0\">TLO-Version<\/g>! Dieser Lenker ist noch einmal 15 g leichter, ohne dabei an Festigkeit und Zuverl\u00e4ssigkeit zu verlieren. Diese d\u00fcnnwandigen Carbon-Lenker k\u00f6nnen mit unseren ma\u00dfgefertigten <a href=\"https:\/\/www.schmolke-carbon.com\/de\/produkt\/carbon-lenkerstopfen\/\">Carbon-Lenkerstopfen<\/a> erg\u00e4nzt werden.    <\/p>\n<h4><strong>Oberfl\u00e4che<\/strong><\/h4>\n<p>Alle unsere leichten Carbon MTB Flatbars werden nicht lackiert, um nicht unn\u00f6tig Gewicht aufzutragen und da die Epoxid Oberfl\u00e4che viel widerstandsf\u00e4higer ist als jede Lackierung. Sie wird also nicht so schnell zerkratzt. Unsere leichten Carbon-MTB-Lenker mit 6\u00b0 kommen im aktuellen Matt Look. Die klassischen Carbon MTB-Lenker mit 9\u00b0 kommen wie damals \u00fcblich hochgl\u00e4nzend. SL MTB-Bars kommen im klassischen 1k-Gewebe Carbon-Look mit (biaxial) \u00fcberkreuzten Fasern. Mehr \u00fcber 1k erf\u00e4hrst du hier.    <a href=\"https:\/\/www.schmolke-carbon.com\/de\/qualitaet-service\/qualitaet-verarbeitung\/\"> Mehr \u00fcber 1k erf\u00e4hrst du hier.<\/a><\/p>\n<p><strong>Montageanleitung<\/strong> Flatbar SL 25,4 mm f\u00fcr <a href=\"https:\/\/www.schmolke-carbon.com\/de\/qualitaet-service\/montageanleitungen\/#mountainbikes\">MTB<\/a> und <a href=\"https:\/\/www.schmolke-carbon.com\/de\/qualitaet-service\/montageanleitungen\/#faltr\u00e4der\">Faltrad<\/a><\/p>\n<p>Verwenden Sie f\u00fcr den Einbau immer ein <a href=\"https:\/\/www.schmolke-carbon.com\/de\/produkt\/schmolke-torque-application\/\">Drehmomentschl\u00fcssel<\/a>!<\/p>\n","protected":false},"excerpt":{"rendered":"<p><strong>Breite: <\/strong>480-680 mm<\/p>\n<p><strong>Gewicht:<\/strong> 75-105 g<\/p>\n<p>25.4 mm \/ 6\u00b0 oder 9\u00b0 Biegung<\/p>\n<p>f\u00fcr Barends geeignet<\/p>\n<p><strong>Gewebe\/Farbe:<\/strong> 1K-Gewebe mit rot-wei\u00dfem Logo<\/p>\n<p><strong>Optimaler Komfort<\/strong><\/p>\n<p><strong>Verf\u00fcgbarkeit: <\/strong>Produkte, die als<strong> &#8222;auf Lager&#8220;<\/strong> angezeigt werden, werden innerhalb von 48 Stunden geliefert.<\/p>\n","protected":false},"featured_media":49428,"comment_status":"open","ping_status":"closed","template":"","meta":{"_acf_changed":false},"product_brand":[],"product_cat":[3092,3902,3431,3833,3914],"product_tag":[4117,4170,4171,413,1221],"class_list":{"0":"post-1993","1":"product","2":"type-product","3":"status-publish","4":"has-post-thumbnail","6":"product_cat-faltrad","7":"product_cat-lenker-faltrad","8":"product_cat-mtb","9":"product_cat-komponenten-mtb","10":"product_cat-lenker-mtb","11":"product_tag-carbon-komponenten","12":"product_tag-flatbar-de","13":"product_tag-komponenten","14":"product_tag-made-in-germany-de","15":"product_tag-mtb-de","16":"product_shipping_class-internationaler-brief-de","18":"first","19":"instock","20":"taxable","21":"shipping-taxable","22":"purchasable","23":"product-type-variable"},"composite_virtual":false,"composite_layout":"","composite_add_to_cart_form_location":"","composite_editable_in_cart":false,"composite_sold_individually_context":"","composite_shop_price_calc":"","composite_components":[],"composite_scenarios":[],"acf":[],"yoast_head":"<!-- This site is optimized with the Yoast SEO plugin v27.4 - https:\/\/yoast.com\/product\/yoast-seo-wordpress\/ -->\n<title>MTB Flatbar SL 25,4 mm von Schmolke Carbon<\/title>\n<meta name=\"description\" content=\"Sehr leichte MTB-Carbonlenker mit 6\u00b0 und 9\u00b0 Backsweep an den Griffenden \u2013 handgefertigt von Schmolke Carbon. Jetzt entdecken!\" \/>\n<meta name=\"robots\" content=\"index, follow, max-snippet:-1, max-image-preview:large, max-video-preview:-1\" \/>\n<link rel=\"canonical\" href=\"https:\/\/www.schmolke-carbon.com\/de\/produkt\/mtb-flatbar-sl-254mm\/\" \/>\n<meta property=\"og:locale\" content=\"de_DE\" \/>\n<meta property=\"og:type\" content=\"article\" \/>\n<meta property=\"og:title\" content=\"MTB Flatbar SL 25,4 mm von Schmolke Carbon\" \/>\n<meta property=\"og:description\" content=\"Sehr leichte MTB-Carbonlenker mit 6\u00b0 und 9\u00b0 Backsweep an den Griffenden \u2013 handgefertigt von Schmolke Carbon. Jetzt entdecken!\" \/>\n<meta property=\"og:url\" content=\"https:\/\/www.schmolke-carbon.com\/de\/produkt\/mtb-flatbar-sl-254mm\/\" \/>\n<meta property=\"og:site_name\" content=\"Schmolke Carbon\" \/>\n<meta property=\"article:publisher\" content=\"https:\/\/www.facebook.com\/SchmolkeCarbon\" \/>\n<meta property=\"article:modified_time\" content=\"2025-12-19T16:34:15+00:00\" \/>\n<meta property=\"og:image\" content=\"https:\/\/www.schmolke-carbon.com\/wp-content\/uploads\/2022\/05\/Carbon-flatbar-25.jpg\" \/>\n\t<meta property=\"og:image:width\" content=\"2000\" \/>\n\t<meta property=\"og:image:height\" content=\"2000\" \/>\n\t<meta property=\"og:image:type\" content=\"image\/jpeg\" \/>\n<meta name=\"twitter:card\" content=\"summary_large_image\" \/>\n<meta name=\"twitter:site\" content=\"@schmolkecarbon\" \/>\n<meta name=\"twitter:label1\" content=\"Gesch\u00e4tzte Lesezeit\" \/>\n\t<meta name=\"twitter:data1\" content=\"2\u00a0Minuten\" \/>\n<script type=\"application\/ld+json\" class=\"yoast-schema-graph\">{\"@context\":\"https:\\\/\\\/schema.org\",\"@graph\":[{\"@type\":\"WebPage\",\"@id\":\"https:\\\/\\\/www.schmolke-carbon.com\\\/de\\\/produkt\\\/mtb-flatbar-sl-254mm\\\/\",\"url\":\"https:\\\/\\\/www.schmolke-carbon.com\\\/de\\\/produkt\\\/mtb-flatbar-sl-254mm\\\/\",\"name\":\"MTB Flatbar SL 25,4 mm von Schmolke Carbon\",\"isPartOf\":{\"@id\":\"https:\\\/\\\/www.schmolke-carbon.com\\\/#website\"},\"primaryImageOfPage\":{\"@id\":\"https:\\\/\\\/www.schmolke-carbon.com\\\/de\\\/produkt\\\/mtb-flatbar-sl-254mm\\\/#primaryimage\"},\"image\":{\"@id\":\"https:\\\/\\\/www.schmolke-carbon.com\\\/de\\\/produkt\\\/mtb-flatbar-sl-254mm\\\/#primaryimage\"},\"thumbnailUrl\":\"https:\\\/\\\/www.schmolke-carbon.com\\\/wp-content\\\/uploads\\\/2022\\\/05\\\/Carbon-flatbar-25.jpg\",\"datePublished\":\"2016-10-05T15:49:28+00:00\",\"dateModified\":\"2025-12-19T16:34:15+00:00\",\"description\":\"Sehr leichte MTB-Carbonlenker mit 6\u00b0 und 9\u00b0 Backsweep an den Griffenden \u2013 handgefertigt von Schmolke Carbon. Jetzt entdecken!\",\"breadcrumb\":{\"@id\":\"https:\\\/\\\/www.schmolke-carbon.com\\\/de\\\/produkt\\\/mtb-flatbar-sl-254mm\\\/#breadcrumb\"},\"inLanguage\":\"de\",\"potentialAction\":[{\"@type\":\"ReadAction\",\"target\":[\"https:\\\/\\\/www.schmolke-carbon.com\\\/de\\\/produkt\\\/mtb-flatbar-sl-254mm\\\/\"]}]},{\"@type\":\"ImageObject\",\"inLanguage\":\"de\",\"@id\":\"https:\\\/\\\/www.schmolke-carbon.com\\\/de\\\/produkt\\\/mtb-flatbar-sl-254mm\\\/#primaryimage\",\"url\":\"https:\\\/\\\/www.schmolke-carbon.com\\\/wp-content\\\/uploads\\\/2022\\\/05\\\/Carbon-flatbar-25.jpg\",\"contentUrl\":\"https:\\\/\\\/www.schmolke-carbon.com\\\/wp-content\\\/uploads\\\/2022\\\/05\\\/Carbon-flatbar-25.jpg\",\"width\":2000,\"height\":2000,\"caption\":\"SL Carbon-flatbar-25.4\"},{\"@type\":\"BreadcrumbList\",\"@id\":\"https:\\\/\\\/www.schmolke-carbon.com\\\/de\\\/produkt\\\/mtb-flatbar-sl-254mm\\\/#breadcrumb\",\"itemListElement\":[{\"@type\":\"ListItem\",\"position\":1,\"name\":\"Home\",\"item\":\"https:\\\/\\\/www.schmolke-carbon.com\\\/de\\\/home\\\/\"},{\"@type\":\"ListItem\",\"position\":2,\"name\":\"Produkte\",\"item\":\"https:\\\/\\\/www.schmolke-carbon.com\\\/de\\\/products\\\/\"},{\"@type\":\"ListItem\",\"position\":3,\"name\":\"MTB Flatbar SL 25,4 mm\"}]},{\"@type\":\"WebSite\",\"@id\":\"https:\\\/\\\/www.schmolke-carbon.com\\\/#website\",\"url\":\"https:\\\/\\\/www.schmolke-carbon.com\\\/\",\"name\":\"Schmolke Carbon\",\"description\":\"Custom Lightweight products - Hand made in Germany - since 1992\",\"publisher\":{\"@id\":\"https:\\\/\\\/www.schmolke-carbon.com\\\/#organization\"},\"potentialAction\":[{\"@type\":\"SearchAction\",\"target\":{\"@type\":\"EntryPoint\",\"urlTemplate\":\"https:\\\/\\\/www.schmolke-carbon.com\\\/?s={search_term_string}\"},\"query-input\":{\"@type\":\"PropertyValueSpecification\",\"valueRequired\":true,\"valueName\":\"search_term_string\"}}],\"inLanguage\":\"de\"},{\"@type\":\"Organization\",\"@id\":\"https:\\\/\\\/www.schmolke-carbon.com\\\/#organization\",\"name\":\"Schmolke Carbon\",\"url\":\"https:\\\/\\\/www.schmolke-carbon.com\\\/\",\"logo\":{\"@type\":\"ImageObject\",\"inLanguage\":\"de\",\"@id\":\"https:\\\/\\\/www.schmolke-carbon.com\\\/#\\\/schema\\\/logo\\\/image\\\/\",\"url\":\"https:\\\/\\\/www.schmolke-carbon.com\\\/wp-content\\\/uploads\\\/2017\\\/03\\\/Schmolke-Carbon-Logo.jpg\",\"contentUrl\":\"https:\\\/\\\/www.schmolke-carbon.com\\\/wp-content\\\/uploads\\\/2017\\\/03\\\/Schmolke-Carbon-Logo.jpg\",\"width\":327,\"height\":335,\"caption\":\"Schmolke Carbon\"},\"image\":{\"@id\":\"https:\\\/\\\/www.schmolke-carbon.com\\\/#\\\/schema\\\/logo\\\/image\\\/\"},\"sameAs\":[\"https:\\\/\\\/www.facebook.com\\\/SchmolkeCarbon\",\"https:\\\/\\\/x.com\\\/schmolkecarbon\",\"https:\\\/\\\/www.instagram.com\\\/schmolkecarbon\\\/\"]}]}<\/script>\n<!-- \/ Yoast SEO plugin. -->","yoast_head_json":{"title":"MTB Flatbar SL 25,4 mm von Schmolke Carbon","description":"Sehr leichte MTB-Carbonlenker mit 6\u00b0 und 9\u00b0 Backsweep an den Griffenden \u2013 handgefertigt von Schmolke Carbon. Jetzt entdecken!","robots":{"index":"index","follow":"follow","max-snippet":"max-snippet:-1","max-image-preview":"max-image-preview:large","max-video-preview":"max-video-preview:-1"},"canonical":"https:\/\/www.schmolke-carbon.com\/de\/produkt\/mtb-flatbar-sl-254mm\/","og_locale":"de_DE","og_type":"article","og_title":"MTB Flatbar SL 25,4 mm von Schmolke Carbon","og_description":"Sehr leichte MTB-Carbonlenker mit 6\u00b0 und 9\u00b0 Backsweep an den Griffenden \u2013 handgefertigt von Schmolke Carbon. Jetzt entdecken!","og_url":"https:\/\/www.schmolke-carbon.com\/de\/produkt\/mtb-flatbar-sl-254mm\/","og_site_name":"Schmolke Carbon","article_publisher":"https:\/\/www.facebook.com\/SchmolkeCarbon","article_modified_time":"2025-12-19T16:34:15+00:00","og_image":[{"width":2000,"height":2000,"url":"https:\/\/www.schmolke-carbon.com\/wp-content\/uploads\/2022\/05\/Carbon-flatbar-25.jpg","type":"image\/jpeg"}],"twitter_card":"summary_large_image","twitter_site":"@schmolkecarbon","twitter_misc":{"Gesch\u00e4tzte Lesezeit":"2\u00a0Minuten"},"schema":{"@context":"https:\/\/schema.org","@graph":[{"@type":"WebPage","@id":"https:\/\/www.schmolke-carbon.com\/de\/produkt\/mtb-flatbar-sl-254mm\/","url":"https:\/\/www.schmolke-carbon.com\/de\/produkt\/mtb-flatbar-sl-254mm\/","name":"MTB Flatbar SL 25,4 mm von Schmolke Carbon","isPartOf":{"@id":"https:\/\/www.schmolke-carbon.com\/#website"},"primaryImageOfPage":{"@id":"https:\/\/www.schmolke-carbon.com\/de\/produkt\/mtb-flatbar-sl-254mm\/#primaryimage"},"image":{"@id":"https:\/\/www.schmolke-carbon.com\/de\/produkt\/mtb-flatbar-sl-254mm\/#primaryimage"},"thumbnailUrl":"https:\/\/www.schmolke-carbon.com\/wp-content\/uploads\/2022\/05\/Carbon-flatbar-25.jpg","datePublished":"2016-10-05T15:49:28+00:00","dateModified":"2025-12-19T16:34:15+00:00","description":"Sehr leichte MTB-Carbonlenker mit 6\u00b0 und 9\u00b0 Backsweep an den Griffenden \u2013 handgefertigt von Schmolke Carbon. Jetzt entdecken!","breadcrumb":{"@id":"https:\/\/www.schmolke-carbon.com\/de\/produkt\/mtb-flatbar-sl-254mm\/#breadcrumb"},"inLanguage":"de","potentialAction":[{"@type":"ReadAction","target":["https:\/\/www.schmolke-carbon.com\/de\/produkt\/mtb-flatbar-sl-254mm\/"]}]},{"@type":"ImageObject","inLanguage":"de","@id":"https:\/\/www.schmolke-carbon.com\/de\/produkt\/mtb-flatbar-sl-254mm\/#primaryimage","url":"https:\/\/www.schmolke-carbon.com\/wp-content\/uploads\/2022\/05\/Carbon-flatbar-25.jpg","contentUrl":"https:\/\/www.schmolke-carbon.com\/wp-content\/uploads\/2022\/05\/Carbon-flatbar-25.jpg","width":2000,"height":2000,"caption":"SL Carbon-flatbar-25.4"},{"@type":"BreadcrumbList","@id":"https:\/\/www.schmolke-carbon.com\/de\/produkt\/mtb-flatbar-sl-254mm\/#breadcrumb","itemListElement":[{"@type":"ListItem","position":1,"name":"Home","item":"https:\/\/www.schmolke-carbon.com\/de\/home\/"},{"@type":"ListItem","position":2,"name":"Produkte","item":"https:\/\/www.schmolke-carbon.com\/de\/products\/"},{"@type":"ListItem","position":3,"name":"MTB Flatbar SL 25,4 mm"}]},{"@type":"WebSite","@id":"https:\/\/www.schmolke-carbon.com\/#website","url":"https:\/\/www.schmolke-carbon.com\/","name":"Schmolke Carbon","description":"Custom Lightweight products - Hand made in Germany - since 1992","publisher":{"@id":"https:\/\/www.schmolke-carbon.com\/#organization"},"potentialAction":[{"@type":"SearchAction","target":{"@type":"EntryPoint","urlTemplate":"https:\/\/www.schmolke-carbon.com\/?s={search_term_string}"},"query-input":{"@type":"PropertyValueSpecification","valueRequired":true,"valueName":"search_term_string"}}],"inLanguage":"de"},{"@type":"Organization","@id":"https:\/\/www.schmolke-carbon.com\/#organization","name":"Schmolke Carbon","url":"https:\/\/www.schmolke-carbon.com\/","logo":{"@type":"ImageObject","inLanguage":"de","@id":"https:\/\/www.schmolke-carbon.com\/#\/schema\/logo\/image\/","url":"https:\/\/www.schmolke-carbon.com\/wp-content\/uploads\/2017\/03\/Schmolke-Carbon-Logo.jpg","contentUrl":"https:\/\/www.schmolke-carbon.com\/wp-content\/uploads\/2017\/03\/Schmolke-Carbon-Logo.jpg","width":327,"height":335,"caption":"Schmolke Carbon"},"image":{"@id":"https:\/\/www.schmolke-carbon.com\/#\/schema\/logo\/image\/"},"sameAs":["https:\/\/www.facebook.com\/SchmolkeCarbon","https:\/\/x.com\/schmolkecarbon","https:\/\/www.instagram.com\/schmolkecarbon\/"]}]}},"_links":{"self":[{"href":"https:\/\/www.schmolke-carbon.com\/de\/wp-json\/wp\/v2\/product\/1993","targetHints":{"allow":["GET"]}}],"collection":[{"href":"https:\/\/www.schmolke-carbon.com\/de\/wp-json\/wp\/v2\/product"}],"about":[{"href":"https:\/\/www.schmolke-carbon.com\/de\/wp-json\/wp\/v2\/types\/product"}],"replies":[{"embeddable":true,"href":"https:\/\/www.schmolke-carbon.com\/de\/wp-json\/wp\/v2\/comments?post=1993"}],"wp:featuredmedia":[{"embeddable":true,"href":"https:\/\/www.schmolke-carbon.com\/de\/wp-json\/wp\/v2\/media\/49428"}],"wp:attachment":[{"href":"https:\/\/www.schmolke-carbon.com\/de\/wp-json\/wp\/v2\/media?parent=1993"}],"wp:term":[{"taxonomy":"product_brand","embeddable":true,"href":"https:\/\/www.schmolke-carbon.com\/de\/wp-json\/wp\/v2\/product_brand?post=1993"},{"taxonomy":"product_cat","embeddable":true,"href":"https:\/\/www.schmolke-carbon.com\/de\/wp-json\/wp\/v2\/product_cat?post=1993"},{"taxonomy":"product_tag","embeddable":true,"href":"https:\/\/www.schmolke-carbon.com\/de\/wp-json\/wp\/v2\/product_tag?post=1993"}],"curies":[{"name":"wp","href":"https:\/\/api.w.org\/{rel}","templated":true}]}}