{"id":1934,"date":"2016-10-05T17:23:04","date_gmt":"2016-10-05T15:23:04","guid":{"rendered":"http:\/\/schmolke-carbon.de\/product\/mtb-flatbar-tlo-254mm\/"},"modified":"2025-12-19T14:24:04","modified_gmt":"2025-12-19T12:24:04","slug":"mtb-flatbar-tlo-2546","status":"publish","type":"product","link":"https:\/\/www.schmolke-carbon.com\/de\/produkt\/mtb-flatbar-tlo-2546\/","title":{"rendered":"MTB Flatbar TLO 25,4 mm"},"content":{"rendered":"<h4><strong>Ergonomie<\/strong><\/h4>\n<p>Diese sehr leichten MTB-Carbonlenker bieten wir mit 6\u00b0 und 9\u00b0 Backsweep der Griffenden an, um auch Fahrer auszur\u00fcsten, die st\u00e4rker nach hinten gebogene Griffenden bevorzugen.<\/p>\n<h4><strong>Bauweise<\/strong><\/h4>\n<p>Wie alle unsere Produkte der TLO Serie werden auch unsere leichten Vollcarbon MTB-Lenker aus den besten am Markt verf\u00fcgbaren Prepregs auf dein Gewicht und deinen Fahrstil von Hand gewickelt (<a href=\"https:\/\/www.schmolke-carbon.com\/de\/qualitaet-service\/qualitaet-verarbeitung\/\">\u00fcber Carbon<\/a>).<br \/>\nDer in 30 Jahren Produktionserfahrung nochmals verfeinerte Lagenaufbau mit bis zu 17 Lagen im stark beanspruchten Mittelteil und nur noch 4 Lagen im gering belasteten Griffbereich, erm\u00f6glicht die unglaublichen Gewichte trotz der bekannten Steifigkeit und im Cross-Country n\u00f6tigen Unverw\u00fcstbarkeit. Der in 30 Jahren Produktionserfahrung nochmals verfeinerte Lagenaufbau mit bis zu 17 Lagen im stark beanspruchten Mittelteil und nur noch 4 Lagen im gering belasteten Griffbereich, erm\u00f6glicht die unglaublichen Gewichte trotz der bekannten Steifigkeit und im Cross-Country n\u00f6tigen Unverw\u00fcstbarkeit.<\/p>\n<h4><strong>Bestellhinweise<\/strong><\/h4>\n<p>Wir bieten diese leichten Carbonlenker f\u00fcr Fans der klassischen d\u00fcnneren und k\u00fcrzeren MTB-Lenker an, damit sie weiterhin mit den d\u00fcnnen Vorbauten einiger \u00e4lterer MTBs mit einem Durchmesser von 25,4 mm verwendet werden k\u00f6nnen. Unsere leichten Carbon-MTB-Lenker k\u00f6nnen auf jeder Seite nur um bis zu 10 mm gek\u00fcrzt werden. Stellen Sie also sicher, dass Sie die richtige Breite f\u00fcr Ihre Anforderungen bestellen! Bar Ends k\u00f6nnen an diesen leichten Carbonlenkern nicht verwendet werden! Wenn Sie sich nicht sicher sind, ob Sie Lenkerh\u00f6rnchen verwenden m\u00f6chten, ist der <a href=\"https:\/\/www.schmolke-carbon.com\/de\/produkt\/mtb-flatbar-sl-254mm\/\">SL Flatbar<\/a>, der 15 g schwerer ist und dickere Lenkerh\u00f6rnchen hat, vielleicht die bessere Wahl. Da der TLO-Lenker nicht \u00fcber die M\u00f6glichkeit verf\u00fcgt, Lenkerh\u00f6rnchen zu montieren, wird er nicht so stark belastet wie der SL-Lenker. Dies gilt insbesondere im Falle eines Unfalls. Daher sind die leichteren TLO-Lenker sogar st\u00e4rker als die SL-Lenker! Diese d\u00fcnnwandigen Carbon-Lenker k\u00f6nnen mit unseren ma\u00dfgeschneiderten <a href=\"https:\/\/www.schmolke-carbon.com\/de\/produkt\/carbon-lenkerstopfen\/\">Carbon-Lenkerstopfen<\/a> erg\u00e4nzt werden<strong>.<\/strong>        <\/p>\n<h4><strong>Optionen der Oberfl\u00e4che<\/strong><\/h4>\n<p>Alle unsere leichten Carbon MTB Flatbars werden nicht lackiert, um nicht unn\u00f6tig Gewicht aufzutragen und da die Epoxid Oberfl\u00e4che viel widerstandsf\u00e4higer ist als jede Lackierung. Sie wird also nicht so schnell zerkratzt. Die klassischen Carbon MTB-Lenker mit 9\u00b0 kommen wie damals \u00fcblich hochgl\u00e4nzend. TLO MTB-Bars k\u00f6nnen in 1k-Gewebe oder UD bestellt werden.   1K ist der klassische Carbon-Look mit biaxial gewebten Fasern. Bei UD (unidirektional) laufen alle Carbonfasern in eine Richtung. Die Oberfl\u00e4che sieht dadurch einheitlich schwarz, fast lackiert aus. Generell sind UD-Carbonteile ein paar Gramm schwerer als 1K-Carbonteile. <a href=\"https:\/\/www.schmolke-carbon.com\/de\/qualitaet-service\/qualitaet-verarbeitung\/\">Mehr \u00fcber UD und 1K erf\u00e4hrst du hier.<\/a><\/p>\n<h4><strong>Farboptionen<\/strong><\/h4>\n<p>Um den perfekten Look an deinem Fahrrad zu erm\u00f6glichen, sind alle TLO Carbon MTB-Lenker in 3 verschiedenen Logo-Farben erh\u00e4ltlich: Schmolke Edition (rot-wei\u00df), Black Edition und White Edition.<\/p>\n<p><strong>Montageanleitung<\/strong> MTB Flatbar TLO 25,4 mm f\u00fcr <a href=\"https:\/\/www.schmolke-carbon.com\/de\/qualitaet-service\/montageanleitungen\/#mountainbikes\">MTB<\/a> und <a href=\"https:\/\/www.schmolke-carbon.com\/de\/qualitaet-service\/montageanleitungen\/#faltr\u00e4der\">Faltrad<\/a><\/p>\n<p>Verwenden Sie f\u00fcr den Einbau immer ein <a href=\"https:\/\/www.schmolke-carbon.com\/de\/produkt\/schmolke-torque-application\/\">Drehmomentschl\u00fcssel<\/a>!<\/p>\n","protected":false},"excerpt":{"rendered":"<p><strong>Breite: <\/strong>480-670 mm<\/p>\n<p><strong>Gewicht: <\/strong>60-90 g<\/p>\n<p>25.4 mm \/ 6\u00b0 oder 9\u00b0 Biegung<\/p>\n<p>nicht f\u00fcr Lenkerh\u00f6rnchen geeignet<\/p>\n<p><strong>Gewebe\/Farbe:<\/strong> 1K-Gewebe oder UD mit rot-wei\u00dfen oder schwarzen Logos<\/p>\n<p><strong>Optimaler Komfort<\/strong><\/p>\n<p><strong>Verf\u00fcgbarkeit: <\/strong>Produkte, die als <strong>&#8222;auf Lager&#8220;<\/strong> angezeigt werden, werden innerhalb von 48 Stunden geliefert.<\/p>\n","protected":false},"featured_media":56750,"comment_status":"open","ping_status":"closed","template":"","meta":{"_acf_changed":false},"product_brand":[],"product_cat":[3092,3828,3902,3431,3833,3914],"product_tag":[4123,4172,4170,4171,1221,417],"class_list":{"0":"post-1934","1":"product","2":"type-product","3":"status-publish","4":"has-post-thumbnail","6":"product_cat-faltrad","7":"product_cat-komponenten-faltrad","8":"product_cat-lenker-faltrad","9":"product_cat-mtb","10":"product_cat-komponenten-mtb","11":"product_cat-lenker-mtb","12":"product_tag-carbon-de","13":"product_tag-faltrad","14":"product_tag-flatbar-de","15":"product_tag-komponenten","16":"product_tag-mtb-de","17":"product_tag-the-lightest-one-de","18":"product_shipping_class-internationaler-brief-de","20":"first","21":"instock","22":"taxable","23":"shipping-taxable","24":"purchasable","25":"product-type-variable"},"composite_virtual":false,"composite_layout":"","composite_add_to_cart_form_location":"","composite_editable_in_cart":false,"composite_sold_individually_context":"","composite_shop_price_calc":"","composite_components":[],"composite_scenarios":[],"acf":[],"yoast_head":"<!-- This site is optimized with the Yoast SEO plugin v27.4 - https:\/\/yoast.com\/product\/yoast-seo-wordpress\/ -->\n<title>MTB Flatbar TLO 25,4 mm von Schmolke Carbon<\/title>\n<meta name=\"description\" content=\"Klassische, im Wettkampf bew\u00e4hrte Carbonfaser-MTB-Flatbars, gefertigt in Deutschland von Stefan Schmolke.. Jetzt entdecken!\" \/>\n<meta name=\"robots\" content=\"index, follow, max-snippet:-1, max-image-preview:large, max-video-preview:-1\" \/>\n<link rel=\"canonical\" href=\"https:\/\/www.schmolke-carbon.com\/de\/produkt\/mtb-flatbar-tlo-2546\/\" \/>\n<meta property=\"og:locale\" content=\"de_DE\" \/>\n<meta property=\"og:type\" content=\"article\" \/>\n<meta property=\"og:title\" content=\"MTB Flatbar TLO 25,4 mm von Schmolke Carbon\" \/>\n<meta property=\"og:description\" content=\"Klassische, im Wettkampf bew\u00e4hrte Carbonfaser-MTB-Flatbars, gefertigt in Deutschland von Stefan Schmolke.. Jetzt entdecken!\" \/>\n<meta property=\"og:url\" content=\"https:\/\/www.schmolke-carbon.com\/de\/produkt\/mtb-flatbar-tlo-2546\/\" \/>\n<meta property=\"og:site_name\" content=\"Schmolke Carbon\" \/>\n<meta property=\"article:publisher\" content=\"https:\/\/www.facebook.com\/SchmolkeCarbon\" \/>\n<meta property=\"article:modified_time\" content=\"2025-12-19T12:24:04+00:00\" \/>\n<meta property=\"og:image\" content=\"https:\/\/www.schmolke-carbon.com\/wp-content\/uploads\/2016\/10\/BEN9132-scaled.jpg\" \/>\n\t<meta property=\"og:image:width\" content=\"2560\" \/>\n\t<meta property=\"og:image:height\" content=\"2560\" \/>\n\t<meta property=\"og:image:type\" content=\"image\/jpeg\" \/>\n<meta name=\"twitter:card\" content=\"summary_large_image\" \/>\n<meta name=\"twitter:site\" content=\"@schmolkecarbon\" \/>\n<meta name=\"twitter:label1\" content=\"Gesch\u00e4tzte Lesezeit\" \/>\n\t<meta name=\"twitter:data1\" content=\"3\u00a0Minuten\" \/>\n<script type=\"application\/ld+json\" class=\"yoast-schema-graph\">{\"@context\":\"https:\\\/\\\/schema.org\",\"@graph\":[{\"@type\":\"WebPage\",\"@id\":\"https:\\\/\\\/www.schmolke-carbon.com\\\/de\\\/produkt\\\/mtb-flatbar-tlo-2546\\\/\",\"url\":\"https:\\\/\\\/www.schmolke-carbon.com\\\/de\\\/produkt\\\/mtb-flatbar-tlo-2546\\\/\",\"name\":\"MTB Flatbar TLO 25,4 mm von Schmolke Carbon\",\"isPartOf\":{\"@id\":\"https:\\\/\\\/www.schmolke-carbon.com\\\/#website\"},\"primaryImageOfPage\":{\"@id\":\"https:\\\/\\\/www.schmolke-carbon.com\\\/de\\\/produkt\\\/mtb-flatbar-tlo-2546\\\/#primaryimage\"},\"image\":{\"@id\":\"https:\\\/\\\/www.schmolke-carbon.com\\\/de\\\/produkt\\\/mtb-flatbar-tlo-2546\\\/#primaryimage\"},\"thumbnailUrl\":\"https:\\\/\\\/www.schmolke-carbon.com\\\/wp-content\\\/uploads\\\/2016\\\/10\\\/BEN9132-scaled.jpg\",\"datePublished\":\"2016-10-05T15:23:04+00:00\",\"dateModified\":\"2025-12-19T12:24:04+00:00\",\"description\":\"Klassische, im Wettkampf bew\u00e4hrte Carbonfaser-MTB-Flatbars, gefertigt in Deutschland von Stefan Schmolke.. Jetzt entdecken!\",\"breadcrumb\":{\"@id\":\"https:\\\/\\\/www.schmolke-carbon.com\\\/de\\\/produkt\\\/mtb-flatbar-tlo-2546\\\/#breadcrumb\"},\"inLanguage\":\"de\",\"potentialAction\":[{\"@type\":\"ReadAction\",\"target\":[\"https:\\\/\\\/www.schmolke-carbon.com\\\/de\\\/produkt\\\/mtb-flatbar-tlo-2546\\\/\"]}]},{\"@type\":\"ImageObject\",\"inLanguage\":\"de\",\"@id\":\"https:\\\/\\\/www.schmolke-carbon.com\\\/de\\\/produkt\\\/mtb-flatbar-tlo-2546\\\/#primaryimage\",\"url\":\"https:\\\/\\\/www.schmolke-carbon.com\\\/wp-content\\\/uploads\\\/2016\\\/10\\\/BEN9132-scaled.jpg\",\"contentUrl\":\"https:\\\/\\\/www.schmolke-carbon.com\\\/wp-content\\\/uploads\\\/2016\\\/10\\\/BEN9132-scaled.jpg\",\"width\":2560,\"height\":2560,\"caption\":\"MTB Flatbar 25.4mm 6\u00b0 TLO 1K Team Edition\"},{\"@type\":\"BreadcrumbList\",\"@id\":\"https:\\\/\\\/www.schmolke-carbon.com\\\/de\\\/produkt\\\/mtb-flatbar-tlo-2546\\\/#breadcrumb\",\"itemListElement\":[{\"@type\":\"ListItem\",\"position\":1,\"name\":\"Home\",\"item\":\"https:\\\/\\\/www.schmolke-carbon.com\\\/de\\\/home\\\/\"},{\"@type\":\"ListItem\",\"position\":2,\"name\":\"Produkte\",\"item\":\"https:\\\/\\\/www.schmolke-carbon.com\\\/de\\\/products\\\/\"},{\"@type\":\"ListItem\",\"position\":3,\"name\":\"MTB Flatbar TLO 25,4 mm\"}]},{\"@type\":\"WebSite\",\"@id\":\"https:\\\/\\\/www.schmolke-carbon.com\\\/#website\",\"url\":\"https:\\\/\\\/www.schmolke-carbon.com\\\/\",\"name\":\"Schmolke Carbon\",\"description\":\"Custom Lightweight products - Hand made in Germany - since 1992\",\"publisher\":{\"@id\":\"https:\\\/\\\/www.schmolke-carbon.com\\\/#organization\"},\"potentialAction\":[{\"@type\":\"SearchAction\",\"target\":{\"@type\":\"EntryPoint\",\"urlTemplate\":\"https:\\\/\\\/www.schmolke-carbon.com\\\/?s={search_term_string}\"},\"query-input\":{\"@type\":\"PropertyValueSpecification\",\"valueRequired\":true,\"valueName\":\"search_term_string\"}}],\"inLanguage\":\"de\"},{\"@type\":\"Organization\",\"@id\":\"https:\\\/\\\/www.schmolke-carbon.com\\\/#organization\",\"name\":\"Schmolke Carbon\",\"url\":\"https:\\\/\\\/www.schmolke-carbon.com\\\/\",\"logo\":{\"@type\":\"ImageObject\",\"inLanguage\":\"de\",\"@id\":\"https:\\\/\\\/www.schmolke-carbon.com\\\/#\\\/schema\\\/logo\\\/image\\\/\",\"url\":\"https:\\\/\\\/www.schmolke-carbon.com\\\/wp-content\\\/uploads\\\/2017\\\/03\\\/Schmolke-Carbon-Logo.jpg\",\"contentUrl\":\"https:\\\/\\\/www.schmolke-carbon.com\\\/wp-content\\\/uploads\\\/2017\\\/03\\\/Schmolke-Carbon-Logo.jpg\",\"width\":327,\"height\":335,\"caption\":\"Schmolke Carbon\"},\"image\":{\"@id\":\"https:\\\/\\\/www.schmolke-carbon.com\\\/#\\\/schema\\\/logo\\\/image\\\/\"},\"sameAs\":[\"https:\\\/\\\/www.facebook.com\\\/SchmolkeCarbon\",\"https:\\\/\\\/x.com\\\/schmolkecarbon\",\"https:\\\/\\\/www.instagram.com\\\/schmolkecarbon\\\/\"]}]}<\/script>\n<!-- \/ Yoast SEO plugin. -->","yoast_head_json":{"title":"MTB Flatbar TLO 25,4 mm von Schmolke Carbon","description":"Klassische, im Wettkampf bew\u00e4hrte Carbonfaser-MTB-Flatbars, gefertigt in Deutschland von Stefan Schmolke.. Jetzt entdecken!","robots":{"index":"index","follow":"follow","max-snippet":"max-snippet:-1","max-image-preview":"max-image-preview:large","max-video-preview":"max-video-preview:-1"},"canonical":"https:\/\/www.schmolke-carbon.com\/de\/produkt\/mtb-flatbar-tlo-2546\/","og_locale":"de_DE","og_type":"article","og_title":"MTB Flatbar TLO 25,4 mm von Schmolke Carbon","og_description":"Klassische, im Wettkampf bew\u00e4hrte Carbonfaser-MTB-Flatbars, gefertigt in Deutschland von Stefan Schmolke.. Jetzt entdecken!","og_url":"https:\/\/www.schmolke-carbon.com\/de\/produkt\/mtb-flatbar-tlo-2546\/","og_site_name":"Schmolke Carbon","article_publisher":"https:\/\/www.facebook.com\/SchmolkeCarbon","article_modified_time":"2025-12-19T12:24:04+00:00","og_image":[{"width":2560,"height":2560,"url":"https:\/\/www.schmolke-carbon.com\/wp-content\/uploads\/2016\/10\/BEN9132-scaled.jpg","type":"image\/jpeg"}],"twitter_card":"summary_large_image","twitter_site":"@schmolkecarbon","twitter_misc":{"Gesch\u00e4tzte Lesezeit":"3\u00a0Minuten"},"schema":{"@context":"https:\/\/schema.org","@graph":[{"@type":"WebPage","@id":"https:\/\/www.schmolke-carbon.com\/de\/produkt\/mtb-flatbar-tlo-2546\/","url":"https:\/\/www.schmolke-carbon.com\/de\/produkt\/mtb-flatbar-tlo-2546\/","name":"MTB Flatbar TLO 25,4 mm von Schmolke Carbon","isPartOf":{"@id":"https:\/\/www.schmolke-carbon.com\/#website"},"primaryImageOfPage":{"@id":"https:\/\/www.schmolke-carbon.com\/de\/produkt\/mtb-flatbar-tlo-2546\/#primaryimage"},"image":{"@id":"https:\/\/www.schmolke-carbon.com\/de\/produkt\/mtb-flatbar-tlo-2546\/#primaryimage"},"thumbnailUrl":"https:\/\/www.schmolke-carbon.com\/wp-content\/uploads\/2016\/10\/BEN9132-scaled.jpg","datePublished":"2016-10-05T15:23:04+00:00","dateModified":"2025-12-19T12:24:04+00:00","description":"Klassische, im Wettkampf bew\u00e4hrte Carbonfaser-MTB-Flatbars, gefertigt in Deutschland von Stefan Schmolke.. Jetzt entdecken!","breadcrumb":{"@id":"https:\/\/www.schmolke-carbon.com\/de\/produkt\/mtb-flatbar-tlo-2546\/#breadcrumb"},"inLanguage":"de","potentialAction":[{"@type":"ReadAction","target":["https:\/\/www.schmolke-carbon.com\/de\/produkt\/mtb-flatbar-tlo-2546\/"]}]},{"@type":"ImageObject","inLanguage":"de","@id":"https:\/\/www.schmolke-carbon.com\/de\/produkt\/mtb-flatbar-tlo-2546\/#primaryimage","url":"https:\/\/www.schmolke-carbon.com\/wp-content\/uploads\/2016\/10\/BEN9132-scaled.jpg","contentUrl":"https:\/\/www.schmolke-carbon.com\/wp-content\/uploads\/2016\/10\/BEN9132-scaled.jpg","width":2560,"height":2560,"caption":"MTB Flatbar 25.4mm 6\u00b0 TLO 1K Team Edition"},{"@type":"BreadcrumbList","@id":"https:\/\/www.schmolke-carbon.com\/de\/produkt\/mtb-flatbar-tlo-2546\/#breadcrumb","itemListElement":[{"@type":"ListItem","position":1,"name":"Home","item":"https:\/\/www.schmolke-carbon.com\/de\/home\/"},{"@type":"ListItem","position":2,"name":"Produkte","item":"https:\/\/www.schmolke-carbon.com\/de\/products\/"},{"@type":"ListItem","position":3,"name":"MTB Flatbar TLO 25,4 mm"}]},{"@type":"WebSite","@id":"https:\/\/www.schmolke-carbon.com\/#website","url":"https:\/\/www.schmolke-carbon.com\/","name":"Schmolke Carbon","description":"Custom Lightweight products - Hand made in Germany - since 1992","publisher":{"@id":"https:\/\/www.schmolke-carbon.com\/#organization"},"potentialAction":[{"@type":"SearchAction","target":{"@type":"EntryPoint","urlTemplate":"https:\/\/www.schmolke-carbon.com\/?s={search_term_string}"},"query-input":{"@type":"PropertyValueSpecification","valueRequired":true,"valueName":"search_term_string"}}],"inLanguage":"de"},{"@type":"Organization","@id":"https:\/\/www.schmolke-carbon.com\/#organization","name":"Schmolke Carbon","url":"https:\/\/www.schmolke-carbon.com\/","logo":{"@type":"ImageObject","inLanguage":"de","@id":"https:\/\/www.schmolke-carbon.com\/#\/schema\/logo\/image\/","url":"https:\/\/www.schmolke-carbon.com\/wp-content\/uploads\/2017\/03\/Schmolke-Carbon-Logo.jpg","contentUrl":"https:\/\/www.schmolke-carbon.com\/wp-content\/uploads\/2017\/03\/Schmolke-Carbon-Logo.jpg","width":327,"height":335,"caption":"Schmolke Carbon"},"image":{"@id":"https:\/\/www.schmolke-carbon.com\/#\/schema\/logo\/image\/"},"sameAs":["https:\/\/www.facebook.com\/SchmolkeCarbon","https:\/\/x.com\/schmolkecarbon","https:\/\/www.instagram.com\/schmolkecarbon\/"]}]}},"_links":{"self":[{"href":"https:\/\/www.schmolke-carbon.com\/de\/wp-json\/wp\/v2\/product\/1934","targetHints":{"allow":["GET"]}}],"collection":[{"href":"https:\/\/www.schmolke-carbon.com\/de\/wp-json\/wp\/v2\/product"}],"about":[{"href":"https:\/\/www.schmolke-carbon.com\/de\/wp-json\/wp\/v2\/types\/product"}],"replies":[{"embeddable":true,"href":"https:\/\/www.schmolke-carbon.com\/de\/wp-json\/wp\/v2\/comments?post=1934"}],"wp:featuredmedia":[{"embeddable":true,"href":"https:\/\/www.schmolke-carbon.com\/de\/wp-json\/wp\/v2\/media\/56750"}],"wp:attachment":[{"href":"https:\/\/www.schmolke-carbon.com\/de\/wp-json\/wp\/v2\/media?parent=1934"}],"wp:term":[{"taxonomy":"product_brand","embeddable":true,"href":"https:\/\/www.schmolke-carbon.com\/de\/wp-json\/wp\/v2\/product_brand?post=1934"},{"taxonomy":"product_cat","embeddable":true,"href":"https:\/\/www.schmolke-carbon.com\/de\/wp-json\/wp\/v2\/product_cat?post=1934"},{"taxonomy":"product_tag","embeddable":true,"href":"https:\/\/www.schmolke-carbon.com\/de\/wp-json\/wp\/v2\/product_tag?post=1934"}],"curies":[{"name":"wp","href":"https:\/\/api.w.org\/{rel}","templated":true}]}}