{"id":90220,"date":"2025-10-21T13:05:36","date_gmt":"2025-10-21T11:05:36","guid":{"rendered":"https:\/\/www.schmolke-carbon.com\/produkte\/laufraeder-felgen\/"},"modified":"2025-10-21T13:05:37","modified_gmt":"2025-10-21T11:05:37","slug":"laufraeder-felgen","status":"publish","type":"page","link":"https:\/\/www.schmolke-carbon.com\/de\/produkte\/laufraeder-felgen\/","title":{"rendered":"Laufr\u00e4der \/ Felgen"},"content":{"rendered":"\t\t<div data-elementor-type=\"wp-page\" data-elementor-id=\"90220\" class=\"elementor elementor-90220 elementor-59755\" data-elementor-post-type=\"page\">\n\t\t\t\t\t\t<section class=\"elementor-section elementor-top-section elementor-element elementor-element-d10c3f0 elementor-section-full_width shadow-bottom elementor-section-height-default elementor-section-height-default\" data-id=\"d10c3f0\" data-element_type=\"section\">\n\t\t\t\t\t\t<div class=\"elementor-container elementor-column-gap-default\">\n\t\t\t\t\t<div class=\"elementor-column elementor-col-100 elementor-top-column elementor-element elementor-element-3c8d4bae\" data-id=\"3c8d4bae\" data-element_type=\"column\">\n\t\t\t<div class=\"elementor-widget-wrap elementor-element-populated\">\n\t\t\t\t\t\t<div class=\"elementor-element elementor-element-113756a9 elementor-widget elementor-widget-image\" data-id=\"113756a9\" data-element_type=\"widget\" data-widget_type=\"image.default\">\n\t\t\t\t<div class=\"elementor-widget-container\">\n\t\t\t\t\t\t\t\t\t\t\t\t\t\t\t<img fetchpriority=\"high\" decoding=\"async\" width=\"800\" height=\"266\" src=\"https:\/\/www.schmolke-carbon.com\/wp-content\/uploads\/2022\/03\/Wheelset-banner-web-1024x341.jpg\" class=\"attachment-large size-large wp-image-46415\" alt=\"\" srcset=\"https:\/\/www.schmolke-carbon.com\/wp-content\/uploads\/2022\/03\/Wheelset-banner-web-1024x341.jpg 1024w, https:\/\/www.schmolke-carbon.com\/wp-content\/uploads\/2022\/03\/Wheelset-banner-web-scaled-400x133.jpg 400w, https:\/\/www.schmolke-carbon.com\/wp-content\/uploads\/2022\/03\/Wheelset-banner-web-300x100.jpg 300w, https:\/\/www.schmolke-carbon.com\/wp-content\/uploads\/2022\/03\/Wheelset-banner-web-768x256.jpg 768w, https:\/\/www.schmolke-carbon.com\/wp-content\/uploads\/2022\/03\/Wheelset-banner-web-1536x512.jpg 1536w, https:\/\/www.schmolke-carbon.com\/wp-content\/uploads\/2022\/03\/Wheelset-banner-web-2048x683.jpg 2048w\" sizes=\"(max-width: 800px) 100vw, 800px\" \/>\t\t\t\t\t\t\t\t\t\t\t\t\t\t\t<\/div>\n\t\t\t\t<\/div>\n\t\t\t\t<div class=\"elementor-element elementor-element-7d1a7d31 elementor-widget__width-auto elementor-absolute elementor-widget elementor-widget-html\" data-id=\"7d1a7d31\" data-element_type=\"widget\" data-settings=\"{&quot;_position&quot;:&quot;absolute&quot;}\" data-widget_type=\"html.default\">\n\t\t\t\t<div class=\"elementor-widget-container\">\n\t\t\t\t\t<div class=\"hero-button-wrapper\">\n    <div class=\"hero-button\">\n        <h1 class=\"headline\">\n Carbon Laufr\u00e4der &amp; Felgen\n        <\/h1>\n    <\/div>\n<\/div>\t\t\t\t<\/div>\n\t\t\t\t<\/div>\n\t\t\t\t\t<\/div>\n\t\t<\/div>\n\t\t\t\t\t<\/div>\n\t\t<\/section>\n\t\t\t\t<section class=\"elementor-section elementor-top-section elementor-element elementor-element-40a43062 elementor-section-boxed elementor-section-height-default elementor-section-height-default\" data-id=\"40a43062\" data-element_type=\"section\">\n\t\t\t\t\t\t<div class=\"elementor-container elementor-column-gap-default\">\n\t\t\t\t\t<div class=\"elementor-column elementor-col-100 elementor-top-column elementor-element elementor-element-3882e24d\" data-id=\"3882e24d\" data-element_type=\"column\">\n\t\t\t<div class=\"elementor-widget-wrap elementor-element-populated\">\n\t\t\t\t\t\t<div class=\"elementor-element elementor-element-4746a71f elementor-widget elementor-widget-woocommerce-notices\" data-id=\"4746a71f\" data-element_type=\"widget\" data-widget_type=\"woocommerce-notices.default\">\n\t\t\t\t<div class=\"elementor-widget-container\">\n\t\t\t\t\t\t\t<style>\n\t\t\t.woocommerce-notices-wrapper,\n\t\t\t.woocommerce-message,\n\t\t\t.woocommerce-error,\n\t\t\t.woocommerce-info {\n\t\t\t\tdisplay: none;\n\t\t\t}\n\t\t<\/style>\n\t\t\t\t\t<div class=\"e-woocommerce-notices-wrapper e-woocommerce-notices-wrapper-loading\">\n\t\t\t\t<div class=\"woocommerce-notices-wrapper\"><\/div>\t\t\t<\/div>\n\t\t\t\t\t\t\t<\/div>\n\t\t\t\t<\/div>\n\t\t\t\t<div class=\"elementor-element elementor-element-3630fae5 elementor-widget__width-initial elementor-widget elementor-widget-woocommerce-breadcrumb\" data-id=\"3630fae5\" data-element_type=\"widget\" data-widget_type=\"woocommerce-breadcrumb.default\">\n\t\t\t\t<div class=\"elementor-widget-container\">\n\t\t\t\t\t<nav class=\"woocommerce-breadcrumb\" aria-label=\"Breadcrumb\">Start<\/nav>\t\t\t\t<\/div>\n\t\t\t\t<\/div>\n\t\t\t\t<div class=\"elementor-element elementor-element-1fe8a74a legal elementor-widget elementor-widget-text-editor\" data-id=\"1fe8a74a\" data-element_type=\"widget\" data-widget_type=\"text-editor.default\">\n\t\t\t\t<div class=\"elementor-widget-container\">\n\t\t\t\t\t\t\t\t\t<h2>Maximale Aerodynamik mit Carbon-Laufrads\u00e4tzen und -Felgen f\u00fcr Rennr\u00e4der, Gravelbikes und MTBs.<br><\/h2>\n<p>Gewicht ist der Schl\u00fcssel zu maximaler Leistung. Schmolke Carbon setzt auf eine optimierte Webtechnik: Ein durchgehender Carbonfaden sorgt f\u00fcr h\u00f6here Steifigkeit und bessere Performance der Laufrads\u00e4tze \u2013 das perfekte Gleichgewicht zwischen Leichtigkeit, Stabilit\u00e4t und Kraft. Jeder hochwertige Carbon-Laufradsatz wird bei Schmolke in Deutschland gefertigt, w\u00e4hrend viele andere Hersteller in Asien produzieren. Wir bauen und zentrieren alle unsere Laufrads\u00e4tze vollst\u00e4ndig im eigenen Haus und \u00fcberwachen jeden einzelnen Schritt, um kompromisslose Qualit\u00e4t und maximale Performance f\u00fcr jeden Carbon-Laufradsatz und jede Carbon-Felge sicherzustellen.<br>Den Unterschied sp\u00fcrst du sofort!     <\/p>\t\t\t\t\t\t\t\t<\/div>\n\t\t\t\t<\/div>\n\t\t\t\t<div class=\"elementor-element elementor-element-16f5afd1 elementor-widget elementor-widget-spacer\" data-id=\"16f5afd1\" data-element_type=\"widget\" data-widget_type=\"spacer.default\">\n\t\t\t\t<div class=\"elementor-widget-container\">\n\t\t\t\t\t\t\t<div class=\"elementor-spacer\">\n\t\t\t<div class=\"elementor-spacer-inner\"><\/div>\n\t\t<\/div>\n\t\t\t\t\t\t<\/div>\n\t\t\t\t<\/div>\n\t\t\t\t<div class=\"elementor-element elementor-element-2ff57df elementor-grid-3 elementor-grid-tablet-3 elementor-grid-mobile-1 pp-woo--align-left pp-sale-badge-custom elementor-widget elementor-widget-pp-woo-products\" data-id=\"2ff57df\" data-element_type=\"widget\" data-settings=\"{&quot;products_columns&quot;:&quot;3&quot;,&quot;products_columns_tablet&quot;:&quot;3&quot;,&quot;products_columns_mobile&quot;:&quot;1&quot;}\" data-widget_type=\"pp-woo-products.skin-1\">\n\t\t\t\t<div class=\"elementor-widget-container\">\n\t\t\t\t\t\t\t<div class=\"pp-wooproducts-empty\">\n\t\t\t<p>No products were found matching your selection.<\/p>\n\t\t<\/div>\n\t\t\t\t\t\t<\/div>\n\t\t\t\t<\/div>\n\t\t\t\t<div class=\"elementor-element elementor-element-37fe7e7c elementor-widget elementor-widget-spacer\" data-id=\"37fe7e7c\" data-element_type=\"widget\" data-widget_type=\"spacer.default\">\n\t\t\t\t<div class=\"elementor-widget-container\">\n\t\t\t\t\t\t\t<div class=\"elementor-spacer\">\n\t\t\t<div class=\"elementor-spacer-inner\"><\/div>\n\t\t<\/div>\n\t\t\t\t\t\t<\/div>\n\t\t\t\t<\/div>\n\t\t\t\t<div class=\"elementor-element elementor-element-13f406d0 legal elementor-widget elementor-widget-text-editor\" data-id=\"13f406d0\" data-element_type=\"widget\" data-widget_type=\"text-editor.default\">\n\t\t\t\t<div class=\"elementor-widget-container\">\n\t\t\t\t\t\t\t\t\t<h2><strong>Modelle und Eigenschaften<\/strong><\/h2>\n<p>In unserem Sortiment gibt es nicht nur einen einzigen Carbon-Laufradsatz. Alle Schmolke-Carbon-Laufrads\u00e4tze und -Felgen sind auf spezielle Einsatzbereiche und Eigenschaften abgestimmt. Die folgenden Carbon-Laufrads\u00e4tze und -Felgenoptionen bieten unterschiedliche Eigenschaften f\u00fcr den Einsatz am Rennrad, Mountainbike und Gravelbike:  <\/p>\n<ul>\n<li>Tubeless Ready<\/li>\n<li>Clincher<\/li>\n<li>Tubular<\/li>\n<li>Felgenbremse<\/li>\n<li>Scheibenbremse<\/li>\n<\/ul>\n<p>Schmolke Carbon kann auf \u00fcber 33 Jahre Erfahrung und Know-how im Umgang mit Carbon zur\u00fcckgreifen, um die bestm\u00f6glichen Ergebnisse zu erzielen:<\/p>\n<ul>\n<li>Alle Carbonfelgen und Carbon-Laufrads\u00e4tze sind sehr leicht und daher ideal f\u00fcr anspruchsvolle Kletterpassagen geeignet.<\/li>\n<li>Hervorragende aerodynamische Eigenschaften.<\/li>\n<li>Felgenbrems-Laufr\u00e4der bieten eine sehr gute Bremsleistung.<\/li>\n<li>Alle unsere Felgen und Laufrads\u00e4tze sind unlackiert, um unn\u00f6tiges Gewicht zu vermeiden. Alle SCHMOLKE Carbon-Felgen sind von h\u00f6chster Qualit\u00e4t \u2013 jeder noch so kleine Mangel w\u00e4re sichtbar. <\/li>\n<\/ul>\t\t\t\t\t\t\t\t<\/div>\n\t\t\t\t<\/div>\n\t\t\t\t\t<\/div>\n\t\t<\/div>\n\t\t\t\t\t<\/div>\n\t\t<\/section>\n\t\t\t\t<\/div>\n\t\t","protected":false},"excerpt":{"rendered":"<p>Carbon Laufr\u00e4der &amp; Felgen Maximale Aerodynamik mit Carbon-Laufrads\u00e4tzen und -Felgen f\u00fcr Rennr\u00e4der, Gravelbikes und MTBs. Gewicht ist der Schl\u00fcssel zu maximaler Leistung. Schmolke Carbon setzt auf eine optimierte Webtechnik: Ein durchgehender Carbonfaden sorgt f\u00fcr h\u00f6here Steifigkeit und bessere Performance der Laufrads\u00e4tze \u2013 das perfekte Gleichgewicht zwischen Leichtigkeit, Stabilit\u00e4t und Kraft. Jeder hochwertige Carbon-Laufradsatz wird bei [&hellip;]<\/p>\n","protected":false},"author":1618,"featured_media":0,"parent":60495,"menu_order":0,"comment_status":"closed","ping_status":"closed","template":"","meta":{"_acf_changed":false,"footnotes":""},"class_list":["post-90220","page","type-page","status-publish","hentry"],"acf":[],"yoast_head":"<!-- This site is optimized with the Yoast SEO plugin v27.4 - https:\/\/yoast.com\/product\/yoast-seo-wordpress\/ -->\n<title>Laufr\u00e4der \/ Felgen - Schmolke Carbon<\/title>\n<meta name=\"description\" content=\"SCHMOLKE Carbon-Felgen: leicht, stark und \u00e4u\u00dferst langlebig. Made in Germany. 3 Jahre Garantie plus Crash Replacement. Registriere jetzt dein neues Produkt!\" \/>\n<meta name=\"robots\" content=\"index, follow, max-snippet:-1, max-image-preview:large, max-video-preview:-1\" \/>\n<link rel=\"canonical\" href=\"https:\/\/www.schmolke-carbon.com\/de\/produkte\/laufraeder-felgen\/\" \/>\n<meta property=\"og:locale\" content=\"de_DE\" \/>\n<meta property=\"og:type\" content=\"article\" \/>\n<meta property=\"og:title\" content=\"Laufr\u00e4der \/ Felgen - Schmolke Carbon\" \/>\n<meta property=\"og:description\" content=\"SCHMOLKE Carbon-Felgen: leicht, stark und \u00e4u\u00dferst langlebig. Made in Germany. 3 Jahre Garantie plus Crash Replacement. Registriere jetzt dein neues Produkt!\" \/>\n<meta property=\"og:url\" content=\"https:\/\/www.schmolke-carbon.com\/de\/produkte\/laufraeder-felgen\/\" \/>\n<meta property=\"og:site_name\" content=\"Schmolke Carbon\" \/>\n<meta property=\"article:publisher\" content=\"https:\/\/www.facebook.com\/SchmolkeCarbon\" \/>\n<meta property=\"article:modified_time\" content=\"2025-10-21T11:05:37+00:00\" \/>\n<meta property=\"og:image\" content=\"https:\/\/www.schmolke-carbon.com\/wp-content\/uploads\/2022\/03\/Wheelset-banner-web-scaled.jpg\" \/>\n\t<meta property=\"og:image:width\" content=\"2560\" \/>\n\t<meta property=\"og:image:height\" content=\"853\" \/>\n\t<meta property=\"og:image:type\" content=\"image\/jpeg\" \/>\n<meta name=\"twitter:card\" content=\"summary_large_image\" \/>\n<meta name=\"twitter:site\" content=\"@schmolkecarbon\" \/>\n<meta name=\"twitter:label1\" content=\"Gesch\u00e4tzte Lesezeit\" \/>\n\t<meta name=\"twitter:data1\" content=\"1\u00a0Minute\" \/>\n<script type=\"application\/ld+json\" class=\"yoast-schema-graph\">{\"@context\":\"https:\\\/\\\/schema.org\",\"@graph\":[{\"@type\":\"WebPage\",\"@id\":\"https:\\\/\\\/www.schmolke-carbon.com\\\/de\\\/produkte\\\/laufraeder-felgen\\\/\",\"url\":\"https:\\\/\\\/www.schmolke-carbon.com\\\/de\\\/produkte\\\/laufraeder-felgen\\\/\",\"name\":\"Laufr\u00e4der \\\/ Felgen - Schmolke Carbon\",\"isPartOf\":{\"@id\":\"https:\\\/\\\/www.schmolke-carbon.com\\\/#website\"},\"primaryImageOfPage\":{\"@id\":\"https:\\\/\\\/www.schmolke-carbon.com\\\/de\\\/produkte\\\/laufraeder-felgen\\\/#primaryimage\"},\"image\":{\"@id\":\"https:\\\/\\\/www.schmolke-carbon.com\\\/de\\\/produkte\\\/laufraeder-felgen\\\/#primaryimage\"},\"thumbnailUrl\":\"https:\\\/\\\/www.schmolke-carbon.com\\\/wp-content\\\/uploads\\\/2022\\\/03\\\/Wheelset-banner-web-1024x341.jpg\",\"datePublished\":\"2025-10-21T11:05:36+00:00\",\"dateModified\":\"2025-10-21T11:05:37+00:00\",\"description\":\"SCHMOLKE Carbon-Felgen: leicht, stark und \u00e4u\u00dferst langlebig. Made in Germany. 3 Jahre Garantie plus Crash Replacement. Registriere jetzt dein neues Produkt!\",\"breadcrumb\":{\"@id\":\"https:\\\/\\\/www.schmolke-carbon.com\\\/de\\\/produkte\\\/laufraeder-felgen\\\/#breadcrumb\"},\"inLanguage\":\"de\",\"potentialAction\":[{\"@type\":\"ReadAction\",\"target\":[\"https:\\\/\\\/www.schmolke-carbon.com\\\/de\\\/produkte\\\/laufraeder-felgen\\\/\"]}]},{\"@type\":\"ImageObject\",\"inLanguage\":\"de\",\"@id\":\"https:\\\/\\\/www.schmolke-carbon.com\\\/de\\\/produkte\\\/laufraeder-felgen\\\/#primaryimage\",\"url\":\"https:\\\/\\\/www.schmolke-carbon.com\\\/wp-content\\\/uploads\\\/2022\\\/03\\\/Wheelset-banner-web-1024x341.jpg\",\"contentUrl\":\"https:\\\/\\\/www.schmolke-carbon.com\\\/wp-content\\\/uploads\\\/2022\\\/03\\\/Wheelset-banner-web-1024x341.jpg\"},{\"@type\":\"BreadcrumbList\",\"@id\":\"https:\\\/\\\/www.schmolke-carbon.com\\\/de\\\/produkte\\\/laufraeder-felgen\\\/#breadcrumb\",\"itemListElement\":[{\"@type\":\"ListItem\",\"position\":1,\"name\":\"Home\",\"item\":\"https:\\\/\\\/www.schmolke-carbon.com\\\/de\\\/home\\\/\"},{\"@type\":\"ListItem\",\"position\":2,\"name\":\"Produkte\",\"item\":\"https:\\\/\\\/www.schmolke-carbon.com\\\/de\\\/produkte\\\/\"},{\"@type\":\"ListItem\",\"position\":3,\"name\":\"Laufr\u00e4der \\\/ Felgen\"}]},{\"@type\":\"WebSite\",\"@id\":\"https:\\\/\\\/www.schmolke-carbon.com\\\/#website\",\"url\":\"https:\\\/\\\/www.schmolke-carbon.com\\\/\",\"name\":\"Schmolke Carbon\",\"description\":\"Custom Lightweight products - Hand made in Germany - since 1992\",\"publisher\":{\"@id\":\"https:\\\/\\\/www.schmolke-carbon.com\\\/#organization\"},\"potentialAction\":[{\"@type\":\"SearchAction\",\"target\":{\"@type\":\"EntryPoint\",\"urlTemplate\":\"https:\\\/\\\/www.schmolke-carbon.com\\\/?s={search_term_string}\"},\"query-input\":{\"@type\":\"PropertyValueSpecification\",\"valueRequired\":true,\"valueName\":\"search_term_string\"}}],\"inLanguage\":\"de\"},{\"@type\":\"Organization\",\"@id\":\"https:\\\/\\\/www.schmolke-carbon.com\\\/#organization\",\"name\":\"Schmolke Carbon\",\"url\":\"https:\\\/\\\/www.schmolke-carbon.com\\\/\",\"logo\":{\"@type\":\"ImageObject\",\"inLanguage\":\"de\",\"@id\":\"https:\\\/\\\/www.schmolke-carbon.com\\\/#\\\/schema\\\/logo\\\/image\\\/\",\"url\":\"https:\\\/\\\/www.schmolke-carbon.com\\\/wp-content\\\/uploads\\\/2017\\\/03\\\/Schmolke-Carbon-Logo.jpg\",\"contentUrl\":\"https:\\\/\\\/www.schmolke-carbon.com\\\/wp-content\\\/uploads\\\/2017\\\/03\\\/Schmolke-Carbon-Logo.jpg\",\"width\":327,\"height\":335,\"caption\":\"Schmolke Carbon\"},\"image\":{\"@id\":\"https:\\\/\\\/www.schmolke-carbon.com\\\/#\\\/schema\\\/logo\\\/image\\\/\"},\"sameAs\":[\"https:\\\/\\\/www.facebook.com\\\/SchmolkeCarbon\",\"https:\\\/\\\/x.com\\\/schmolkecarbon\",\"https:\\\/\\\/www.instagram.com\\\/schmolkecarbon\\\/\"]}]}<\/script>\n<!-- \/ Yoast SEO plugin. -->","yoast_head_json":{"title":"Laufr\u00e4der \/ Felgen - Schmolke Carbon","description":"SCHMOLKE Carbon-Felgen: leicht, stark und \u00e4u\u00dferst langlebig. Made in Germany. 3 Jahre Garantie plus Crash Replacement. Registriere jetzt dein neues Produkt!","robots":{"index":"index","follow":"follow","max-snippet":"max-snippet:-1","max-image-preview":"max-image-preview:large","max-video-preview":"max-video-preview:-1"},"canonical":"https:\/\/www.schmolke-carbon.com\/de\/produkte\/laufraeder-felgen\/","og_locale":"de_DE","og_type":"article","og_title":"Laufr\u00e4der \/ Felgen - Schmolke Carbon","og_description":"SCHMOLKE Carbon-Felgen: leicht, stark und \u00e4u\u00dferst langlebig. Made in Germany. 3 Jahre Garantie plus Crash Replacement. Registriere jetzt dein neues Produkt!","og_url":"https:\/\/www.schmolke-carbon.com\/de\/produkte\/laufraeder-felgen\/","og_site_name":"Schmolke Carbon","article_publisher":"https:\/\/www.facebook.com\/SchmolkeCarbon","article_modified_time":"2025-10-21T11:05:37+00:00","og_image":[{"width":2560,"height":853,"url":"https:\/\/www.schmolke-carbon.com\/wp-content\/uploads\/2022\/03\/Wheelset-banner-web-scaled.jpg","type":"image\/jpeg"}],"twitter_card":"summary_large_image","twitter_site":"@schmolkecarbon","twitter_misc":{"Gesch\u00e4tzte Lesezeit":"1\u00a0Minute"},"schema":{"@context":"https:\/\/schema.org","@graph":[{"@type":"WebPage","@id":"https:\/\/www.schmolke-carbon.com\/de\/produkte\/laufraeder-felgen\/","url":"https:\/\/www.schmolke-carbon.com\/de\/produkte\/laufraeder-felgen\/","name":"Laufr\u00e4der \/ Felgen - Schmolke Carbon","isPartOf":{"@id":"https:\/\/www.schmolke-carbon.com\/#website"},"primaryImageOfPage":{"@id":"https:\/\/www.schmolke-carbon.com\/de\/produkte\/laufraeder-felgen\/#primaryimage"},"image":{"@id":"https:\/\/www.schmolke-carbon.com\/de\/produkte\/laufraeder-felgen\/#primaryimage"},"thumbnailUrl":"https:\/\/www.schmolke-carbon.com\/wp-content\/uploads\/2022\/03\/Wheelset-banner-web-1024x341.jpg","datePublished":"2025-10-21T11:05:36+00:00","dateModified":"2025-10-21T11:05:37+00:00","description":"SCHMOLKE Carbon-Felgen: leicht, stark und \u00e4u\u00dferst langlebig. Made in Germany. 3 Jahre Garantie plus Crash Replacement. Registriere jetzt dein neues Produkt!","breadcrumb":{"@id":"https:\/\/www.schmolke-carbon.com\/de\/produkte\/laufraeder-felgen\/#breadcrumb"},"inLanguage":"de","potentialAction":[{"@type":"ReadAction","target":["https:\/\/www.schmolke-carbon.com\/de\/produkte\/laufraeder-felgen\/"]}]},{"@type":"ImageObject","inLanguage":"de","@id":"https:\/\/www.schmolke-carbon.com\/de\/produkte\/laufraeder-felgen\/#primaryimage","url":"https:\/\/www.schmolke-carbon.com\/wp-content\/uploads\/2022\/03\/Wheelset-banner-web-1024x341.jpg","contentUrl":"https:\/\/www.schmolke-carbon.com\/wp-content\/uploads\/2022\/03\/Wheelset-banner-web-1024x341.jpg"},{"@type":"BreadcrumbList","@id":"https:\/\/www.schmolke-carbon.com\/de\/produkte\/laufraeder-felgen\/#breadcrumb","itemListElement":[{"@type":"ListItem","position":1,"name":"Home","item":"https:\/\/www.schmolke-carbon.com\/de\/home\/"},{"@type":"ListItem","position":2,"name":"Produkte","item":"https:\/\/www.schmolke-carbon.com\/de\/produkte\/"},{"@type":"ListItem","position":3,"name":"Laufr\u00e4der \/ Felgen"}]},{"@type":"WebSite","@id":"https:\/\/www.schmolke-carbon.com\/#website","url":"https:\/\/www.schmolke-carbon.com\/","name":"Schmolke Carbon","description":"Custom Lightweight products - Hand made in Germany - since 1992","publisher":{"@id":"https:\/\/www.schmolke-carbon.com\/#organization"},"potentialAction":[{"@type":"SearchAction","target":{"@type":"EntryPoint","urlTemplate":"https:\/\/www.schmolke-carbon.com\/?s={search_term_string}"},"query-input":{"@type":"PropertyValueSpecification","valueRequired":true,"valueName":"search_term_string"}}],"inLanguage":"de"},{"@type":"Organization","@id":"https:\/\/www.schmolke-carbon.com\/#organization","name":"Schmolke Carbon","url":"https:\/\/www.schmolke-carbon.com\/","logo":{"@type":"ImageObject","inLanguage":"de","@id":"https:\/\/www.schmolke-carbon.com\/#\/schema\/logo\/image\/","url":"https:\/\/www.schmolke-carbon.com\/wp-content\/uploads\/2017\/03\/Schmolke-Carbon-Logo.jpg","contentUrl":"https:\/\/www.schmolke-carbon.com\/wp-content\/uploads\/2017\/03\/Schmolke-Carbon-Logo.jpg","width":327,"height":335,"caption":"Schmolke Carbon"},"image":{"@id":"https:\/\/www.schmolke-carbon.com\/#\/schema\/logo\/image\/"},"sameAs":["https:\/\/www.facebook.com\/SchmolkeCarbon","https:\/\/x.com\/schmolkecarbon","https:\/\/www.instagram.com\/schmolkecarbon\/"]}]}},"_links":{"self":[{"href":"https:\/\/www.schmolke-carbon.com\/de\/wp-json\/wp\/v2\/pages\/90220","targetHints":{"allow":["GET"]}}],"collection":[{"href":"https:\/\/www.schmolke-carbon.com\/de\/wp-json\/wp\/v2\/pages"}],"about":[{"href":"https:\/\/www.schmolke-carbon.com\/de\/wp-json\/wp\/v2\/types\/page"}],"author":[{"embeddable":true,"href":"https:\/\/www.schmolke-carbon.com\/de\/wp-json\/wp\/v2\/users\/1618"}],"replies":[{"embeddable":true,"href":"https:\/\/www.schmolke-carbon.com\/de\/wp-json\/wp\/v2\/comments?post=90220"}],"version-history":[{"count":1,"href":"https:\/\/www.schmolke-carbon.com\/de\/wp-json\/wp\/v2\/pages\/90220\/revisions"}],"predecessor-version":[{"id":90221,"href":"https:\/\/www.schmolke-carbon.com\/de\/wp-json\/wp\/v2\/pages\/90220\/revisions\/90221"}],"up":[{"embeddable":true,"href":"https:\/\/www.schmolke-carbon.com\/de\/wp-json\/wp\/v2\/pages\/60495"}],"wp:attachment":[{"href":"https:\/\/www.schmolke-carbon.com\/de\/wp-json\/wp\/v2\/media?parent=90220"}],"curies":[{"name":"wp","href":"https:\/\/api.w.org\/{rel}","templated":true}]}}